{"id":4798,"date":"2025-08-12T12:15:09","date_gmt":"2025-08-12T09:15:09","guid":{"rendered":"https:\/\/www.oneconcept.ro\/?post_type=product&#038;p=4798"},"modified":"2025-08-12T12:15:10","modified_gmt":"2025-08-12T09:15:10","slug":"centrala-de-ventilatie-80000-m3-h-certificare-eurovent","status":"publish","type":"product","link":"https:\/\/www.oneconcept.ro\/en\/product\/centrala-de-ventilatie-80000-m3-h-certificare-eurovent\/","title":{"rendered":"Centrala de ventilatie 80000 m3\/h , certificare EUROVENT"},"content":{"rendered":"<p>Centrala de ventilatie a aerului TC Premium Line 8 H x 16 W [8000 RHE CWC HWC DCM], conform\u0103 cu directivele europene ErP. UTA este proiectat\u0103 pentru un debit de 80.000 m\u00b3\/h. Documentul centralei include scheme, date tehnice, clasific\u0103ri ale propriet\u0103\u021bilor mecanice, accesorii, informa\u021bii despre filtre, detalii despre recuperatorul de c\u0103ldur\u0103 rotativ, specifica\u021bii ale modulului de amestec, detalii despre ventilatoare (de alimentare \u0219i evacuare), specifica\u021bii ale bateriilor (de r\u0103cire \u0219i \u00eenc\u0103lzire), dimensiuni de \u00eenc\u0103rcare \u0219i cerin\u021be Ecodesign.<\/p>\n","protected":false},"excerpt":{"rendered":"<p>Centrala de ventilatie a aerului TC Premium Line 8 H x 16 W [8000 RHE CWC HWC DCM], conform\u0103 cu directivele europene ErP. UTA este proiectat\u0103 pentru un debit de 80.000 m\u00b3\/h. Documentul centralei include scheme, date tehnice, clasific\u0103ri ale propriet\u0103\u021bilor mecanice, accesorii, informa\u021bii despre filtre, detalii despre recuperatorul de c\u0103ldur\u0103 rotativ, specifica\u021bii ale modulului [&hellip;]<\/p>\n","protected":false},"featured_media":0,"comment_status":"open","ping_status":"closed","template":"","meta":{"_acf_changed":false},"product_brand":[],"product_cat":[472],"product_tag":[565,564,563],"class_list":{"0":"post-4798","1":"product","2":"type-product","3":"status-publish","5":"product_cat-sisteme-de-climatizare-comerciale","6":"product_tag-aer-proaspat","7":"product_tag-ahu","8":"product_tag-cta","10":"first","11":"instock","12":"taxable","13":"shipping-taxable","14":"product-type-simple"},"acf":[],"yoast_head":"<!-- This site is optimized with the Yoast SEO plugin v27.1 - https:\/\/yoast.com\/product\/yoast-seo-wordpress\/ -->\n<title>Centrala de ventilatie 80000 m3\/h , certificare EUROVENT - One Concept<\/title>\n<meta name=\"description\" content=\"Centrala de tratare aer pentru spatii comerciale, industriale si cladiri publice. Debit de pana la 80000 m3\/h.\" \/>\n<meta name=\"robots\" content=\"index, follow, max-snippet:-1, max-image-preview:large, max-video-preview:-1\" \/>\n<link rel=\"canonical\" href=\"https:\/\/www.oneconcept.ro\/en\/product\/centrala-de-ventilatie-80000-m3-h-certificare-eurovent\/\" \/>\n<meta property=\"og:locale\" content=\"en_US\" \/>\n<meta property=\"og:type\" content=\"article\" \/>\n<meta property=\"og:title\" content=\"Centrala de ventilatie 80000 m3\/h , certificare EUROVENT - One Concept\" \/>\n<meta property=\"og:description\" content=\"Centrala de tratare aer pentru spatii comerciale, industriale si cladiri publice. Debit de pana la 80000 m3\/h.\" \/>\n<meta property=\"og:url\" content=\"https:\/\/www.oneconcept.ro\/en\/product\/centrala-de-ventilatie-80000-m3-h-certificare-eurovent\/\" \/>\n<meta property=\"og:site_name\" content=\"One Concept\" \/>\n<meta property=\"article:modified_time\" content=\"2025-08-12T09:15:10+00:00\" \/>\n<meta name=\"twitter:card\" content=\"summary_large_image\" \/>\n<meta name=\"twitter:label1\" content=\"Est. reading time\" \/>\n\t<meta name=\"twitter:data1\" content=\"1 minute\" \/>\n<script type=\"application\/ld+json\" class=\"yoast-schema-graph\">{\"@context\":\"https:\/\/schema.org\",\"@graph\":[{\"@type\":\"WebPage\",\"@id\":\"https:\/\/www.oneconcept.ro\/en\/product\/centrala-de-ventilatie-80000-m3-h-certificare-eurovent\/\",\"url\":\"https:\/\/www.oneconcept.ro\/en\/product\/centrala-de-ventilatie-80000-m3-h-certificare-eurovent\/\",\"name\":\"Centrala de ventilatie 80000 m3\/h , certificare EUROVENT - One Concept\",\"isPartOf\":{\"@id\":\"https:\/\/www.oneconcept.ro\/en\/#website\"},\"datePublished\":\"2025-08-12T09:15:09+00:00\",\"dateModified\":\"2025-08-12T09:15:10+00:00\",\"description\":\"Centrala de tratare aer pentru spatii comerciale, industriale si cladiri publice. Debit de pana la 80000 m3\/h.\",\"breadcrumb\":{\"@id\":\"https:\/\/www.oneconcept.ro\/en\/product\/centrala-de-ventilatie-80000-m3-h-certificare-eurovent\/#breadcrumb\"},\"inLanguage\":\"en-US\",\"potentialAction\":[{\"@type\":\"ReadAction\",\"target\":[\"https:\/\/www.oneconcept.ro\/en\/product\/centrala-de-ventilatie-80000-m3-h-certificare-eurovent\/\"]}]},{\"@type\":\"BreadcrumbList\",\"@id\":\"https:\/\/www.oneconcept.ro\/en\/product\/centrala-de-ventilatie-80000-m3-h-certificare-eurovent\/#breadcrumb\",\"itemListElement\":[{\"@type\":\"ListItem\",\"position\":1,\"name\":\"Prima pagin\u0103\",\"item\":\"https:\/\/www.oneconcept.ro\/en\/home\/\"},{\"@type\":\"ListItem\",\"position\":2,\"name\":\"Shop\",\"item\":\"https:\/\/www.oneconcept.ro\/en\/shop-2\/\"},{\"@type\":\"ListItem\",\"position\":3,\"name\":\"Centrala de ventilatie 80000 m3\/h , certificare EUROVENT\"}]},{\"@type\":\"WebSite\",\"@id\":\"https:\/\/www.oneconcept.ro\/en\/#website\",\"url\":\"https:\/\/www.oneconcept.ro\/en\/\",\"name\":\"One Concept\",\"description\":\"\",\"publisher\":{\"@id\":\"https:\/\/www.oneconcept.ro\/en\/#organization\"},\"potentialAction\":[{\"@type\":\"SearchAction\",\"target\":{\"@type\":\"EntryPoint\",\"urlTemplate\":\"https:\/\/www.oneconcept.ro\/en\/?s={search_term_string}\"},\"query-input\":{\"@type\":\"PropertyValueSpecification\",\"valueRequired\":true,\"valueName\":\"search_term_string\"}}],\"inLanguage\":\"en-US\"},{\"@type\":\"Organization\",\"@id\":\"https:\/\/www.oneconcept.ro\/en\/#organization\",\"name\":\"One Concept\",\"url\":\"https:\/\/www.oneconcept.ro\/en\/\",\"logo\":{\"@type\":\"ImageObject\",\"inLanguage\":\"en-US\",\"@id\":\"https:\/\/www.oneconcept.ro\/en\/#\/schema\/logo\/image\/\",\"url\":\"https:\/\/www.oneconcept.ro\/wp-content\/uploads\/2025\/07\/cropped-v1.png\",\"contentUrl\":\"https:\/\/www.oneconcept.ro\/wp-content\/uploads\/2025\/07\/cropped-v1.png\",\"width\":512,\"height\":512,\"caption\":\"One Concept\"},\"image\":{\"@id\":\"https:\/\/www.oneconcept.ro\/en\/#\/schema\/logo\/image\/\"}}]}<\/script>\n<!-- \/ Yoast SEO plugin. -->","yoast_head_json":{"title":"Centrala de ventilatie 80000 m3\/h , certificare EUROVENT - One Concept","description":"Centrala de tratare aer pentru spatii comerciale, industriale si cladiri publice. Debit de pana la 80000 m3\/h.","robots":{"index":"index","follow":"follow","max-snippet":"max-snippet:-1","max-image-preview":"max-image-preview:large","max-video-preview":"max-video-preview:-1"},"canonical":"https:\/\/www.oneconcept.ro\/en\/product\/centrala-de-ventilatie-80000-m3-h-certificare-eurovent\/","og_locale":"en_US","og_type":"article","og_title":"Centrala de ventilatie 80000 m3\/h , certificare EUROVENT - One Concept","og_description":"Centrala de tratare aer pentru spatii comerciale, industriale si cladiri publice. Debit de pana la 80000 m3\/h.","og_url":"https:\/\/www.oneconcept.ro\/en\/product\/centrala-de-ventilatie-80000-m3-h-certificare-eurovent\/","og_site_name":"One Concept","article_modified_time":"2025-08-12T09:15:10+00:00","twitter_card":"summary_large_image","twitter_misc":{"Est. reading time":"1 minute"},"schema":{"@context":"https:\/\/schema.org","@graph":[{"@type":"WebPage","@id":"https:\/\/www.oneconcept.ro\/en\/product\/centrala-de-ventilatie-80000-m3-h-certificare-eurovent\/","url":"https:\/\/www.oneconcept.ro\/en\/product\/centrala-de-ventilatie-80000-m3-h-certificare-eurovent\/","name":"Centrala de ventilatie 80000 m3\/h , certificare EUROVENT - One Concept","isPartOf":{"@id":"https:\/\/www.oneconcept.ro\/en\/#website"},"datePublished":"2025-08-12T09:15:09+00:00","dateModified":"2025-08-12T09:15:10+00:00","description":"Centrala de tratare aer pentru spatii comerciale, industriale si cladiri publice. Debit de pana la 80000 m3\/h.","breadcrumb":{"@id":"https:\/\/www.oneconcept.ro\/en\/product\/centrala-de-ventilatie-80000-m3-h-certificare-eurovent\/#breadcrumb"},"inLanguage":"en-US","potentialAction":[{"@type":"ReadAction","target":["https:\/\/www.oneconcept.ro\/en\/product\/centrala-de-ventilatie-80000-m3-h-certificare-eurovent\/"]}]},{"@type":"BreadcrumbList","@id":"https:\/\/www.oneconcept.ro\/en\/product\/centrala-de-ventilatie-80000-m3-h-certificare-eurovent\/#breadcrumb","itemListElement":[{"@type":"ListItem","position":1,"name":"Prima pagin\u0103","item":"https:\/\/www.oneconcept.ro\/en\/home\/"},{"@type":"ListItem","position":2,"name":"Shop","item":"https:\/\/www.oneconcept.ro\/en\/shop-2\/"},{"@type":"ListItem","position":3,"name":"Centrala de ventilatie 80000 m3\/h , certificare EUROVENT"}]},{"@type":"WebSite","@id":"https:\/\/www.oneconcept.ro\/en\/#website","url":"https:\/\/www.oneconcept.ro\/en\/","name":"One Concept","description":"","publisher":{"@id":"https:\/\/www.oneconcept.ro\/en\/#organization"},"potentialAction":[{"@type":"SearchAction","target":{"@type":"EntryPoint","urlTemplate":"https:\/\/www.oneconcept.ro\/en\/?s={search_term_string}"},"query-input":{"@type":"PropertyValueSpecification","valueRequired":true,"valueName":"search_term_string"}}],"inLanguage":"en-US"},{"@type":"Organization","@id":"https:\/\/www.oneconcept.ro\/en\/#organization","name":"One Concept","url":"https:\/\/www.oneconcept.ro\/en\/","logo":{"@type":"ImageObject","inLanguage":"en-US","@id":"https:\/\/www.oneconcept.ro\/en\/#\/schema\/logo\/image\/","url":"https:\/\/www.oneconcept.ro\/wp-content\/uploads\/2025\/07\/cropped-v1.png","contentUrl":"https:\/\/www.oneconcept.ro\/wp-content\/uploads\/2025\/07\/cropped-v1.png","width":512,"height":512,"caption":"One Concept"},"image":{"@id":"https:\/\/www.oneconcept.ro\/en\/#\/schema\/logo\/image\/"}}]}},"_links":{"self":[{"href":"https:\/\/www.oneconcept.ro\/en\/wp-json\/wp\/v2\/product\/4798","targetHints":{"allow":["GET"]}}],"collection":[{"href":"https:\/\/www.oneconcept.ro\/en\/wp-json\/wp\/v2\/product"}],"about":[{"href":"https:\/\/www.oneconcept.ro\/en\/wp-json\/wp\/v2\/types\/product"}],"replies":[{"embeddable":true,"href":"https:\/\/www.oneconcept.ro\/en\/wp-json\/wp\/v2\/comments?post=4798"}],"wp:attachment":[{"href":"https:\/\/www.oneconcept.ro\/en\/wp-json\/wp\/v2\/media?parent=4798"}],"wp:term":[{"taxonomy":"product_brand","embeddable":true,"href":"https:\/\/www.oneconcept.ro\/en\/wp-json\/wp\/v2\/product_brand?post=4798"},{"taxonomy":"product_cat","embeddable":true,"href":"https:\/\/www.oneconcept.ro\/en\/wp-json\/wp\/v2\/product_cat?post=4798"},{"taxonomy":"product_tag","embeddable":true,"href":"https:\/\/www.oneconcept.ro\/en\/wp-json\/wp\/v2\/product_tag?post=4798"}],"curies":[{"name":"wp","href":"https:\/\/api.w.org\/{rel}","templated":true}]}}