{"id":4426,"date":"2025-07-09T23:43:27","date_gmt":"2025-07-09T20:43:27","guid":{"rendered":"https:\/\/www.oneconcept.ro\/?post_type=product&#038;p=4426"},"modified":"2025-07-10T18:19:06","modified_gmt":"2025-07-10T15:19:06","slug":"aparat-aer-conditionat-aux-c-icy-18-000-btu-h-wifi-inclus-auto-curatare-sleep-mode-auto-diagnoza-ifeel-functie-anti-bacteriana-25-grade-incalzire-2","status":"publish","type":"product","link":"https:\/\/www.oneconcept.ro\/en\/product\/aparat-aer-conditionat-aux-c-icy-18-000-btu-h-wifi-inclus-auto-curatare-sleep-mode-auto-diagnoza-ifeel-functie-anti-bacteriana-25-grade-incalzire-2\/","title":{"rendered":"Aparat aer conditionat AUX C-ICY 24 000 BTU\/h, WiFi Inclus, Auto Curatare, Sleep Mode, Auto Diagnoza, iFeel, Functie Anti Bacteriana, -25 grade incalzire"},"content":{"rendered":"<p>&nbsp;<\/p>\n<style>\n        body {<br \/>            font-family: Arial, sans-serif;<br \/>            line-height: 1.6;<br \/>            margin: 0;<br \/>            padding: 0;<br \/>            background-color: #f4f4f4;<br \/>            color: #333;<br \/>        }<br \/>        .container {<br \/>            width: 80%;<br \/>            margin: auto;<br \/>            overflow: hidden;<br \/>        }<br \/>        .centered {<br \/>            text-align: center;<br \/>        }<br \/>        img {<br \/>            max-width: 100%;<br \/>            height: auto;<br \/>            display: block;<br \/>            margin: 20px auto;<br \/>        }<br \/>        h2 {<br \/>            color: #0056b3;<br \/>            margin-top: 40px;<br \/>            text-align: center;<br \/>        }<br \/>        video {<br \/>            max-width: 100%;<br \/>            height: auto;<br \/>        }<br \/>        .feature-image {<br \/>            max-width: 80%;<br \/>            height: auto;<br \/>            margin: 20px auto;<br \/>            display: block;<br \/>        }<br \/>    <\/style>\n<p>&nbsp;<\/p>\n<div class=\"container\">\n<p><!-- Titlu principal, centrat --><\/p>\n<header class=\"centered\">\n<h1>BINE AI VENIT \u00ceN NOUA ER\u0102 A ADIERII CU TEHNOLOGIA AUX MICROPOR<\/h1>\n<p><a href=\"https:\/\/www.oneconcept.ro\/wp-content\/uploads\/2025\/05\/Aux2.jpg\"><br \/>\n<img decoding=\"async\" src=\"https:\/\/www.oneconcept.ro\/wp-content\/uploads\/2025\/05\/Aux2.jpg\" alt=\"Imagine Aux\" \/><br \/>\n<\/a><\/p>\n<\/header>\n<p><!-- Sec\u021biunea PANEL CU FINISAJ MAT --><\/p>\n<section>\n<h2>PANEL CU FINISAJ MAT<\/h2>\n<p>Cu un aspect complet mat \u0219i un design satinat, face ca aparatul s\u0103 fie elegant \u0219i s\u0103 se integreze perfect cu orice arhitectur\u0103.<\/p>\n<div class=\"centered\"><a href=\"https:\/\/www.oneconcept.ro\/wp-content\/uploads\/2025\/05\/LEFT-FLAT-SIDE-VIEW-OFF-scaled.png\"><br \/>\n<img decoding=\"async\" class=\"feature-image\" src=\"https:\/\/www.oneconcept.ro\/wp-content\/uploads\/2025\/05\/LEFT-FLAT-SIDE-VIEW-OFF-scaled.png\" alt=\"Profil lateral\" \/><br \/>\n<\/a><\/div>\n<\/section>\n<p><!-- WIFI --><\/p>\n<section>\n<h2>CONTROL WIFI INTEGRAT<\/h2>\n<p>Ajusteaz\u0103 cu u\u0219urin\u021b\u0103 temperatura de pretutindeni prin aplica\u021bia WiFi AC Freedom.<\/p>\n<div class=\"centered\"><a href=\"https:\/\/www.oneconcept.ro\/wp-content\/uploads\/2025\/05\/Aux-WiFi.png\"><br \/>\n<img decoding=\"async\" class=\"feature-image\" src=\"https:\/\/www.oneconcept.ro\/wp-content\/uploads\/2025\/05\/Aux-WiFi.png\" alt=\"Control WiFi\" \/><br \/>\n<\/a><\/div>\n<\/section>\n<p><!-- Sec\u021biunea MICROPORII de pe flapsuri --><\/p>\n<section>\n<h2>MICROPORII de pe flapsuri<\/h2>\n<p>Transform\u0103 curentul de aer \u00eentr-o briz\u0103 bl\u00e2nd\u0103, p\u0103str\u00e2nd totodat\u0103 efectul de r\u0103cire.<\/p>\n<div class=\"centered\"><video controls=\"controls\" width=\"100%\" height=\"150\"><source src=\"https:\/\/www.oneconcept.ro\/wp-content\/uploads\/2025\/05\/002soft.m4v\" type=\"video\/mp4\" \/>Browser-ul dvs. nu suport\u0103 tag-ul video.<\/video><\/div>\n<\/section>\n<p><!-- Sectiunea SILENTIOS --><\/p>\n<section>\n<h2>SILEN\u021aIOS<\/h2>\n<p>Func\u021bia &#8220;Low Noise&#8221; te ajut\u0103 s\u0103 dormi lini\u0219tit.<\/p>\n<div class=\"centered\"><a href=\"https:\/\/www.oneconcept.ro\/wp-content\/uploads\/2025\/05\/AuxSilence.png\"><br \/>\n<img decoding=\"async\" class=\"feature-image\" src=\"https:\/\/www.oneconcept.ro\/wp-content\/uploads\/2025\/05\/AuxSilence.png\" alt=\"Func\u021bie Silen\u021bioas\u0103\" \/><br \/>\n<\/a><\/div>\n<\/section>\n<p><!-- Sec\u021biunea func\u021bie de autocur\u0103\u021bare --><\/p>\n<section>\n<h2>FUNC\u021aIE DE AUTOCUR\u0102\u021aARE<\/h2>\n<p>Un aer curat prin \u0219ase pa\u0219i pentru cur\u0103\u021barea temeinic\u0103 a unit\u0103\u021bii interioare. Elimin\u0103 bacteriile majore cu o rat\u0103 de sterilizare de 99,9%.<\/p>\n<div class=\"centered\"><a href=\"https:\/\/www.oneconcept.ro\/wp-content\/uploads\/2025\/05\/AUTOCLEANING.jpg\"><br \/>\n<img decoding=\"async\" class=\"feature-image\" src=\"https:\/\/www.oneconcept.ro\/wp-content\/uploads\/2025\/05\/AUTOCLEANING.jpg\" alt=\"Autocur\u0103\u021bare\" \/><br \/>\n<\/a><\/div>\n<div class=\"centered\"><video controls=\"controls\" width=\"100%\" height=\"150\"><source src=\"https:\/\/www.oneconcept.ro\/wp-content\/uploads\/2025\/05\/015self-clean.m4v\" type=\"video\/mp4\" \/>Browser-ul dvs. nu suport\u0103 tag-ul video.<\/video><\/div>\n<\/section>\n<p><!-- Sec\u021biunea instalare u\u0219oar\u0103 --><\/p>\n<section>\n<h2>INSTALARE U\u0218OAR\u0102<\/h2>\n<p>Aerul condi\u021bionat AUX este proiectat de profesioni\u0219ti pentru profesioni\u0219ti.<\/p>\n<div class=\"centered\"><video controls=\"controls\" width=\"100%\" height=\"150\"><source src=\"https:\/\/www.oneconcept.ro\/wp-content\/uploads\/2025\/05\/018back-plate-support.m4v\" type=\"video\/mp4\" \/>Browser-ul dvs. nu suport\u0103 tag-ul video.<\/video><\/div>\n<\/section>\n<p><!-- Sec\u021biunea golden fin --><\/p>\n<section>\n<h2>REZISTEN\u021a\u0102 \u0218I FIABILITATE PRIN STRATUL &#8220;GOLDEN FIN&#8221;<\/h2>\n<p>At\u00e2t schimb\u0103torul unit\u0103\u021bii interne c\u00e2t \u0219i cel al externei au un strat de protec\u021bie suplimentar pentru a reduce coroziunea \u0219i oxidarea, ceea ce \u00eenseamn\u0103 durabilitate \u0219i fiabilitate.<\/p>\n<div class=\"centered\"><a href=\"https:\/\/www.oneconcept.ro\/wp-content\/uploads\/2025\/05\/AuxGoldenFin.png\"><br \/>\n<img decoding=\"async\" class=\"feature-image\" src=\"https:\/\/www.oneconcept.ro\/wp-content\/uploads\/2025\/05\/AuxGoldenFin.png\" alt=\"Strat Golden Fin\" \/><br \/>\n<\/a><\/div>\n<div class=\"centered\"><video controls=\"controls\" width=\"100%\" height=\"150\"><source src=\"https:\/\/www.oneconcept.ro\/wp-content\/uploads\/2025\/05\/014golden-fin.m4v\" type=\"video\/mp4\" \/>Browser-ul dvs. nu suport\u0103 tag-ul video.<\/video><\/div>\n<\/section>\n<p><!-- Sec\u021biunea Functionare la temperaturi extreme --><\/p>\n<section>\n<h2>FUNC\u021aIONARE LA TEMPERATURI EXTREME<\/h2>\n<p>Datorit\u0103 tehnologiei FULL DC INVERTER \u0219i a rezisten\u021bei electrice din t\u0103vi\u021ba unit\u0103\u021bii externe, aerul condi\u021bionat AUX C series func\u021bioneaz\u0103 pe \u00eenc\u0103lzire p\u00e2n\u0103 la temperaturi de -25 de grade.<\/p>\n<div class=\"centered\"><video controls=\"controls\" width=\"100%\" height=\"150\"><source src=\"https:\/\/www.oneconcept.ro\/wp-content\/uploads\/2025\/05\/heating-belt.mp4\" type=\"video\/mp4\" \/>Browser-ul dvs. nu suport\u0103 tag-ul video.<\/video><\/div>\n<\/section>\n<\/div>\n<p>&nbsp;<\/p>\n","protected":false},"excerpt":{"rendered":"<div><a style=\"display: inline-block;\" href=\"https:\/\/www.oneconcept.ro\/wp-content\/uploads\/2025\/05\/eurovent.png\"><br \/>\n<img decoding=\"async\" class=\"wp-image-4419\" style=\"vertical-align: middle;\" src=\"https:\/\/www.oneconcept.ro\/wp-content\/uploads\/2025\/05\/eurovent.png\" alt=\"Certificare Eurovent\" width=\"219\" height=\"75\" srcset=\"https:\/\/www.oneconcept.ro\/wp-content\/uploads\/2025\/05\/eurovent.png 383w, https:\/\/www.oneconcept.ro\/wp-content\/uploads\/2025\/05\/eurovent-300x103.png 300w, https:\/\/www.oneconcept.ro\/wp-content\/uploads\/2025\/05\/eurovent-64x22.png 64w\" sizes=\"(max-width: 219px) 100vw, 219px\" \/><br \/>\n<\/a><\/div>\n<div>\n<p style=\"display: inline-block; margin: 0; vertical-align: left;\">CERTIFICARE EUROVENT<\/p>\n<\/div>\n","protected":false},"featured_media":4421,"comment_status":"closed","ping_status":"closed","template":"","meta":{"_acf_changed":false},"product_brand":[516],"product_cat":[461,462],"product_tag":[271,277,262,560],"class_list":{"0":"post-4426","1":"product","2":"type-product","3":"status-publish","4":"has-post-thumbnail","6":"product_brand-aux","7":"product_cat-rezidential-single-solutia-ideala-pentru-spatii-mic","8":"product_cat-splituri-de-perete","9":"product_tag-aparat-aer-conditionat-24000-btu-h","10":"product_tag-aparat-aer-conditionat-aux-c-icy-24000-btu-h","11":"product_tag-aux","12":"product_tag-split-de-perete","14":"first","15":"instock","16":"taxable","17":"shipping-taxable","18":"purchasable","19":"product-type-simple"},"acf":[],"yoast_head":"<!-- This site is optimized with the Yoast SEO plugin v27.1 - https:\/\/yoast.com\/product\/yoast-seo-wordpress\/ -->\n<title>Aparat aer conditionat AUX C-ICY 24 000 BTU\/h, WiFi Inclus, Auto Curatare, Sleep Mode, Auto Diagnoza, iFeel, Functie Anti Bacteriana, -25 grade incalzire - One Concept<\/title>\n<meta name=\"robots\" content=\"index, follow, max-snippet:-1, max-image-preview:large, max-video-preview:-1\" \/>\n<link rel=\"canonical\" href=\"https:\/\/www.oneconcept.ro\/en\/product\/aparat-aer-conditionat-aux-c-icy-18-000-btu-h-wifi-inclus-auto-curatare-sleep-mode-auto-diagnoza-ifeel-functie-anti-bacteriana-25-grade-incalzire-2\/\" \/>\n<meta property=\"og:locale\" content=\"en_US\" \/>\n<meta property=\"og:type\" content=\"article\" \/>\n<meta property=\"og:title\" content=\"Aparat aer conditionat AUX C-ICY 24 000 BTU\/h, WiFi Inclus, Auto Curatare, Sleep Mode, Auto Diagnoza, iFeel, Functie Anti Bacteriana, -25 grade incalzire - One Concept\" \/>\n<meta property=\"og:description\" content=\"CERTIFICARE EUROVENT\" \/>\n<meta property=\"og:url\" content=\"https:\/\/www.oneconcept.ro\/en\/product\/aparat-aer-conditionat-aux-c-icy-18-000-btu-h-wifi-inclus-auto-curatare-sleep-mode-auto-diagnoza-ifeel-functie-anti-bacteriana-25-grade-incalzire-2\/\" \/>\n<meta property=\"og:site_name\" content=\"One Concept\" \/>\n<meta property=\"article:modified_time\" content=\"2025-07-10T15:19:06+00:00\" \/>\n<meta property=\"og:image\" content=\"https:\/\/www.oneconcept.ro\/wp-content\/uploads\/2025\/05\/auxgeneral.jpg\" \/>\n\t<meta property=\"og:image:width\" content=\"812\" \/>\n\t<meta property=\"og:image:height\" content=\"719\" \/>\n\t<meta property=\"og:image:type\" content=\"image\/jpeg\" \/>\n<meta name=\"twitter:card\" content=\"summary_large_image\" \/>\n<meta name=\"twitter:label1\" content=\"Est. reading time\" \/>\n\t<meta name=\"twitter:data1\" content=\"1 minute\" \/>\n<script type=\"application\/ld+json\" class=\"yoast-schema-graph\">{\"@context\":\"https:\/\/schema.org\",\"@graph\":[{\"@type\":\"WebPage\",\"@id\":\"https:\/\/www.oneconcept.ro\/en\/product\/aparat-aer-conditionat-aux-c-icy-18-000-btu-h-wifi-inclus-auto-curatare-sleep-mode-auto-diagnoza-ifeel-functie-anti-bacteriana-25-grade-incalzire-2\/\",\"url\":\"https:\/\/www.oneconcept.ro\/en\/product\/aparat-aer-conditionat-aux-c-icy-18-000-btu-h-wifi-inclus-auto-curatare-sleep-mode-auto-diagnoza-ifeel-functie-anti-bacteriana-25-grade-incalzire-2\/\",\"name\":\"Aparat aer conditionat AUX C-ICY 24 000 BTU\/h, WiFi Inclus, Auto Curatare, Sleep Mode, Auto Diagnoza, iFeel, Functie Anti Bacteriana, -25 grade incalzire - One Concept\",\"isPartOf\":{\"@id\":\"https:\/\/www.oneconcept.ro\/en\/#website\"},\"primaryImageOfPage\":{\"@id\":\"https:\/\/www.oneconcept.ro\/en\/product\/aparat-aer-conditionat-aux-c-icy-18-000-btu-h-wifi-inclus-auto-curatare-sleep-mode-auto-diagnoza-ifeel-functie-anti-bacteriana-25-grade-incalzire-2\/#primaryimage\"},\"image\":{\"@id\":\"https:\/\/www.oneconcept.ro\/en\/product\/aparat-aer-conditionat-aux-c-icy-18-000-btu-h-wifi-inclus-auto-curatare-sleep-mode-auto-diagnoza-ifeel-functie-anti-bacteriana-25-grade-incalzire-2\/#primaryimage\"},\"thumbnailUrl\":\"https:\/\/www.oneconcept.ro\/wp-content\/uploads\/2025\/05\/auxgeneral.jpg\",\"datePublished\":\"2025-07-09T20:43:27+00:00\",\"dateModified\":\"2025-07-10T15:19:06+00:00\",\"breadcrumb\":{\"@id\":\"https:\/\/www.oneconcept.ro\/en\/product\/aparat-aer-conditionat-aux-c-icy-18-000-btu-h-wifi-inclus-auto-curatare-sleep-mode-auto-diagnoza-ifeel-functie-anti-bacteriana-25-grade-incalzire-2\/#breadcrumb\"},\"inLanguage\":\"en-US\",\"potentialAction\":[{\"@type\":\"ReadAction\",\"target\":[\"https:\/\/www.oneconcept.ro\/en\/product\/aparat-aer-conditionat-aux-c-icy-18-000-btu-h-wifi-inclus-auto-curatare-sleep-mode-auto-diagnoza-ifeel-functie-anti-bacteriana-25-grade-incalzire-2\/\"]}]},{\"@type\":\"ImageObject\",\"inLanguage\":\"en-US\",\"@id\":\"https:\/\/www.oneconcept.ro\/en\/product\/aparat-aer-conditionat-aux-c-icy-18-000-btu-h-wifi-inclus-auto-curatare-sleep-mode-auto-diagnoza-ifeel-functie-anti-bacteriana-25-grade-incalzire-2\/#primaryimage\",\"url\":\"https:\/\/www.oneconcept.ro\/wp-content\/uploads\/2025\/05\/auxgeneral.jpg\",\"contentUrl\":\"https:\/\/www.oneconcept.ro\/wp-content\/uploads\/2025\/05\/auxgeneral.jpg\",\"width\":812,\"height\":719},{\"@type\":\"BreadcrumbList\",\"@id\":\"https:\/\/www.oneconcept.ro\/en\/product\/aparat-aer-conditionat-aux-c-icy-18-000-btu-h-wifi-inclus-auto-curatare-sleep-mode-auto-diagnoza-ifeel-functie-anti-bacteriana-25-grade-incalzire-2\/#breadcrumb\",\"itemListElement\":[{\"@type\":\"ListItem\",\"position\":1,\"name\":\"Prima pagin\u0103\",\"item\":\"https:\/\/www.oneconcept.ro\/en\/home\/\"},{\"@type\":\"ListItem\",\"position\":2,\"name\":\"Shop\",\"item\":\"https:\/\/www.oneconcept.ro\/en\/shop-2\/\"},{\"@type\":\"ListItem\",\"position\":3,\"name\":\"Aparat aer conditionat AUX C-ICY 24 000 BTU\/h, WiFi Inclus, Auto Curatare, Sleep Mode, Auto Diagnoza, iFeel, Functie Anti Bacteriana, -25 grade incalzire\"}]},{\"@type\":\"WebSite\",\"@id\":\"https:\/\/www.oneconcept.ro\/en\/#website\",\"url\":\"https:\/\/www.oneconcept.ro\/en\/\",\"name\":\"One Concept\",\"description\":\"\",\"publisher\":{\"@id\":\"https:\/\/www.oneconcept.ro\/en\/#organization\"},\"potentialAction\":[{\"@type\":\"SearchAction\",\"target\":{\"@type\":\"EntryPoint\",\"urlTemplate\":\"https:\/\/www.oneconcept.ro\/en\/?s={search_term_string}\"},\"query-input\":{\"@type\":\"PropertyValueSpecification\",\"valueRequired\":true,\"valueName\":\"search_term_string\"}}],\"inLanguage\":\"en-US\"},{\"@type\":\"Organization\",\"@id\":\"https:\/\/www.oneconcept.ro\/en\/#organization\",\"name\":\"One Concept\",\"url\":\"https:\/\/www.oneconcept.ro\/en\/\",\"logo\":{\"@type\":\"ImageObject\",\"inLanguage\":\"en-US\",\"@id\":\"https:\/\/www.oneconcept.ro\/en\/#\/schema\/logo\/image\/\",\"url\":\"https:\/\/www.oneconcept.ro\/wp-content\/uploads\/2025\/07\/cropped-v1.png\",\"contentUrl\":\"https:\/\/www.oneconcept.ro\/wp-content\/uploads\/2025\/07\/cropped-v1.png\",\"width\":512,\"height\":512,\"caption\":\"One Concept\"},\"image\":{\"@id\":\"https:\/\/www.oneconcept.ro\/en\/#\/schema\/logo\/image\/\"}}]}<\/script>\n<!-- \/ Yoast SEO plugin. -->","yoast_head_json":{"title":"Aparat aer conditionat AUX C-ICY 24 000 BTU\/h, WiFi Inclus, Auto Curatare, Sleep Mode, Auto Diagnoza, iFeel, Functie Anti Bacteriana, -25 grade incalzire - One Concept","robots":{"index":"index","follow":"follow","max-snippet":"max-snippet:-1","max-image-preview":"max-image-preview:large","max-video-preview":"max-video-preview:-1"},"canonical":"https:\/\/www.oneconcept.ro\/en\/product\/aparat-aer-conditionat-aux-c-icy-18-000-btu-h-wifi-inclus-auto-curatare-sleep-mode-auto-diagnoza-ifeel-functie-anti-bacteriana-25-grade-incalzire-2\/","og_locale":"en_US","og_type":"article","og_title":"Aparat aer conditionat AUX C-ICY 24 000 BTU\/h, WiFi Inclus, Auto Curatare, Sleep Mode, Auto Diagnoza, iFeel, Functie Anti Bacteriana, -25 grade incalzire - One Concept","og_description":"CERTIFICARE EUROVENT","og_url":"https:\/\/www.oneconcept.ro\/en\/product\/aparat-aer-conditionat-aux-c-icy-18-000-btu-h-wifi-inclus-auto-curatare-sleep-mode-auto-diagnoza-ifeel-functie-anti-bacteriana-25-grade-incalzire-2\/","og_site_name":"One Concept","article_modified_time":"2025-07-10T15:19:06+00:00","og_image":[{"width":812,"height":719,"url":"https:\/\/www.oneconcept.ro\/wp-content\/uploads\/2025\/05\/auxgeneral.jpg","type":"image\/jpeg"}],"twitter_card":"summary_large_image","twitter_misc":{"Est. reading time":"1 minute"},"schema":{"@context":"https:\/\/schema.org","@graph":[{"@type":"WebPage","@id":"https:\/\/www.oneconcept.ro\/en\/product\/aparat-aer-conditionat-aux-c-icy-18-000-btu-h-wifi-inclus-auto-curatare-sleep-mode-auto-diagnoza-ifeel-functie-anti-bacteriana-25-grade-incalzire-2\/","url":"https:\/\/www.oneconcept.ro\/en\/product\/aparat-aer-conditionat-aux-c-icy-18-000-btu-h-wifi-inclus-auto-curatare-sleep-mode-auto-diagnoza-ifeel-functie-anti-bacteriana-25-grade-incalzire-2\/","name":"Aparat aer conditionat AUX C-ICY 24 000 BTU\/h, WiFi Inclus, Auto Curatare, Sleep Mode, Auto Diagnoza, iFeel, Functie Anti Bacteriana, -25 grade incalzire - One Concept","isPartOf":{"@id":"https:\/\/www.oneconcept.ro\/en\/#website"},"primaryImageOfPage":{"@id":"https:\/\/www.oneconcept.ro\/en\/product\/aparat-aer-conditionat-aux-c-icy-18-000-btu-h-wifi-inclus-auto-curatare-sleep-mode-auto-diagnoza-ifeel-functie-anti-bacteriana-25-grade-incalzire-2\/#primaryimage"},"image":{"@id":"https:\/\/www.oneconcept.ro\/en\/product\/aparat-aer-conditionat-aux-c-icy-18-000-btu-h-wifi-inclus-auto-curatare-sleep-mode-auto-diagnoza-ifeel-functie-anti-bacteriana-25-grade-incalzire-2\/#primaryimage"},"thumbnailUrl":"https:\/\/www.oneconcept.ro\/wp-content\/uploads\/2025\/05\/auxgeneral.jpg","datePublished":"2025-07-09T20:43:27+00:00","dateModified":"2025-07-10T15:19:06+00:00","breadcrumb":{"@id":"https:\/\/www.oneconcept.ro\/en\/product\/aparat-aer-conditionat-aux-c-icy-18-000-btu-h-wifi-inclus-auto-curatare-sleep-mode-auto-diagnoza-ifeel-functie-anti-bacteriana-25-grade-incalzire-2\/#breadcrumb"},"inLanguage":"en-US","potentialAction":[{"@type":"ReadAction","target":["https:\/\/www.oneconcept.ro\/en\/product\/aparat-aer-conditionat-aux-c-icy-18-000-btu-h-wifi-inclus-auto-curatare-sleep-mode-auto-diagnoza-ifeel-functie-anti-bacteriana-25-grade-incalzire-2\/"]}]},{"@type":"ImageObject","inLanguage":"en-US","@id":"https:\/\/www.oneconcept.ro\/en\/product\/aparat-aer-conditionat-aux-c-icy-18-000-btu-h-wifi-inclus-auto-curatare-sleep-mode-auto-diagnoza-ifeel-functie-anti-bacteriana-25-grade-incalzire-2\/#primaryimage","url":"https:\/\/www.oneconcept.ro\/wp-content\/uploads\/2025\/05\/auxgeneral.jpg","contentUrl":"https:\/\/www.oneconcept.ro\/wp-content\/uploads\/2025\/05\/auxgeneral.jpg","width":812,"height":719},{"@type":"BreadcrumbList","@id":"https:\/\/www.oneconcept.ro\/en\/product\/aparat-aer-conditionat-aux-c-icy-18-000-btu-h-wifi-inclus-auto-curatare-sleep-mode-auto-diagnoza-ifeel-functie-anti-bacteriana-25-grade-incalzire-2\/#breadcrumb","itemListElement":[{"@type":"ListItem","position":1,"name":"Prima pagin\u0103","item":"https:\/\/www.oneconcept.ro\/en\/home\/"},{"@type":"ListItem","position":2,"name":"Shop","item":"https:\/\/www.oneconcept.ro\/en\/shop-2\/"},{"@type":"ListItem","position":3,"name":"Aparat aer conditionat AUX C-ICY 24 000 BTU\/h, WiFi Inclus, Auto Curatare, Sleep Mode, Auto Diagnoza, iFeel, Functie Anti Bacteriana, -25 grade incalzire"}]},{"@type":"WebSite","@id":"https:\/\/www.oneconcept.ro\/en\/#website","url":"https:\/\/www.oneconcept.ro\/en\/","name":"One Concept","description":"","publisher":{"@id":"https:\/\/www.oneconcept.ro\/en\/#organization"},"potentialAction":[{"@type":"SearchAction","target":{"@type":"EntryPoint","urlTemplate":"https:\/\/www.oneconcept.ro\/en\/?s={search_term_string}"},"query-input":{"@type":"PropertyValueSpecification","valueRequired":true,"valueName":"search_term_string"}}],"inLanguage":"en-US"},{"@type":"Organization","@id":"https:\/\/www.oneconcept.ro\/en\/#organization","name":"One Concept","url":"https:\/\/www.oneconcept.ro\/en\/","logo":{"@type":"ImageObject","inLanguage":"en-US","@id":"https:\/\/www.oneconcept.ro\/en\/#\/schema\/logo\/image\/","url":"https:\/\/www.oneconcept.ro\/wp-content\/uploads\/2025\/07\/cropped-v1.png","contentUrl":"https:\/\/www.oneconcept.ro\/wp-content\/uploads\/2025\/07\/cropped-v1.png","width":512,"height":512,"caption":"One Concept"},"image":{"@id":"https:\/\/www.oneconcept.ro\/en\/#\/schema\/logo\/image\/"}}]}},"_links":{"self":[{"href":"https:\/\/www.oneconcept.ro\/en\/wp-json\/wp\/v2\/product\/4426","targetHints":{"allow":["GET"]}}],"collection":[{"href":"https:\/\/www.oneconcept.ro\/en\/wp-json\/wp\/v2\/product"}],"about":[{"href":"https:\/\/www.oneconcept.ro\/en\/wp-json\/wp\/v2\/types\/product"}],"replies":[{"embeddable":true,"href":"https:\/\/www.oneconcept.ro\/en\/wp-json\/wp\/v2\/comments?post=4426"}],"wp:featuredmedia":[{"embeddable":true,"href":"https:\/\/www.oneconcept.ro\/en\/wp-json\/wp\/v2\/media\/4421"}],"wp:attachment":[{"href":"https:\/\/www.oneconcept.ro\/en\/wp-json\/wp\/v2\/media?parent=4426"}],"wp:term":[{"taxonomy":"product_brand","embeddable":true,"href":"https:\/\/www.oneconcept.ro\/en\/wp-json\/wp\/v2\/product_brand?post=4426"},{"taxonomy":"product_cat","embeddable":true,"href":"https:\/\/www.oneconcept.ro\/en\/wp-json\/wp\/v2\/product_cat?post=4426"},{"taxonomy":"product_tag","embeddable":true,"href":"https:\/\/www.oneconcept.ro\/en\/wp-json\/wp\/v2\/product_tag?post=4426"}],"curies":[{"name":"wp","href":"https:\/\/api.w.org\/{rel}","templated":true}]}}