{"id":2716,"date":"2025-05-27T07:24:57","date_gmt":"2025-05-27T04:24:57","guid":{"rendered":"https:\/\/staging.oneconcept.ro\/?post_type=product&#038;p=2716"},"modified":"2025-06-25T12:51:07","modified_gmt":"2025-06-25T09:51:07","slug":"aparat-aer-conditionat-goldsense-new-elite-12-000-btu-h-wifi-inclus-kit-montaj-inclustimer-ifeel-night-mode-auto-curatare-ifavor","status":"publish","type":"product","link":"https:\/\/www.oneconcept.ro\/en\/product\/aparat-aer-conditionat-goldsense-new-elite-12-000-btu-h-wifi-inclus-kit-montaj-inclustimer-ifeel-night-mode-auto-curatare-ifavor\/","title":{"rendered":"Aparat aer conditionat Goldsense New Elite, 12 000 BTU\/h, WiFi Inclus, Kit Montaj Inclus,Timer, iFeel, Night Mode, Auto Curatare, iFavor"},"content":{"rendered":"<p><strong>Control WiFi<\/strong><\/p>\n<p>Pentru confortul dumneavoastra, aparatele de aer condi\u021bionat Goldsense din seria ELiTE pot fi controlate de la distan\u021b\u0103 folosind controlerul WiFi, care este inclus \u00een pachet. Singurul lucru pe care trebuie s\u0103-l face\u021bi, pentru a activa \u0219i utiliza de pe smartphone este s\u0103 urma\u021bi instruc\u021biunile din manual.<\/p>\n<p><strong>Functia AUTO-CURATARE<\/strong><\/p>\n<p>Aparatele de aer condi\u021bionat Goldsense New ELiTE au o func\u021bie inovativa de autocur\u0103\u021bare. Datorit\u0103 acestor func\u021bii, aparatul de aer condi\u021bionat poate genera o diferen\u021b\u0103 mare de temperatur\u0103 \u00eentr-un timp scurt \u2013 mai \u00eent\u00e2i va func\u021biona \u00een modul de r\u0103cire pentru ca apa condensat\u0103 s\u0103 \u00eendep\u0103rteze bacteriile \u0219i depunerile de praf, apoi va trece \u00een modul de \u00eenc\u0103lzire \u0219i, \u00een final, numai ventilatorul va func\u021biona pentru a elimina complet orice umiditate rezidual\u0103 din p\u0103r\u021bile interioare ale dispozitivului. Acest lucru este pentru a preveni cre\u0219terea mucegaiului \u0219i a bacteriilor \u0219i pentru a asigura sterilizarea \u00een propor\u021bie de 90%.<\/p>\n<p><strong>Rezistent la ruginta<\/strong><\/p>\n<p>Procesul este destul de complex, dar scopul s\u0103u este destul de simplu. Coroziunea \u0219i ruginirea sunt prevenite prin pulverizarea sub form\u0103 de pulbere de poliester pur la temperatur\u0103 ridicat\u0103 pe tabl\u0103 de o\u021bel zincat\u0103 fierbinte. \u00cen acest fel, aspectul \u0219i func\u021bionalitatea aparatelor de aer condi\u021bionat se vor \u00eembun\u0103t\u0103\u021bi semnificativ de-a lungul anilor, asigur\u00e2nd o durat\u0103 de via\u021b\u0103 mult mai lung\u0103 \u0219i fidel\u0103 de care v\u0103 pute\u021bi bucura.<\/p>\n<p><strong>Unitate compacta<\/strong><\/p>\n<p>Dimensiunea unit\u0103\u021bii exterioare, care a fost redus\u0103 cu \u00bc, v\u0103 ofer\u0103 posibilitatea \u0219i confortul de a alege locul perfect pentru instalarea acesteia. Acest lucru v\u0103 permite s\u0103 utiliza\u021bi orice ad\u00e2ncitur\u0103 minuscul\u0103 sau perete de balcon, economisind un cost suplimentar de spa\u021biu valoros \u00een camer\u0103 pentru realizarea de traseu suplimentar.<\/p>\n<p><strong>8\u00b0C temperatura constanta<\/strong><br \/>\nMen\u021bine temperatura camerei constant\u0103 la 8\u00b0C. Animalele de companie \u0219i plantele sunt \u00een siguran\u021b\u0103 acas\u0103 f\u0103r\u0103 griji.<\/p>\n<p><strong>Full DC Inverter<\/strong><br \/>\nPornire rapid\u0103: Un compresor DC de \u00eenalt\u0103 calitate care poate porni rapid \u0219i func\u021biona la frecven\u021b\u0103 ultra-\u00eenalt\u0103. R\u0103cire \u0219i \u00eenc\u0103lzire rapid\u0103 stabil, fiabil \u0219i durabil.<\/p>\n<p>&nbsp;<\/p>\n<p><img fetchpriority=\"high\" decoding=\"async\" class=\"size-full wp-image-3211 aligncenter\" src=\"https:\/\/www.oneconcept.ro\/wp-content\/uploads\/2025\/03\/SET-1.png\" alt=\"\" width=\"1080\" height=\"1080\" \/><\/p>\n<p>&nbsp;<\/p>\n","protected":false},"excerpt":{"rendered":"<p><strong>Control WiFi<\/strong><\/p>\n<p>Pentru confortul dumneavoastra, aparatele de aer condi\u021bionat Goldsense din seria ELiTE pot fi controlate de la distan\u021b\u0103 folosind controlerul WiFi, care este inclus \u00een pachet.<\/p>\n","protected":false},"featured_media":631,"comment_status":"closed","ping_status":"closed","template":"","meta":{"_acf_changed":false},"product_brand":[512],"product_cat":[461,462],"product_tag":[495,517],"class_list":{"0":"post-2716","1":"product","2":"type-product","3":"status-publish","4":"has-post-thumbnail","6":"product_brand-goldsense","7":"product_cat-rezidential-single-solutia-ideala-pentru-spatii-mic","8":"product_cat-splituri-de-perete","9":"product_tag-12000-btu","10":"product_tag-nan","12":"first","13":"onbackorder","14":"taxable","15":"shipping-taxable","16":"purchasable","17":"product-type-simple"},"acf":[],"yoast_head":"<!-- This site is optimized with the Yoast SEO plugin v27.1 - https:\/\/yoast.com\/product\/yoast-seo-wordpress\/ -->\n<title>Aparat aer conditionat Goldsense New Elite, 12 000 BTU\/h, WiFi Inclus, Kit Montaj Inclus,Timer, iFeel, Night Mode, Auto Curatare, iFavor - One Concept<\/title>\n<meta name=\"robots\" content=\"index, follow, max-snippet:-1, max-image-preview:large, max-video-preview:-1\" \/>\n<link rel=\"canonical\" href=\"https:\/\/www.oneconcept.ro\/en\/product\/aparat-aer-conditionat-goldsense-new-elite-12-000-btu-h-wifi-inclus-kit-montaj-inclustimer-ifeel-night-mode-auto-curatare-ifavor\/\" \/>\n<meta property=\"og:locale\" content=\"en_US\" \/>\n<meta property=\"og:type\" content=\"article\" \/>\n<meta property=\"og:title\" content=\"Aparat aer conditionat Goldsense New Elite, 12 000 BTU\/h, WiFi Inclus, Kit Montaj Inclus,Timer, iFeel, Night Mode, Auto Curatare, iFavor - One Concept\" \/>\n<meta property=\"og:description\" content=\"Control WiFi  Pentru confortul dumneavoastra, aparatele de aer condi\u021bionat Goldsense din seria ELiTE pot fi controlate de la distan\u021b\u0103 folosind controlerul WiFi, care este inclus \u00een pachet.\" \/>\n<meta property=\"og:url\" content=\"https:\/\/www.oneconcept.ro\/en\/product\/aparat-aer-conditionat-goldsense-new-elite-12-000-btu-h-wifi-inclus-kit-montaj-inclustimer-ifeel-night-mode-auto-curatare-ifavor\/\" \/>\n<meta property=\"og:site_name\" content=\"One Concept\" \/>\n<meta property=\"article:modified_time\" content=\"2025-06-25T09:51:07+00:00\" \/>\n<meta property=\"og:image\" content=\"https:\/\/www.oneconcept.ro\/wp-content\/uploads\/2025\/05\/SET-1.png\" \/>\n\t<meta property=\"og:image:width\" content=\"1080\" \/>\n\t<meta property=\"og:image:height\" content=\"1080\" \/>\n\t<meta property=\"og:image:type\" content=\"image\/png\" \/>\n<meta name=\"twitter:card\" content=\"summary_large_image\" \/>\n<meta name=\"twitter:label1\" content=\"Est. reading time\" \/>\n\t<meta name=\"twitter:data1\" content=\"2 minutes\" \/>\n<script type=\"application\/ld+json\" class=\"yoast-schema-graph\">{\"@context\":\"https:\/\/schema.org\",\"@graph\":[{\"@type\":\"WebPage\",\"@id\":\"https:\/\/www.oneconcept.ro\/en\/product\/aparat-aer-conditionat-goldsense-new-elite-12-000-btu-h-wifi-inclus-kit-montaj-inclustimer-ifeel-night-mode-auto-curatare-ifavor\/\",\"url\":\"https:\/\/www.oneconcept.ro\/en\/product\/aparat-aer-conditionat-goldsense-new-elite-12-000-btu-h-wifi-inclus-kit-montaj-inclustimer-ifeel-night-mode-auto-curatare-ifavor\/\",\"name\":\"Aparat aer conditionat Goldsense New Elite, 12 000 BTU\/h, WiFi Inclus, Kit Montaj Inclus,Timer, iFeel, Night Mode, Auto Curatare, iFavor - One Concept\",\"isPartOf\":{\"@id\":\"https:\/\/www.oneconcept.ro\/en\/#website\"},\"primaryImageOfPage\":{\"@id\":\"https:\/\/www.oneconcept.ro\/en\/product\/aparat-aer-conditionat-goldsense-new-elite-12-000-btu-h-wifi-inclus-kit-montaj-inclustimer-ifeel-night-mode-auto-curatare-ifavor\/#primaryimage\"},\"image\":{\"@id\":\"https:\/\/www.oneconcept.ro\/en\/product\/aparat-aer-conditionat-goldsense-new-elite-12-000-btu-h-wifi-inclus-kit-montaj-inclustimer-ifeel-night-mode-auto-curatare-ifavor\/#primaryimage\"},\"thumbnailUrl\":\"https:\/\/www.oneconcept.ro\/wp-content\/uploads\/2025\/05\/SET-1.png\",\"datePublished\":\"2025-05-27T04:24:57+00:00\",\"dateModified\":\"2025-06-25T09:51:07+00:00\",\"breadcrumb\":{\"@id\":\"https:\/\/www.oneconcept.ro\/en\/product\/aparat-aer-conditionat-goldsense-new-elite-12-000-btu-h-wifi-inclus-kit-montaj-inclustimer-ifeel-night-mode-auto-curatare-ifavor\/#breadcrumb\"},\"inLanguage\":\"en-US\",\"potentialAction\":[{\"@type\":\"ReadAction\",\"target\":[\"https:\/\/www.oneconcept.ro\/en\/product\/aparat-aer-conditionat-goldsense-new-elite-12-000-btu-h-wifi-inclus-kit-montaj-inclustimer-ifeel-night-mode-auto-curatare-ifavor\/\"]}]},{\"@type\":\"ImageObject\",\"inLanguage\":\"en-US\",\"@id\":\"https:\/\/www.oneconcept.ro\/en\/product\/aparat-aer-conditionat-goldsense-new-elite-12-000-btu-h-wifi-inclus-kit-montaj-inclustimer-ifeel-night-mode-auto-curatare-ifavor\/#primaryimage\",\"url\":\"https:\/\/www.oneconcept.ro\/wp-content\/uploads\/2025\/05\/SET-1.png\",\"contentUrl\":\"https:\/\/www.oneconcept.ro\/wp-content\/uploads\/2025\/05\/SET-1.png\",\"width\":1080,\"height\":1080},{\"@type\":\"BreadcrumbList\",\"@id\":\"https:\/\/www.oneconcept.ro\/en\/product\/aparat-aer-conditionat-goldsense-new-elite-12-000-btu-h-wifi-inclus-kit-montaj-inclustimer-ifeel-night-mode-auto-curatare-ifavor\/#breadcrumb\",\"itemListElement\":[{\"@type\":\"ListItem\",\"position\":1,\"name\":\"Prima pagin\u0103\",\"item\":\"https:\/\/www.oneconcept.ro\/en\/home\/\"},{\"@type\":\"ListItem\",\"position\":2,\"name\":\"Shop\",\"item\":\"https:\/\/www.oneconcept.ro\/en\/shop-2\/\"},{\"@type\":\"ListItem\",\"position\":3,\"name\":\"Aparat aer conditionat Goldsense New Elite, 12 000 BTU\/h, WiFi Inclus, Kit Montaj Inclus,Timer, iFeel, Night Mode, Auto Curatare, iFavor\"}]},{\"@type\":\"WebSite\",\"@id\":\"https:\/\/www.oneconcept.ro\/en\/#website\",\"url\":\"https:\/\/www.oneconcept.ro\/en\/\",\"name\":\"One Concept\",\"description\":\"\",\"publisher\":{\"@id\":\"https:\/\/www.oneconcept.ro\/en\/#organization\"},\"potentialAction\":[{\"@type\":\"SearchAction\",\"target\":{\"@type\":\"EntryPoint\",\"urlTemplate\":\"https:\/\/www.oneconcept.ro\/en\/?s={search_term_string}\"},\"query-input\":{\"@type\":\"PropertyValueSpecification\",\"valueRequired\":true,\"valueName\":\"search_term_string\"}}],\"inLanguage\":\"en-US\"},{\"@type\":\"Organization\",\"@id\":\"https:\/\/www.oneconcept.ro\/en\/#organization\",\"name\":\"One Concept\",\"url\":\"https:\/\/www.oneconcept.ro\/en\/\",\"logo\":{\"@type\":\"ImageObject\",\"inLanguage\":\"en-US\",\"@id\":\"https:\/\/www.oneconcept.ro\/en\/#\/schema\/logo\/image\/\",\"url\":\"https:\/\/www.oneconcept.ro\/wp-content\/uploads\/2025\/07\/cropped-v1.png\",\"contentUrl\":\"https:\/\/www.oneconcept.ro\/wp-content\/uploads\/2025\/07\/cropped-v1.png\",\"width\":512,\"height\":512,\"caption\":\"One Concept\"},\"image\":{\"@id\":\"https:\/\/www.oneconcept.ro\/en\/#\/schema\/logo\/image\/\"}}]}<\/script>\n<!-- \/ Yoast SEO plugin. -->","yoast_head_json":{"title":"Aparat aer conditionat Goldsense New Elite, 12 000 BTU\/h, WiFi Inclus, Kit Montaj Inclus,Timer, iFeel, Night Mode, Auto Curatare, iFavor - One Concept","robots":{"index":"index","follow":"follow","max-snippet":"max-snippet:-1","max-image-preview":"max-image-preview:large","max-video-preview":"max-video-preview:-1"},"canonical":"https:\/\/www.oneconcept.ro\/en\/product\/aparat-aer-conditionat-goldsense-new-elite-12-000-btu-h-wifi-inclus-kit-montaj-inclustimer-ifeel-night-mode-auto-curatare-ifavor\/","og_locale":"en_US","og_type":"article","og_title":"Aparat aer conditionat Goldsense New Elite, 12 000 BTU\/h, WiFi Inclus, Kit Montaj Inclus,Timer, iFeel, Night Mode, Auto Curatare, iFavor - One Concept","og_description":"Control WiFi  Pentru confortul dumneavoastra, aparatele de aer condi\u021bionat Goldsense din seria ELiTE pot fi controlate de la distan\u021b\u0103 folosind controlerul WiFi, care este inclus \u00een pachet.","og_url":"https:\/\/www.oneconcept.ro\/en\/product\/aparat-aer-conditionat-goldsense-new-elite-12-000-btu-h-wifi-inclus-kit-montaj-inclustimer-ifeel-night-mode-auto-curatare-ifavor\/","og_site_name":"One Concept","article_modified_time":"2025-06-25T09:51:07+00:00","og_image":[{"width":1080,"height":1080,"url":"https:\/\/www.oneconcept.ro\/wp-content\/uploads\/2025\/05\/SET-1.png","type":"image\/png"}],"twitter_card":"summary_large_image","twitter_misc":{"Est. reading time":"2 minutes"},"schema":{"@context":"https:\/\/schema.org","@graph":[{"@type":"WebPage","@id":"https:\/\/www.oneconcept.ro\/en\/product\/aparat-aer-conditionat-goldsense-new-elite-12-000-btu-h-wifi-inclus-kit-montaj-inclustimer-ifeel-night-mode-auto-curatare-ifavor\/","url":"https:\/\/www.oneconcept.ro\/en\/product\/aparat-aer-conditionat-goldsense-new-elite-12-000-btu-h-wifi-inclus-kit-montaj-inclustimer-ifeel-night-mode-auto-curatare-ifavor\/","name":"Aparat aer conditionat Goldsense New Elite, 12 000 BTU\/h, WiFi Inclus, Kit Montaj Inclus,Timer, iFeel, Night Mode, Auto Curatare, iFavor - One Concept","isPartOf":{"@id":"https:\/\/www.oneconcept.ro\/en\/#website"},"primaryImageOfPage":{"@id":"https:\/\/www.oneconcept.ro\/en\/product\/aparat-aer-conditionat-goldsense-new-elite-12-000-btu-h-wifi-inclus-kit-montaj-inclustimer-ifeel-night-mode-auto-curatare-ifavor\/#primaryimage"},"image":{"@id":"https:\/\/www.oneconcept.ro\/en\/product\/aparat-aer-conditionat-goldsense-new-elite-12-000-btu-h-wifi-inclus-kit-montaj-inclustimer-ifeel-night-mode-auto-curatare-ifavor\/#primaryimage"},"thumbnailUrl":"https:\/\/www.oneconcept.ro\/wp-content\/uploads\/2025\/05\/SET-1.png","datePublished":"2025-05-27T04:24:57+00:00","dateModified":"2025-06-25T09:51:07+00:00","breadcrumb":{"@id":"https:\/\/www.oneconcept.ro\/en\/product\/aparat-aer-conditionat-goldsense-new-elite-12-000-btu-h-wifi-inclus-kit-montaj-inclustimer-ifeel-night-mode-auto-curatare-ifavor\/#breadcrumb"},"inLanguage":"en-US","potentialAction":[{"@type":"ReadAction","target":["https:\/\/www.oneconcept.ro\/en\/product\/aparat-aer-conditionat-goldsense-new-elite-12-000-btu-h-wifi-inclus-kit-montaj-inclustimer-ifeel-night-mode-auto-curatare-ifavor\/"]}]},{"@type":"ImageObject","inLanguage":"en-US","@id":"https:\/\/www.oneconcept.ro\/en\/product\/aparat-aer-conditionat-goldsense-new-elite-12-000-btu-h-wifi-inclus-kit-montaj-inclustimer-ifeel-night-mode-auto-curatare-ifavor\/#primaryimage","url":"https:\/\/www.oneconcept.ro\/wp-content\/uploads\/2025\/05\/SET-1.png","contentUrl":"https:\/\/www.oneconcept.ro\/wp-content\/uploads\/2025\/05\/SET-1.png","width":1080,"height":1080},{"@type":"BreadcrumbList","@id":"https:\/\/www.oneconcept.ro\/en\/product\/aparat-aer-conditionat-goldsense-new-elite-12-000-btu-h-wifi-inclus-kit-montaj-inclustimer-ifeel-night-mode-auto-curatare-ifavor\/#breadcrumb","itemListElement":[{"@type":"ListItem","position":1,"name":"Prima pagin\u0103","item":"https:\/\/www.oneconcept.ro\/en\/home\/"},{"@type":"ListItem","position":2,"name":"Shop","item":"https:\/\/www.oneconcept.ro\/en\/shop-2\/"},{"@type":"ListItem","position":3,"name":"Aparat aer conditionat Goldsense New Elite, 12 000 BTU\/h, WiFi Inclus, Kit Montaj Inclus,Timer, iFeel, Night Mode, Auto Curatare, iFavor"}]},{"@type":"WebSite","@id":"https:\/\/www.oneconcept.ro\/en\/#website","url":"https:\/\/www.oneconcept.ro\/en\/","name":"One Concept","description":"","publisher":{"@id":"https:\/\/www.oneconcept.ro\/en\/#organization"},"potentialAction":[{"@type":"SearchAction","target":{"@type":"EntryPoint","urlTemplate":"https:\/\/www.oneconcept.ro\/en\/?s={search_term_string}"},"query-input":{"@type":"PropertyValueSpecification","valueRequired":true,"valueName":"search_term_string"}}],"inLanguage":"en-US"},{"@type":"Organization","@id":"https:\/\/www.oneconcept.ro\/en\/#organization","name":"One Concept","url":"https:\/\/www.oneconcept.ro\/en\/","logo":{"@type":"ImageObject","inLanguage":"en-US","@id":"https:\/\/www.oneconcept.ro\/en\/#\/schema\/logo\/image\/","url":"https:\/\/www.oneconcept.ro\/wp-content\/uploads\/2025\/07\/cropped-v1.png","contentUrl":"https:\/\/www.oneconcept.ro\/wp-content\/uploads\/2025\/07\/cropped-v1.png","width":512,"height":512,"caption":"One Concept"},"image":{"@id":"https:\/\/www.oneconcept.ro\/en\/#\/schema\/logo\/image\/"}}]}},"_links":{"self":[{"href":"https:\/\/www.oneconcept.ro\/en\/wp-json\/wp\/v2\/product\/2716","targetHints":{"allow":["GET"]}}],"collection":[{"href":"https:\/\/www.oneconcept.ro\/en\/wp-json\/wp\/v2\/product"}],"about":[{"href":"https:\/\/www.oneconcept.ro\/en\/wp-json\/wp\/v2\/types\/product"}],"replies":[{"embeddable":true,"href":"https:\/\/www.oneconcept.ro\/en\/wp-json\/wp\/v2\/comments?post=2716"}],"wp:featuredmedia":[{"embeddable":true,"href":"https:\/\/www.oneconcept.ro\/en\/wp-json\/wp\/v2\/media\/631"}],"wp:attachment":[{"href":"https:\/\/www.oneconcept.ro\/en\/wp-json\/wp\/v2\/media?parent=2716"}],"wp:term":[{"taxonomy":"product_brand","embeddable":true,"href":"https:\/\/www.oneconcept.ro\/en\/wp-json\/wp\/v2\/product_brand?post=2716"},{"taxonomy":"product_cat","embeddable":true,"href":"https:\/\/www.oneconcept.ro\/en\/wp-json\/wp\/v2\/product_cat?post=2716"},{"taxonomy":"product_tag","embeddable":true,"href":"https:\/\/www.oneconcept.ro\/en\/wp-json\/wp\/v2\/product_tag?post=2716"}],"curies":[{"name":"wp","href":"https:\/\/api.w.org\/{rel}","templated":true}]}}