{"id":2714,"date":"2025-05-27T07:24:57","date_gmt":"2025-05-27T04:24:57","guid":{"rendered":"https:\/\/staging.oneconcept.ro\/?post_type=product&#038;p=2714"},"modified":"2025-06-25T12:51:07","modified_gmt":"2025-06-25T09:51:07","slug":"aparat-aer-conditionat-goldsense-m-pro-24-000-btu-h-wifi-inclus-auto-curatare-4d-airflow-aerodynamic-micro-arc-filtru-carbon","status":"publish","type":"product","link":"https:\/\/www.oneconcept.ro\/en\/product\/aparat-aer-conditionat-goldsense-m-pro-24-000-btu-h-wifi-inclus-auto-curatare-4d-airflow-aerodynamic-micro-arc-filtru-carbon\/","title":{"rendered":"Aparat aer conditionat Goldsense M PRO, 24 000 BTU\/h, WiFi inclus, auto curatare, 4D AirFlow, AERODYNAMIC &#8220;MICRO-ARC&#8221;, filtru carbon"},"content":{"rendered":"<p><strong>Alimentare cu aer prin tehnologia micropori<\/strong><br \/>\nMicroporii de pe panou \u0219i deflectorul de aer transform\u0103 curentul de aer \u00eentr-o briz\u0103 bl\u00e2nd\u0103, p\u0103str\u00e2nd totodat\u0103 efectul de r\u0103cire.<\/p>\n<p><strong>Panel cu finisaj mat<\/strong><br \/>\nCu un aspect complet mat \u0219i un design satinat, ceea ce face ca aparatul s\u0103 fie elegant \u0219i de \u00eenalt\u0103 calitate.<\/p>\n<p><strong>A cincea generatie de auto curatare<\/strong><br \/>\nO actualizare cuprinz\u0103toare, \u0219ase pa\u0219i pentru cur\u0103\u021barea temeinic\u0103 a unit\u0103\u021bilor interioare \u0219i exterioare. Elimin\u0103 patru bacterii majore cu o rat\u0103 de sterilizare de 99,9%.<\/p>\n<p><strong>Instalare usoara<\/strong><br \/>\nSuportul de sub panel este detasabil, oferind un spa\u021biu de operare extins. Timpul de instalare este redus cu 20%.<\/p>\n<p><strong>Full DC Inverter<\/strong><br \/>\nPornire rapid\u0103: Un compresor DC de \u00eenalt\u0103 calitate care poate porni rapid \u0219i func\u021biona la frecven\u021b\u0103 ultra-\u00eenalt\u0103. R\u0103cire \u0219i \u00eenc\u0103lzire rapid\u0103 stabil, fiabil \u0219i durabil.<\/p>\n<p><strong>8\u00b0C temperatura constanta<\/strong><br \/>\nMen\u021bine temperatura camerei constant\u0103 la 8\u00b0C. Animalele de companie \u0219i plantele sunt \u00een siguran\u021b\u0103 acas\u0103 f\u0103r\u0103 griji.<\/p>\n<p>&nbsp;<\/p>\n<p><img fetchpriority=\"high\" decoding=\"async\" class=\"size-full wp-image-3203 aligncenter\" src=\"https:\/\/www.oneconcept.ro\/wp-content\/uploads\/2025\/03\/SET.png\" alt=\"\" width=\"1080\" height=\"1080\" \/><\/p>\n<p>&nbsp;<\/p>\n","protected":false},"excerpt":{"rendered":"<p><strong>Alimentare cu aer prin tehnologia micropori<\/strong><br \/>\nMicroporii de pe panou \u0219i deflectorul de aer transform\u0103 curentul de aer \u00eentr-o briz\u0103 bl\u00e2nd\u0103, p\u0103str\u00e2nd totodat\u0103 efectul de r\u0103cire.<\/p>\n","protected":false},"featured_media":628,"comment_status":"closed","ping_status":"closed","template":"","meta":{"_acf_changed":false},"product_brand":[512],"product_cat":[461,462],"product_tag":[496,517],"class_list":{"0":"post-2714","1":"product","2":"type-product","3":"status-publish","4":"has-post-thumbnail","6":"product_brand-goldsense","7":"product_cat-rezidential-single-solutia-ideala-pentru-spatii-mic","8":"product_cat-splituri-de-perete","9":"product_tag-24000-btu","10":"product_tag-nan","12":"first","13":"onbackorder","14":"taxable","15":"shipping-taxable","16":"purchasable","17":"product-type-simple"},"acf":[],"yoast_head":"<!-- This site is optimized with the Yoast SEO plugin v27.1 - https:\/\/yoast.com\/product\/yoast-seo-wordpress\/ -->\n<title>Aparat aer conditionat Goldsense M PRO, 24 000 BTU\/h, WiFi inclus, auto curatare, 4D AirFlow, AERODYNAMIC &quot;MICRO-ARC&quot;, filtru carbon - One Concept<\/title>\n<meta name=\"robots\" content=\"index, follow, max-snippet:-1, max-image-preview:large, max-video-preview:-1\" \/>\n<link rel=\"canonical\" href=\"https:\/\/www.oneconcept.ro\/en\/product\/aparat-aer-conditionat-goldsense-m-pro-24-000-btu-h-wifi-inclus-auto-curatare-4d-airflow-aerodynamic-micro-arc-filtru-carbon\/\" \/>\n<meta property=\"og:locale\" content=\"en_US\" \/>\n<meta property=\"og:type\" content=\"article\" \/>\n<meta property=\"og:title\" content=\"Aparat aer conditionat Goldsense M PRO, 24 000 BTU\/h, WiFi inclus, auto curatare, 4D AirFlow, AERODYNAMIC &quot;MICRO-ARC&quot;, filtru carbon - One Concept\" \/>\n<meta property=\"og:description\" content=\"Alimentare cu aer prin tehnologia micropori Microporii de pe panou \u0219i deflectorul de aer transform\u0103 curentul de aer \u00eentr-o briz\u0103 bl\u00e2nd\u0103, p\u0103str\u00e2nd totodat\u0103 efectul de r\u0103cire.\" \/>\n<meta property=\"og:url\" content=\"https:\/\/www.oneconcept.ro\/en\/product\/aparat-aer-conditionat-goldsense-m-pro-24-000-btu-h-wifi-inclus-auto-curatare-4d-airflow-aerodynamic-micro-arc-filtru-carbon\/\" \/>\n<meta property=\"og:site_name\" content=\"One Concept\" \/>\n<meta property=\"article:modified_time\" content=\"2025-06-25T09:51:07+00:00\" \/>\n<meta property=\"og:image\" content=\"https:\/\/www.oneconcept.ro\/wp-content\/uploads\/2025\/05\/SET.png\" \/>\n\t<meta property=\"og:image:width\" content=\"1080\" \/>\n\t<meta property=\"og:image:height\" content=\"1080\" \/>\n\t<meta property=\"og:image:type\" content=\"image\/png\" \/>\n<meta name=\"twitter:card\" content=\"summary_large_image\" \/>\n<meta name=\"twitter:label1\" content=\"Est. reading time\" \/>\n\t<meta name=\"twitter:data1\" content=\"1 minute\" \/>\n<script type=\"application\/ld+json\" class=\"yoast-schema-graph\">{\"@context\":\"https:\/\/schema.org\",\"@graph\":[{\"@type\":\"WebPage\",\"@id\":\"https:\/\/www.oneconcept.ro\/en\/product\/aparat-aer-conditionat-goldsense-m-pro-24-000-btu-h-wifi-inclus-auto-curatare-4d-airflow-aerodynamic-micro-arc-filtru-carbon\/\",\"url\":\"https:\/\/www.oneconcept.ro\/en\/product\/aparat-aer-conditionat-goldsense-m-pro-24-000-btu-h-wifi-inclus-auto-curatare-4d-airflow-aerodynamic-micro-arc-filtru-carbon\/\",\"name\":\"Aparat aer conditionat Goldsense M PRO, 24 000 BTU\/h, WiFi inclus, auto curatare, 4D AirFlow, AERODYNAMIC \\\"MICRO-ARC\\\", filtru carbon - One Concept\",\"isPartOf\":{\"@id\":\"https:\/\/www.oneconcept.ro\/en\/#website\"},\"primaryImageOfPage\":{\"@id\":\"https:\/\/www.oneconcept.ro\/en\/product\/aparat-aer-conditionat-goldsense-m-pro-24-000-btu-h-wifi-inclus-auto-curatare-4d-airflow-aerodynamic-micro-arc-filtru-carbon\/#primaryimage\"},\"image\":{\"@id\":\"https:\/\/www.oneconcept.ro\/en\/product\/aparat-aer-conditionat-goldsense-m-pro-24-000-btu-h-wifi-inclus-auto-curatare-4d-airflow-aerodynamic-micro-arc-filtru-carbon\/#primaryimage\"},\"thumbnailUrl\":\"https:\/\/www.oneconcept.ro\/wp-content\/uploads\/2025\/05\/SET.png\",\"datePublished\":\"2025-05-27T04:24:57+00:00\",\"dateModified\":\"2025-06-25T09:51:07+00:00\",\"breadcrumb\":{\"@id\":\"https:\/\/www.oneconcept.ro\/en\/product\/aparat-aer-conditionat-goldsense-m-pro-24-000-btu-h-wifi-inclus-auto-curatare-4d-airflow-aerodynamic-micro-arc-filtru-carbon\/#breadcrumb\"},\"inLanguage\":\"en-US\",\"potentialAction\":[{\"@type\":\"ReadAction\",\"target\":[\"https:\/\/www.oneconcept.ro\/en\/product\/aparat-aer-conditionat-goldsense-m-pro-24-000-btu-h-wifi-inclus-auto-curatare-4d-airflow-aerodynamic-micro-arc-filtru-carbon\/\"]}]},{\"@type\":\"ImageObject\",\"inLanguage\":\"en-US\",\"@id\":\"https:\/\/www.oneconcept.ro\/en\/product\/aparat-aer-conditionat-goldsense-m-pro-24-000-btu-h-wifi-inclus-auto-curatare-4d-airflow-aerodynamic-micro-arc-filtru-carbon\/#primaryimage\",\"url\":\"https:\/\/www.oneconcept.ro\/wp-content\/uploads\/2025\/05\/SET.png\",\"contentUrl\":\"https:\/\/www.oneconcept.ro\/wp-content\/uploads\/2025\/05\/SET.png\",\"width\":1080,\"height\":1080},{\"@type\":\"BreadcrumbList\",\"@id\":\"https:\/\/www.oneconcept.ro\/en\/product\/aparat-aer-conditionat-goldsense-m-pro-24-000-btu-h-wifi-inclus-auto-curatare-4d-airflow-aerodynamic-micro-arc-filtru-carbon\/#breadcrumb\",\"itemListElement\":[{\"@type\":\"ListItem\",\"position\":1,\"name\":\"Prima pagin\u0103\",\"item\":\"https:\/\/www.oneconcept.ro\/en\/home\/\"},{\"@type\":\"ListItem\",\"position\":2,\"name\":\"Shop\",\"item\":\"https:\/\/www.oneconcept.ro\/en\/shop-2\/\"},{\"@type\":\"ListItem\",\"position\":3,\"name\":\"Aparat aer conditionat Goldsense M PRO, 24 000 BTU\/h, WiFi inclus, auto curatare, 4D AirFlow, AERODYNAMIC &#8222;MICRO-ARC&#8221;, filtru carbon\"}]},{\"@type\":\"WebSite\",\"@id\":\"https:\/\/www.oneconcept.ro\/en\/#website\",\"url\":\"https:\/\/www.oneconcept.ro\/en\/\",\"name\":\"One Concept\",\"description\":\"\",\"publisher\":{\"@id\":\"https:\/\/www.oneconcept.ro\/en\/#organization\"},\"potentialAction\":[{\"@type\":\"SearchAction\",\"target\":{\"@type\":\"EntryPoint\",\"urlTemplate\":\"https:\/\/www.oneconcept.ro\/en\/?s={search_term_string}\"},\"query-input\":{\"@type\":\"PropertyValueSpecification\",\"valueRequired\":true,\"valueName\":\"search_term_string\"}}],\"inLanguage\":\"en-US\"},{\"@type\":\"Organization\",\"@id\":\"https:\/\/www.oneconcept.ro\/en\/#organization\",\"name\":\"One Concept\",\"url\":\"https:\/\/www.oneconcept.ro\/en\/\",\"logo\":{\"@type\":\"ImageObject\",\"inLanguage\":\"en-US\",\"@id\":\"https:\/\/www.oneconcept.ro\/en\/#\/schema\/logo\/image\/\",\"url\":\"https:\/\/www.oneconcept.ro\/wp-content\/uploads\/2025\/07\/cropped-v1.png\",\"contentUrl\":\"https:\/\/www.oneconcept.ro\/wp-content\/uploads\/2025\/07\/cropped-v1.png\",\"width\":512,\"height\":512,\"caption\":\"One Concept\"},\"image\":{\"@id\":\"https:\/\/www.oneconcept.ro\/en\/#\/schema\/logo\/image\/\"}}]}<\/script>\n<!-- \/ Yoast SEO plugin. -->","yoast_head_json":{"title":"Aparat aer conditionat Goldsense M PRO, 24 000 BTU\/h, WiFi inclus, auto curatare, 4D AirFlow, AERODYNAMIC \"MICRO-ARC\", filtru carbon - One Concept","robots":{"index":"index","follow":"follow","max-snippet":"max-snippet:-1","max-image-preview":"max-image-preview:large","max-video-preview":"max-video-preview:-1"},"canonical":"https:\/\/www.oneconcept.ro\/en\/product\/aparat-aer-conditionat-goldsense-m-pro-24-000-btu-h-wifi-inclus-auto-curatare-4d-airflow-aerodynamic-micro-arc-filtru-carbon\/","og_locale":"en_US","og_type":"article","og_title":"Aparat aer conditionat Goldsense M PRO, 24 000 BTU\/h, WiFi inclus, auto curatare, 4D AirFlow, AERODYNAMIC \"MICRO-ARC\", filtru carbon - One Concept","og_description":"Alimentare cu aer prin tehnologia micropori Microporii de pe panou \u0219i deflectorul de aer transform\u0103 curentul de aer \u00eentr-o briz\u0103 bl\u00e2nd\u0103, p\u0103str\u00e2nd totodat\u0103 efectul de r\u0103cire.","og_url":"https:\/\/www.oneconcept.ro\/en\/product\/aparat-aer-conditionat-goldsense-m-pro-24-000-btu-h-wifi-inclus-auto-curatare-4d-airflow-aerodynamic-micro-arc-filtru-carbon\/","og_site_name":"One Concept","article_modified_time":"2025-06-25T09:51:07+00:00","og_image":[{"width":1080,"height":1080,"url":"https:\/\/www.oneconcept.ro\/wp-content\/uploads\/2025\/05\/SET.png","type":"image\/png"}],"twitter_card":"summary_large_image","twitter_misc":{"Est. reading time":"1 minute"},"schema":{"@context":"https:\/\/schema.org","@graph":[{"@type":"WebPage","@id":"https:\/\/www.oneconcept.ro\/en\/product\/aparat-aer-conditionat-goldsense-m-pro-24-000-btu-h-wifi-inclus-auto-curatare-4d-airflow-aerodynamic-micro-arc-filtru-carbon\/","url":"https:\/\/www.oneconcept.ro\/en\/product\/aparat-aer-conditionat-goldsense-m-pro-24-000-btu-h-wifi-inclus-auto-curatare-4d-airflow-aerodynamic-micro-arc-filtru-carbon\/","name":"Aparat aer conditionat Goldsense M PRO, 24 000 BTU\/h, WiFi inclus, auto curatare, 4D AirFlow, AERODYNAMIC \"MICRO-ARC\", filtru carbon - One Concept","isPartOf":{"@id":"https:\/\/www.oneconcept.ro\/en\/#website"},"primaryImageOfPage":{"@id":"https:\/\/www.oneconcept.ro\/en\/product\/aparat-aer-conditionat-goldsense-m-pro-24-000-btu-h-wifi-inclus-auto-curatare-4d-airflow-aerodynamic-micro-arc-filtru-carbon\/#primaryimage"},"image":{"@id":"https:\/\/www.oneconcept.ro\/en\/product\/aparat-aer-conditionat-goldsense-m-pro-24-000-btu-h-wifi-inclus-auto-curatare-4d-airflow-aerodynamic-micro-arc-filtru-carbon\/#primaryimage"},"thumbnailUrl":"https:\/\/www.oneconcept.ro\/wp-content\/uploads\/2025\/05\/SET.png","datePublished":"2025-05-27T04:24:57+00:00","dateModified":"2025-06-25T09:51:07+00:00","breadcrumb":{"@id":"https:\/\/www.oneconcept.ro\/en\/product\/aparat-aer-conditionat-goldsense-m-pro-24-000-btu-h-wifi-inclus-auto-curatare-4d-airflow-aerodynamic-micro-arc-filtru-carbon\/#breadcrumb"},"inLanguage":"en-US","potentialAction":[{"@type":"ReadAction","target":["https:\/\/www.oneconcept.ro\/en\/product\/aparat-aer-conditionat-goldsense-m-pro-24-000-btu-h-wifi-inclus-auto-curatare-4d-airflow-aerodynamic-micro-arc-filtru-carbon\/"]}]},{"@type":"ImageObject","inLanguage":"en-US","@id":"https:\/\/www.oneconcept.ro\/en\/product\/aparat-aer-conditionat-goldsense-m-pro-24-000-btu-h-wifi-inclus-auto-curatare-4d-airflow-aerodynamic-micro-arc-filtru-carbon\/#primaryimage","url":"https:\/\/www.oneconcept.ro\/wp-content\/uploads\/2025\/05\/SET.png","contentUrl":"https:\/\/www.oneconcept.ro\/wp-content\/uploads\/2025\/05\/SET.png","width":1080,"height":1080},{"@type":"BreadcrumbList","@id":"https:\/\/www.oneconcept.ro\/en\/product\/aparat-aer-conditionat-goldsense-m-pro-24-000-btu-h-wifi-inclus-auto-curatare-4d-airflow-aerodynamic-micro-arc-filtru-carbon\/#breadcrumb","itemListElement":[{"@type":"ListItem","position":1,"name":"Prima pagin\u0103","item":"https:\/\/www.oneconcept.ro\/en\/home\/"},{"@type":"ListItem","position":2,"name":"Shop","item":"https:\/\/www.oneconcept.ro\/en\/shop-2\/"},{"@type":"ListItem","position":3,"name":"Aparat aer conditionat Goldsense M PRO, 24 000 BTU\/h, WiFi inclus, auto curatare, 4D AirFlow, AERODYNAMIC &#8222;MICRO-ARC&#8221;, filtru carbon"}]},{"@type":"WebSite","@id":"https:\/\/www.oneconcept.ro\/en\/#website","url":"https:\/\/www.oneconcept.ro\/en\/","name":"One Concept","description":"","publisher":{"@id":"https:\/\/www.oneconcept.ro\/en\/#organization"},"potentialAction":[{"@type":"SearchAction","target":{"@type":"EntryPoint","urlTemplate":"https:\/\/www.oneconcept.ro\/en\/?s={search_term_string}"},"query-input":{"@type":"PropertyValueSpecification","valueRequired":true,"valueName":"search_term_string"}}],"inLanguage":"en-US"},{"@type":"Organization","@id":"https:\/\/www.oneconcept.ro\/en\/#organization","name":"One Concept","url":"https:\/\/www.oneconcept.ro\/en\/","logo":{"@type":"ImageObject","inLanguage":"en-US","@id":"https:\/\/www.oneconcept.ro\/en\/#\/schema\/logo\/image\/","url":"https:\/\/www.oneconcept.ro\/wp-content\/uploads\/2025\/07\/cropped-v1.png","contentUrl":"https:\/\/www.oneconcept.ro\/wp-content\/uploads\/2025\/07\/cropped-v1.png","width":512,"height":512,"caption":"One Concept"},"image":{"@id":"https:\/\/www.oneconcept.ro\/en\/#\/schema\/logo\/image\/"}}]}},"_links":{"self":[{"href":"https:\/\/www.oneconcept.ro\/en\/wp-json\/wp\/v2\/product\/2714","targetHints":{"allow":["GET"]}}],"collection":[{"href":"https:\/\/www.oneconcept.ro\/en\/wp-json\/wp\/v2\/product"}],"about":[{"href":"https:\/\/www.oneconcept.ro\/en\/wp-json\/wp\/v2\/types\/product"}],"replies":[{"embeddable":true,"href":"https:\/\/www.oneconcept.ro\/en\/wp-json\/wp\/v2\/comments?post=2714"}],"wp:featuredmedia":[{"embeddable":true,"href":"https:\/\/www.oneconcept.ro\/en\/wp-json\/wp\/v2\/media\/628"}],"wp:attachment":[{"href":"https:\/\/www.oneconcept.ro\/en\/wp-json\/wp\/v2\/media?parent=2714"}],"wp:term":[{"taxonomy":"product_brand","embeddable":true,"href":"https:\/\/www.oneconcept.ro\/en\/wp-json\/wp\/v2\/product_brand?post=2714"},{"taxonomy":"product_cat","embeddable":true,"href":"https:\/\/www.oneconcept.ro\/en\/wp-json\/wp\/v2\/product_cat?post=2714"},{"taxonomy":"product_tag","embeddable":true,"href":"https:\/\/www.oneconcept.ro\/en\/wp-json\/wp\/v2\/product_tag?post=2714"}],"curies":[{"name":"wp","href":"https:\/\/api.w.org\/{rel}","templated":true}]}}