{"id":2707,"date":"2025-05-27T07:24:57","date_gmt":"2025-05-27T04:24:57","guid":{"rendered":"https:\/\/staging.oneconcept.ro\/?post_type=product&#038;p=2707"},"modified":"2025-06-25T12:51:06","modified_gmt":"2025-06-25T09:51:06","slug":"aparat-aer-conditionat-mdv-frost-24-000-btu-h-1w-standby-turbo-5-viteze-detectare-scurgeri-de-agent-frigorific-wifi-eco-mode-auto-curatare-incalzire-25-grade","status":"publish","type":"product","link":"https:\/\/www.oneconcept.ro\/en\/product\/aparat-aer-conditionat-mdv-frost-24-000-btu-h-1w-standby-turbo-5-viteze-detectare-scurgeri-de-agent-frigorific-wifi-eco-mode-auto-curatare-incalzire-25-grade\/","title":{"rendered":"Aparat aer conditionat MDV Frost, 24 000 BTU\/h, 1w Standby, Turbo, 5 Viteze, Detectare scurgeri de agent frigorific, WiFi, Eco Mode, Auto Curatare, Incalzire -25 grade"},"content":{"rendered":"<p>Aparatul de aer condi\u021bionat FROST este un r\u0103spuns la nevoile utilizatorilor preten\u021bio\u0219i care doresc s\u0103 se bucure de func\u021bii fiabile folosind un dispozitiv u\u0219or de utilizat \u0219i economic. C\u0103uta\u021bi un aparat de aer condi\u021bionat minimalist cu func\u021bie de \u00eenc\u0103lzire? FROST este alegerea ta perfect\u0103.<\/p>\n<p>&nbsp;<\/p>\n<p style=\"text-align: left;\"><img decoding=\"async\" src=\"https:\/\/scrol.pl\/Produkty\/KLIMATYZATORY\/Klimatyzatory%20SPLIT\/MDV%20FROST\/1W%20w%20trybie%20czuwania.png\" \/><strong>1W \u00een modul standby<\/strong><br \/>\nDispozitivul \u00een modul standby consum\u0103 doar 1W pentru a p\u0103stra memoria set\u0103rilor.<\/p>\n<p>&nbsp;<\/p>\n<p><img decoding=\"async\" src=\"https:\/\/scrol.pl\/Produkty\/KLIMATYZATORY\/Klimatyzatory%20SPLIT\/MDV%20FROST\/5%20Pr%C4%99dko%C5%9Bci%20Wentylatora.png\" \/><strong>5 viteze ale ventilatorului<\/strong><br \/>\nDispozitivul este echipat cu 5 viteze ale ventilatorului de interior: turbo, mare, medie, joas\u0103 \u0219i dezactivat\u0103.<\/p>\n<p>&nbsp;<\/p>\n<p><img decoding=\"async\" src=\"https:\/\/scrol.pl\/Produkty\/KLIMATYZATORY\/Klimatyzatory%20SPLIT\/MDV%20FROST\/Auto%20Restart.png\" \/><strong>Pornire automat\u0103<\/strong><br \/>\n\u00cen cazul unei defec\u021biuni \u00een alimentarea cu energie electric\u0103 a dispozitivului, dup\u0103 reluarea aliment\u0103rii, aparatul de aer condi\u021bionat va porni automat, restabilind modul de func\u021bionare setat \u00eenainte de defec\u021biune.<\/p>\n<p>&nbsp;<\/p>\n<p><img decoding=\"async\" src=\"https:\/\/scrol.pl\/Produkty\/KLIMATYZATORY\/Klimatyzatory%20SPLIT\/MDV%20FROST\/Ciep%C5%82y%20Start.png\" \/><strong>Pornire la cald<\/strong><br \/>\nPrevine rafalele de aer rece la pornirea aparatului de aer conditionat in modul de incalzire, asigurand conditii confortabile pentru utilizator.<\/p>\n<p>&nbsp;<\/p>\n<p><img decoding=\"async\" src=\"https:\/\/scrol.pl\/Produkty\/KLIMATYZATORY\/Klimatyzatory%20SPLIT\/MDV%20FROST\/Detekcja%20wycieku%20czynnika.png\" \/><strong>Detectare scurgeri de agent frigorific<\/strong><br \/>\nAparatul este echipat cu un set de senzori care declan\u0219eaz\u0103 o alarm\u0103 atunci c\u00e2nd este detectat\u0103 o scurgere \u00een sistemul freon.<\/p>\n<p>&nbsp;<\/p>\n<p><img decoding=\"async\" src=\"https:\/\/scrol.pl\/Produkty\/KLIMATYZATORY\/Klimatyzatory%20SPLIT\/MDV%20FROST\/Filtr%20katalityczny%20w%C4%99glowy.png\" \/><strong>Filtrul de carbon catalitic<\/strong><br \/>\nNeutralizeaz\u0103 gazele nocive transform\u00e2ndu-le \u00een molecule de ap\u0103 \u0219i dioxid de carbon, adic\u0103 compu\u0219i inofensivi.<\/p>\n<p>&nbsp;<\/p>\n<p><img decoding=\"async\" src=\"https:\/\/scrol.pl\/Produkty\/KLIMATYZATORY\/Klimatyzatory%20SPLIT\/MDV%20FROST\/Filtr%20Siatkowy.png\" \/><strong>Filtru plas\u0103<\/strong><br \/>\nLimiteaz\u0103 fluxul de particule solide (praf) prin schimb\u0103torul de c\u0103ldur\u0103 situat \u00een unitate.<\/p>\n<p>&nbsp;<\/p>\n<p><img decoding=\"async\" src=\"https:\/\/scrol.pl\/Produkty\/KLIMATYZATORY\/Klimatyzatory%20SPLIT\/MDV%20FROST\/Funkcja%20Przy%20Mnie.png\" \/><strong>Func\u021bia \u201eLa mine\u201d<\/strong><br \/>\nControl precis al temperaturii datorit\u0103 senzorului \u00eencorporat \u00een telecomand\u0103: dispozitivul se str\u0103duie\u0219te s\u0103 men\u021bin\u0103 temperatura setat\u0103 acolo unde se afl\u0103 utilizatorul \u0219i telecomanda.<\/p>\n<p>&nbsp;<\/p>\n<p><img decoding=\"async\" src=\"https:\/\/scrol.pl\/Produkty\/KLIMATYZATORY\/Klimatyzatory%20SPLIT\/MDV%20FROST\/Funkcja%20Snu.png\" \/><strong>Func\u021bia Sleep<\/strong><br \/>\nCre\u0219te (coboar\u0103) automat temperatura setat\u0103 cu 1\u00b0C pe or\u0103 \u00een decurs de dou\u0103 ore de la func\u021bionare. Dup\u0103 5 ore de func\u021bionare continu\u0103, aparatul de aer condi\u021bionat se va opri.<\/p>\n<p>&nbsp;<\/p>\n<p><img decoding=\"async\" src=\"https:\/\/scrol.pl\/Produkty\/KLIMATYZATORY\/Klimatyzatory%20SPLIT\/MDV%20FROST\/Funkcja%20TURBO.png\" \/><strong>Func\u021bia TURBO<\/strong><br \/>\nCea mai mare vitez\u0103 a ventilatorului permite atingerea mai rapid\u0103 a temperaturii setate.<\/p>\n<p>&nbsp;<\/p>\n<p><img decoding=\"async\" src=\"https:\/\/scrol.pl\/Produkty\/KLIMATYZATORY\/Klimatyzatory%20SPLIT\/MDV%20FROST\/Grzanie%208C.png\" \/><strong>\u00cenc\u0103lzire 8\u00b0C<\/strong><br \/>\nPrevenirea r\u0103cirii excesive a \u00eenc\u0103perii \u0219i posibilitatea de a seta dispozitivul s\u0103 porneasc\u0103 \u00een modul de \u00eenc\u0103lzire atunci c\u00e2nd temperatura din interiorul camerei scade sub 8\u00b0C.<\/p>\n<p>&nbsp;<\/p>\n<p><img decoding=\"async\" src=\"https:\/\/scrol.pl\/Produkty\/KLIMATYZATORY\/Klimatyzatory%20SPLIT\/MDV%20FROST\/Grza%C5%82ka%20Karteru%20Spr%C4%99%C5%BCarki.png\" \/><strong>\u00cenc\u0103lzitorul carterului compresorului<\/strong><br \/>\n\u00cenc\u0103lze\u0219te compresorul \u0219i schimb\u0103 agentul frigorific lichid \u00eentr-o stare gazoas\u0103 \u00eenainte de a porni compresorul. \u00cen plus, va \u00eenc\u0103lzi \u0219i uleiul \u00eenainte de decolare.<\/p>\n<p>&nbsp;<\/p>\n<p><img decoding=\"async\" src=\"https:\/\/scrol.pl\/Produkty\/KLIMATYZATORY\/Klimatyzatory%20SPLIT\/MDV%20FROST\/Grza%C5%82ka%20Tacy%20Ociekowej.png\" \/><strong>\u00cenc\u0103lzitor tav\u0103 de scurgere<\/strong><br \/>\nPermite condensului s\u0103 curg\u0103 liber din tava de scurgere a unit\u0103\u021bii exterioare, chiar \u0219i pe timpul iernii.<\/p>\n<p>&nbsp;<\/p>\n<p><img decoding=\"async\" src=\"https:\/\/scrol.pl\/Produkty\/KLIMATYZATORY\/Klimatyzatory%20SPLIT\/MDV%20FROST\/Pami%C4%99%C4%87%20%C5%BCaluzji.png\" \/><strong>Memorie jaluzele<\/strong><br \/>\nRevenirea automat\u0103 a set\u0103rilor jaluzelelor la pozi\u021bia anterioar\u0103 dup\u0103 repornirea dispozitivului.<\/p>\n<p>&nbsp;<\/p>\n<p><img decoding=\"async\" src=\"https:\/\/scrol.pl\/Produkty\/KLIMATYZATORY\/Klimatyzatory%20SPLIT\/MDV%20FROST\/Pilot%20Bezprzewodowy.png\" \/><strong>Telecomand\u0103 f\u0103r\u0103 fir<\/strong><br \/>\nTelecomanda v\u0103 permite s\u0103 controla\u021bi dispozitivul la o anumit\u0103 distan\u021b\u0103 de unitatea interioar\u0103. De asemenea, pute\u021bi citi modul de func\u021bionare curent, temperatura \u0219i al\u021bi parametri de func\u021bionare de pe telecomand\u0103.<\/p>\n<p>&nbsp;<\/p>\n<p><img decoding=\"async\" src=\"https:\/\/scrol.pl\/Produkty\/KLIMATYZATORY\/Klimatyzatory%20SPLIT\/MDV%20FROST\/Pow%C5%82oka%20antybakteryjna%20GOLDFIN.png\" \/><strong>Gold Fin<\/strong><br \/>\nAmbele schimb\u0103toare de c\u0103ldur\u0103 sunt acoperite cu un strat special cu compu\u0219i de titan. Aceast\u0103 acoperire este menit\u0103 s\u0103 elimine apari\u021bia coroziunii galvanice, iar propriet\u0103\u021bile sale hidrofobe ridicate faciliteaz\u0103 men\u021binerea curat\u0103 a schimb\u0103toarelor, prelungind durata de via\u021b\u0103 a acestora.<\/p>\n<p><img decoding=\"async\" src=\"https:\/\/scrol.pl\/Produkty\/KLIMATYZATORY\/Klimatyzatory%20SPLIT\/MDV%20FROST\/Praca%20Awaryjna.png\" \/><strong>Func\u021bionare de urgen\u021b\u0103<\/strong><br \/>\n\u00cen cazul unei defec\u021biuni a senzorului de temperatur\u0103, aparatul de aer condi\u021bionat afi\u0219eaz\u0103 un cod de eroare, dar nu opre\u0219te func\u021bionarea. Acest lucru permite aparatului de aer condi\u021bionat s\u0103 func\u021bioneze p\u00e2n\u0103 la sosirea serviciului.<\/p>\n<p>&nbsp;<\/p>\n<p><img decoding=\"async\" src=\"https:\/\/scrol.pl\/Produkty\/KLIMATYZATORY\/Klimatyzatory%20SPLIT\/MDV%20FROST\/Praca%20Ekonomiczna.png\" \/><strong>Func\u021bionare economic\u0103<\/strong><br \/>\nActivarea acestei func\u021bii porne\u0219te aparatul de aer condi\u021bionat timp de 8 ore \u00een modul economic, ceea ce are ca rezultat o reducere a consumului de energie cu p\u00e2n\u0103 la 60% comparativ cu func\u021bionarea \u00een modul conven\u021bional.<\/p>\n<p>&nbsp;<\/p>\n<p><img decoding=\"async\" src=\"https:\/\/scrol.pl\/Produkty\/KLIMATYZATORY\/Klimatyzatory%20SPLIT\/MDV%20FROST\/Samoczyszczenie.png\" \/><strong>Auto-cur\u0103\u021bare<\/strong><br \/>\nUn program \u00een 4 etape care cur\u0103\u021b\u0103 \u0219i sterilizeaz\u0103 evaporatorul la o temperatur\u0103 de 56\u00b0C: de la congelare, dezghe\u021bare, uscare p\u00e2n\u0103 la sterilizare. Func\u021bia inhib\u0103 cre\u0219terea microorganismelor pe suprafa\u021ba schimb\u0103torului de c\u0103ldur\u0103, prevenind formarea ruginii, iar dispozitivul este men\u021binut \u00een stare optim\u0103.<\/p>\n<p><img decoding=\"async\" src=\"https:\/\/scrol.pl\/Produkty\/KLIMATYZATORY\/Klimatyzatory%20SPLIT\/MDV%20FROST\/Sterowanie%20WIFI.png\" \/><strong>Control Wi-Fi<\/strong><br \/>\nControl de la distan\u021b\u0103 al dispozitivului de oriunde cu acces la Internet folosind o aplica\u021bie de pe smartphone.<\/p>\n<p>&nbsp;<\/p>\n<p><img decoding=\"async\" src=\"https:\/\/scrol.pl\/Produkty\/KLIMATYZATORY\/Klimatyzatory%20SPLIT\/MDV%20FROST\/Sterowanie%20%C5%BCaluzjami%20poziomymi.png\" \/><strong>Controlul jaluzelelor orizontale<\/strong><br \/>\nO func\u021bie care v\u0103 permite s\u0103 controla\u021bi direc\u021bia aerului care iese din unitatea interioar\u0103 folosind o telecomand\u0103 sau o aplica\u021bie WIFI.<\/p>\n<p>&nbsp;<\/p>\n<p><img decoding=\"async\" src=\"https:\/\/scrol.pl\/Produkty\/KLIMATYZATORY\/Klimatyzatory%20SPLIT\/MDV%20FROST\/Timer.png\" \/><strong>Temporizator<\/strong><br \/>\nPosibilitatea de a seta ora de pornire \u0219i oprire a dispozitivului sau \u00eentregul program de func\u021bionare, \u021bin\u00e2nd cont de repetabilitatea, modul, temperatura \u0219i viteza fluxului de aer.<\/p>\n<p>&nbsp;<\/p>\n<p>&nbsp;<\/p>\n","protected":false},"excerpt":{"rendered":"<p>Aparatul de aer condi\u021bionat FROST este un r\u0103spuns la nevoile utilizatorilor preten\u021bio\u0219i care doresc s\u0103 se bucure de func\u021bii fiabile folosind un dispozitiv u\u0219or de utilizat \u0219i economic.<\/p>\n","protected":false},"featured_media":614,"comment_status":"closed","ping_status":"closed","template":"","meta":{"_acf_changed":false},"product_brand":[513],"product_cat":[461,462],"product_tag":[496,517],"class_list":{"0":"post-2707","1":"product","2":"type-product","3":"status-publish","4":"has-post-thumbnail","6":"product_brand-mdv","7":"product_cat-rezidential-single-solutia-ideala-pentru-spatii-mic","8":"product_cat-splituri-de-perete","9":"product_tag-24000-btu","10":"product_tag-nan","12":"first","13":"outofstock","14":"taxable","15":"shipping-taxable","16":"purchasable","17":"product-type-simple"},"acf":[],"yoast_head":"<!-- This site is optimized with the Yoast SEO plugin v27.1 - https:\/\/yoast.com\/product\/yoast-seo-wordpress\/ -->\n<title>Aparat aer conditionat MDV Frost, 24 000 BTU\/h, 1w Standby, Turbo, 5 Viteze, Detectare scurgeri de agent frigorific, WiFi, Eco Mode, Auto Curatare, Incalzire -25 grade - One Concept<\/title>\n<meta name=\"robots\" content=\"index, follow, max-snippet:-1, max-image-preview:large, max-video-preview:-1\" \/>\n<link rel=\"canonical\" href=\"https:\/\/www.oneconcept.ro\/en\/product\/aparat-aer-conditionat-mdv-frost-24-000-btu-h-1w-standby-turbo-5-viteze-detectare-scurgeri-de-agent-frigorific-wifi-eco-mode-auto-curatare-incalzire-25-grade\/\" \/>\n<meta property=\"og:locale\" content=\"en_US\" \/>\n<meta property=\"og:type\" content=\"article\" \/>\n<meta property=\"og:title\" content=\"Aparat aer conditionat MDV Frost, 24 000 BTU\/h, 1w Standby, Turbo, 5 Viteze, Detectare scurgeri de agent frigorific, WiFi, Eco Mode, Auto Curatare, Incalzire -25 grade - One Concept\" \/>\n<meta property=\"og:description\" content=\"Aparatul de aer condi\u021bionat FROST este un r\u0103spuns la nevoile utilizatorilor preten\u021bio\u0219i care doresc s\u0103 se bucure de func\u021bii fiabile folosind un dispozitiv u\u0219or de utilizat \u0219i economic.\" \/>\n<meta property=\"og:url\" content=\"https:\/\/www.oneconcept.ro\/en\/product\/aparat-aer-conditionat-mdv-frost-24-000-btu-h-1w-standby-turbo-5-viteze-detectare-scurgeri-de-agent-frigorific-wifi-eco-mode-auto-curatare-incalzire-25-grade\/\" \/>\n<meta property=\"og:site_name\" content=\"One Concept\" \/>\n<meta property=\"article:modified_time\" content=\"2025-06-25T09:51:06+00:00\" \/>\n<meta property=\"og:image\" content=\"https:\/\/www.oneconcept.ro\/wp-content\/uploads\/2025\/05\/a.png\" \/>\n\t<meta property=\"og:image:width\" content=\"1080\" \/>\n\t<meta property=\"og:image:height\" content=\"1080\" \/>\n\t<meta property=\"og:image:type\" content=\"image\/png\" \/>\n<meta name=\"twitter:card\" content=\"summary_large_image\" \/>\n<meta name=\"twitter:label1\" content=\"Est. reading time\" \/>\n\t<meta name=\"twitter:data1\" content=\"4 minutes\" \/>\n<script type=\"application\/ld+json\" class=\"yoast-schema-graph\">{\"@context\":\"https:\/\/schema.org\",\"@graph\":[{\"@type\":\"WebPage\",\"@id\":\"https:\/\/www.oneconcept.ro\/en\/product\/aparat-aer-conditionat-mdv-frost-24-000-btu-h-1w-standby-turbo-5-viteze-detectare-scurgeri-de-agent-frigorific-wifi-eco-mode-auto-curatare-incalzire-25-grade\/\",\"url\":\"https:\/\/www.oneconcept.ro\/en\/product\/aparat-aer-conditionat-mdv-frost-24-000-btu-h-1w-standby-turbo-5-viteze-detectare-scurgeri-de-agent-frigorific-wifi-eco-mode-auto-curatare-incalzire-25-grade\/\",\"name\":\"Aparat aer conditionat MDV Frost, 24 000 BTU\/h, 1w Standby, Turbo, 5 Viteze, Detectare scurgeri de agent frigorific, WiFi, Eco Mode, Auto Curatare, Incalzire -25 grade - One Concept\",\"isPartOf\":{\"@id\":\"https:\/\/www.oneconcept.ro\/en\/#website\"},\"primaryImageOfPage\":{\"@id\":\"https:\/\/www.oneconcept.ro\/en\/product\/aparat-aer-conditionat-mdv-frost-24-000-btu-h-1w-standby-turbo-5-viteze-detectare-scurgeri-de-agent-frigorific-wifi-eco-mode-auto-curatare-incalzire-25-grade\/#primaryimage\"},\"image\":{\"@id\":\"https:\/\/www.oneconcept.ro\/en\/product\/aparat-aer-conditionat-mdv-frost-24-000-btu-h-1w-standby-turbo-5-viteze-detectare-scurgeri-de-agent-frigorific-wifi-eco-mode-auto-curatare-incalzire-25-grade\/#primaryimage\"},\"thumbnailUrl\":\"https:\/\/www.oneconcept.ro\/wp-content\/uploads\/2025\/05\/a.png\",\"datePublished\":\"2025-05-27T04:24:57+00:00\",\"dateModified\":\"2025-06-25T09:51:06+00:00\",\"breadcrumb\":{\"@id\":\"https:\/\/www.oneconcept.ro\/en\/product\/aparat-aer-conditionat-mdv-frost-24-000-btu-h-1w-standby-turbo-5-viteze-detectare-scurgeri-de-agent-frigorific-wifi-eco-mode-auto-curatare-incalzire-25-grade\/#breadcrumb\"},\"inLanguage\":\"en-US\",\"potentialAction\":[{\"@type\":\"ReadAction\",\"target\":[\"https:\/\/www.oneconcept.ro\/en\/product\/aparat-aer-conditionat-mdv-frost-24-000-btu-h-1w-standby-turbo-5-viteze-detectare-scurgeri-de-agent-frigorific-wifi-eco-mode-auto-curatare-incalzire-25-grade\/\"]}]},{\"@type\":\"ImageObject\",\"inLanguage\":\"en-US\",\"@id\":\"https:\/\/www.oneconcept.ro\/en\/product\/aparat-aer-conditionat-mdv-frost-24-000-btu-h-1w-standby-turbo-5-viteze-detectare-scurgeri-de-agent-frigorific-wifi-eco-mode-auto-curatare-incalzire-25-grade\/#primaryimage\",\"url\":\"https:\/\/www.oneconcept.ro\/wp-content\/uploads\/2025\/05\/a.png\",\"contentUrl\":\"https:\/\/www.oneconcept.ro\/wp-content\/uploads\/2025\/05\/a.png\",\"width\":1080,\"height\":1080},{\"@type\":\"BreadcrumbList\",\"@id\":\"https:\/\/www.oneconcept.ro\/en\/product\/aparat-aer-conditionat-mdv-frost-24-000-btu-h-1w-standby-turbo-5-viteze-detectare-scurgeri-de-agent-frigorific-wifi-eco-mode-auto-curatare-incalzire-25-grade\/#breadcrumb\",\"itemListElement\":[{\"@type\":\"ListItem\",\"position\":1,\"name\":\"Prima pagin\u0103\",\"item\":\"https:\/\/www.oneconcept.ro\/en\/home\/\"},{\"@type\":\"ListItem\",\"position\":2,\"name\":\"Shop\",\"item\":\"https:\/\/www.oneconcept.ro\/en\/shop-2\/\"},{\"@type\":\"ListItem\",\"position\":3,\"name\":\"Aparat aer conditionat MDV Frost, 24 000 BTU\/h, 1w Standby, Turbo, 5 Viteze, Detectare scurgeri de agent frigorific, WiFi, Eco Mode, Auto Curatare, Incalzire -25 grade\"}]},{\"@type\":\"WebSite\",\"@id\":\"https:\/\/www.oneconcept.ro\/en\/#website\",\"url\":\"https:\/\/www.oneconcept.ro\/en\/\",\"name\":\"One Concept\",\"description\":\"\",\"publisher\":{\"@id\":\"https:\/\/www.oneconcept.ro\/en\/#organization\"},\"potentialAction\":[{\"@type\":\"SearchAction\",\"target\":{\"@type\":\"EntryPoint\",\"urlTemplate\":\"https:\/\/www.oneconcept.ro\/en\/?s={search_term_string}\"},\"query-input\":{\"@type\":\"PropertyValueSpecification\",\"valueRequired\":true,\"valueName\":\"search_term_string\"}}],\"inLanguage\":\"en-US\"},{\"@type\":\"Organization\",\"@id\":\"https:\/\/www.oneconcept.ro\/en\/#organization\",\"name\":\"One Concept\",\"url\":\"https:\/\/www.oneconcept.ro\/en\/\",\"logo\":{\"@type\":\"ImageObject\",\"inLanguage\":\"en-US\",\"@id\":\"https:\/\/www.oneconcept.ro\/en\/#\/schema\/logo\/image\/\",\"url\":\"https:\/\/www.oneconcept.ro\/wp-content\/uploads\/2025\/07\/cropped-v1.png\",\"contentUrl\":\"https:\/\/www.oneconcept.ro\/wp-content\/uploads\/2025\/07\/cropped-v1.png\",\"width\":512,\"height\":512,\"caption\":\"One Concept\"},\"image\":{\"@id\":\"https:\/\/www.oneconcept.ro\/en\/#\/schema\/logo\/image\/\"}}]}<\/script>\n<!-- \/ Yoast SEO plugin. -->","yoast_head_json":{"title":"Aparat aer conditionat MDV Frost, 24 000 BTU\/h, 1w Standby, Turbo, 5 Viteze, Detectare scurgeri de agent frigorific, WiFi, Eco Mode, Auto Curatare, Incalzire -25 grade - One Concept","robots":{"index":"index","follow":"follow","max-snippet":"max-snippet:-1","max-image-preview":"max-image-preview:large","max-video-preview":"max-video-preview:-1"},"canonical":"https:\/\/www.oneconcept.ro\/en\/product\/aparat-aer-conditionat-mdv-frost-24-000-btu-h-1w-standby-turbo-5-viteze-detectare-scurgeri-de-agent-frigorific-wifi-eco-mode-auto-curatare-incalzire-25-grade\/","og_locale":"en_US","og_type":"article","og_title":"Aparat aer conditionat MDV Frost, 24 000 BTU\/h, 1w Standby, Turbo, 5 Viteze, Detectare scurgeri de agent frigorific, WiFi, Eco Mode, Auto Curatare, Incalzire -25 grade - One Concept","og_description":"Aparatul de aer condi\u021bionat FROST este un r\u0103spuns la nevoile utilizatorilor preten\u021bio\u0219i care doresc s\u0103 se bucure de func\u021bii fiabile folosind un dispozitiv u\u0219or de utilizat \u0219i economic.","og_url":"https:\/\/www.oneconcept.ro\/en\/product\/aparat-aer-conditionat-mdv-frost-24-000-btu-h-1w-standby-turbo-5-viteze-detectare-scurgeri-de-agent-frigorific-wifi-eco-mode-auto-curatare-incalzire-25-grade\/","og_site_name":"One Concept","article_modified_time":"2025-06-25T09:51:06+00:00","og_image":[{"width":1080,"height":1080,"url":"https:\/\/www.oneconcept.ro\/wp-content\/uploads\/2025\/05\/a.png","type":"image\/png"}],"twitter_card":"summary_large_image","twitter_misc":{"Est. reading time":"4 minutes"},"schema":{"@context":"https:\/\/schema.org","@graph":[{"@type":"WebPage","@id":"https:\/\/www.oneconcept.ro\/en\/product\/aparat-aer-conditionat-mdv-frost-24-000-btu-h-1w-standby-turbo-5-viteze-detectare-scurgeri-de-agent-frigorific-wifi-eco-mode-auto-curatare-incalzire-25-grade\/","url":"https:\/\/www.oneconcept.ro\/en\/product\/aparat-aer-conditionat-mdv-frost-24-000-btu-h-1w-standby-turbo-5-viteze-detectare-scurgeri-de-agent-frigorific-wifi-eco-mode-auto-curatare-incalzire-25-grade\/","name":"Aparat aer conditionat MDV Frost, 24 000 BTU\/h, 1w Standby, Turbo, 5 Viteze, Detectare scurgeri de agent frigorific, WiFi, Eco Mode, Auto Curatare, Incalzire -25 grade - One Concept","isPartOf":{"@id":"https:\/\/www.oneconcept.ro\/en\/#website"},"primaryImageOfPage":{"@id":"https:\/\/www.oneconcept.ro\/en\/product\/aparat-aer-conditionat-mdv-frost-24-000-btu-h-1w-standby-turbo-5-viteze-detectare-scurgeri-de-agent-frigorific-wifi-eco-mode-auto-curatare-incalzire-25-grade\/#primaryimage"},"image":{"@id":"https:\/\/www.oneconcept.ro\/en\/product\/aparat-aer-conditionat-mdv-frost-24-000-btu-h-1w-standby-turbo-5-viteze-detectare-scurgeri-de-agent-frigorific-wifi-eco-mode-auto-curatare-incalzire-25-grade\/#primaryimage"},"thumbnailUrl":"https:\/\/www.oneconcept.ro\/wp-content\/uploads\/2025\/05\/a.png","datePublished":"2025-05-27T04:24:57+00:00","dateModified":"2025-06-25T09:51:06+00:00","breadcrumb":{"@id":"https:\/\/www.oneconcept.ro\/en\/product\/aparat-aer-conditionat-mdv-frost-24-000-btu-h-1w-standby-turbo-5-viteze-detectare-scurgeri-de-agent-frigorific-wifi-eco-mode-auto-curatare-incalzire-25-grade\/#breadcrumb"},"inLanguage":"en-US","potentialAction":[{"@type":"ReadAction","target":["https:\/\/www.oneconcept.ro\/en\/product\/aparat-aer-conditionat-mdv-frost-24-000-btu-h-1w-standby-turbo-5-viteze-detectare-scurgeri-de-agent-frigorific-wifi-eco-mode-auto-curatare-incalzire-25-grade\/"]}]},{"@type":"ImageObject","inLanguage":"en-US","@id":"https:\/\/www.oneconcept.ro\/en\/product\/aparat-aer-conditionat-mdv-frost-24-000-btu-h-1w-standby-turbo-5-viteze-detectare-scurgeri-de-agent-frigorific-wifi-eco-mode-auto-curatare-incalzire-25-grade\/#primaryimage","url":"https:\/\/www.oneconcept.ro\/wp-content\/uploads\/2025\/05\/a.png","contentUrl":"https:\/\/www.oneconcept.ro\/wp-content\/uploads\/2025\/05\/a.png","width":1080,"height":1080},{"@type":"BreadcrumbList","@id":"https:\/\/www.oneconcept.ro\/en\/product\/aparat-aer-conditionat-mdv-frost-24-000-btu-h-1w-standby-turbo-5-viteze-detectare-scurgeri-de-agent-frigorific-wifi-eco-mode-auto-curatare-incalzire-25-grade\/#breadcrumb","itemListElement":[{"@type":"ListItem","position":1,"name":"Prima pagin\u0103","item":"https:\/\/www.oneconcept.ro\/en\/home\/"},{"@type":"ListItem","position":2,"name":"Shop","item":"https:\/\/www.oneconcept.ro\/en\/shop-2\/"},{"@type":"ListItem","position":3,"name":"Aparat aer conditionat MDV Frost, 24 000 BTU\/h, 1w Standby, Turbo, 5 Viteze, Detectare scurgeri de agent frigorific, WiFi, Eco Mode, Auto Curatare, Incalzire -25 grade"}]},{"@type":"WebSite","@id":"https:\/\/www.oneconcept.ro\/en\/#website","url":"https:\/\/www.oneconcept.ro\/en\/","name":"One Concept","description":"","publisher":{"@id":"https:\/\/www.oneconcept.ro\/en\/#organization"},"potentialAction":[{"@type":"SearchAction","target":{"@type":"EntryPoint","urlTemplate":"https:\/\/www.oneconcept.ro\/en\/?s={search_term_string}"},"query-input":{"@type":"PropertyValueSpecification","valueRequired":true,"valueName":"search_term_string"}}],"inLanguage":"en-US"},{"@type":"Organization","@id":"https:\/\/www.oneconcept.ro\/en\/#organization","name":"One Concept","url":"https:\/\/www.oneconcept.ro\/en\/","logo":{"@type":"ImageObject","inLanguage":"en-US","@id":"https:\/\/www.oneconcept.ro\/en\/#\/schema\/logo\/image\/","url":"https:\/\/www.oneconcept.ro\/wp-content\/uploads\/2025\/07\/cropped-v1.png","contentUrl":"https:\/\/www.oneconcept.ro\/wp-content\/uploads\/2025\/07\/cropped-v1.png","width":512,"height":512,"caption":"One Concept"},"image":{"@id":"https:\/\/www.oneconcept.ro\/en\/#\/schema\/logo\/image\/"}}]}},"_links":{"self":[{"href":"https:\/\/www.oneconcept.ro\/en\/wp-json\/wp\/v2\/product\/2707","targetHints":{"allow":["GET"]}}],"collection":[{"href":"https:\/\/www.oneconcept.ro\/en\/wp-json\/wp\/v2\/product"}],"about":[{"href":"https:\/\/www.oneconcept.ro\/en\/wp-json\/wp\/v2\/types\/product"}],"replies":[{"embeddable":true,"href":"https:\/\/www.oneconcept.ro\/en\/wp-json\/wp\/v2\/comments?post=2707"}],"wp:featuredmedia":[{"embeddable":true,"href":"https:\/\/www.oneconcept.ro\/en\/wp-json\/wp\/v2\/media\/614"}],"wp:attachment":[{"href":"https:\/\/www.oneconcept.ro\/en\/wp-json\/wp\/v2\/media?parent=2707"}],"wp:term":[{"taxonomy":"product_brand","embeddable":true,"href":"https:\/\/www.oneconcept.ro\/en\/wp-json\/wp\/v2\/product_brand?post=2707"},{"taxonomy":"product_cat","embeddable":true,"href":"https:\/\/www.oneconcept.ro\/en\/wp-json\/wp\/v2\/product_cat?post=2707"},{"taxonomy":"product_tag","embeddable":true,"href":"https:\/\/www.oneconcept.ro\/en\/wp-json\/wp\/v2\/product_tag?post=2707"}],"curies":[{"name":"wp","href":"https:\/\/api.w.org\/{rel}","templated":true}]}}