{"id":2703,"date":"2025-05-27T07:24:57","date_gmt":"2025-05-27T04:24:57","guid":{"rendered":"https:\/\/staging.oneconcept.ro\/?post_type=product&#038;p=2703"},"modified":"2026-03-04T16:56:08","modified_gmt":"2026-03-04T13:56:08","slug":"aparat-aer-conditionat-aux-c-pro-12000-btu-h-wifi-inclus-a-a-intelligent-micro-perforation-wind-2-0-wide-voltage-start-fifth-generation-automatic-cleaning","status":"publish","type":"product","link":"https:\/\/www.oneconcept.ro\/en\/product\/aparat-aer-conditionat-aux-c-pro-12000-btu-h-wifi-inclus-a-a-intelligent-micro-perforation-wind-2-0-wide-voltage-start-fifth-generation-automatic-cleaning\/","title":{"rendered":"Aparat aer conditionat AUX C PRO, 12000 BTU\/h, WiFi Inclus, A+++\/A+++, Intelligent Micro-perforation Wind 2.0, Wide voltage start, Fifth-generation automatic cleaning"},"content":{"rendered":"<p style=\"text-align: center;\"><strong>\u00cencepe epoca dubl\u0103rii eficien\u021bei r\u0103cirii \u0219i cre\u0103rii unei senza\u021bii de micro-briz\u0103. Ob\u021bine\u021bi cu adev\u0103rat fuziunea perfect\u0103 a capacit\u0103\u021bii mari de r\u0103cire \u0219i adierea bl\u00e2nd\u0103.<\/strong><\/p>\n<p style=\"text-align: center;\"><strong>\u00a0Intelligent Micro-perforation Wind 2.0<\/strong><br \/>\nControl precis al temperaturii<br \/>\nPoate realiza o setare precis\u0103 a diferen\u021bei de temperatur\u0103 \u00een \u00b1 0,5 \u2103, cu o capacitate de r\u0103cire suficient\u0103 pentru a acoperi \u00eentreaga cas\u0103 \u0219i pentru a reduce disconfortul cauzat de r\u0103cirea insuficient\u0103, rezult\u00e2nd o senza\u021bie de frig \u00een apropiere \u0219i c\u0103ldur\u0103 departe.<\/p>\n<p style=\"text-align: center;\"><strong>\u00a0Patru cipuri 3PEAK<\/strong><br \/>\nAparatul de aer condi\u021bionat este echipat cu patru cipuri 3PEAK, cu patru motoare sincrone care controleaz\u0103 independent pl\u0103cile de ghidare a aerului cu dou\u0103 axe \u0219i interioare. Func\u021bionarea sa puternic\u0103 permite controlul precis al v\u00e2ntului, iar fluxul de aer r\u0103m\u00e2ne puternic f\u0103r\u0103 niciun fel<\/p>\n<p style=\"text-align: center;\"><strong>\u00a0Certificare de confort de 5 stele<\/strong><br \/>\nCertificat de organiza\u021bii autorizate, poate satisface nevoile confortabile ale a 95% din popula\u021bie, oferind un flux de aer bl\u00e2nd pentru un confort maxim.<\/p>\n<p style=\"text-align: center;\"><strong>\u00a0Senzor de umiditate de \u00eenalt\u0103 precizie<\/strong><br \/>\nAparatul de aer condi\u021bionat este echipat cu un senzor de umiditate de \u00eenalt\u0103 precizie pentru detectarea inteligent\u0103 a umidit\u0103\u021bii interioare. C\u00e2nd umiditatea este prea mare, frecven\u021ba compresorului scade pentru a evita condensul. C\u00e2nd umiditatea este normal\u0103, frecven\u021ba compresorului cre\u0219te automat pentru a men\u021bine echilibrul temperaturii interioare. Modul micro-briz\u0103 nu este u\u0219or \u00eentrerupt.<\/p>\n<p style=\"text-align: center;\"><strong>\u00a0Adiere bl\u00e2nd\u0103 de lung\u0103 durat\u0103<\/strong><br \/>\nModul micro-briz\u0103 nu este u\u0219or de \u00eentrerupt, asigur\u00e2nd un flux de aer de r\u0103cire puternic \u0219i continuu \u00een toat\u0103 casa, \u00een timp ce capacitatea de r\u0103cire r\u0103m\u00e2ne neschimbat\u0103. Acest lucru are ca rezultat un mediu interior r\u0103coritor \u0219i confortabil \u00een \u00eentreaga camer\u0103. (Conform testelor interne, aparatul de aer condi\u021bionat al concurentului \u00een modul micro-briz\u0103 a \u00eencetat s\u0103 func\u021bioneze de 7 ori \u00een 8 ore, \u00een timp ce C Pro sa oprit doar de 0 ori.)<\/p>\n<p>\u00a0 \u00a0Livrarea aerului cu flux dublu \u00een sus, furniz\u00e2nd aer rece pe perete, ceea ce este ideal pentru mame \u0219i copii, iar \u00eentreaga cas\u0103 se bucur\u0103 de o adiere rece. Livrarea aerului cald cu flux dublu \u00een jos, produc\u00e2nd o diferen\u021b\u0103 de temperatur\u0103 vertical\u0103 de \u22640,2\u2103, cre\u00e2nd un mediu de temperatur\u0103 cald \u00een toat\u0103 casa.<\/p>\n<p style=\"text-align: center;\"><strong>\u00a0 \u00a0Wide voltage start<\/strong><br \/>\nAparatul de aer condi\u021bionat poate func\u021biona \u00eentr-un interval de tensiune de la 70V la 265V, satisfac\u00e2nd nevoile zilnice ale zonelor cu tensiune instabil\u0103.<\/p>\n<p style=\"text-align: center;\"><strong>One-button smart experience<\/strong><br \/>\nSistemul inteligent poate detecta temperatura interioar\u0103. V\u0103 ofer\u0103 o experien\u021b\u0103 superioar\u0103, confortabil\u0103, f\u0103r\u0103 a fi nevoie de ajust\u0103ri frecvente.<\/p>\n<p style=\"text-align: center;\"><strong>\u00a0Remote<\/strong><br \/>\nControl comod al aparatului de aer condi\u021bionat chiar \u0219i atunci c\u00e2nd nu sunte\u021bi acas\u0103,o varietate de func\u021bii care pot fi controlate de la distan\u021b\u0103.<\/p>\n<p style=\"text-align: center;\"><strong>\u00a0Fifth-generation automatic cleaning<\/strong><br \/>\nProces de cur\u0103\u021bare \u00een \u0219ase etape, cur\u0103\u021ba\u021bi temeinic at\u00e2t unit\u0103\u021bile interioare, c\u00e2t \u0219i cele exterioare, p\u0103str\u00e2ndu-le curate ca noi.<\/p>\n<p style=\"text-align: center;\"><strong>\u00a0Adjustable power<\/strong><br \/>\n\u00cen func\u021bie de diferite scenarii de utilizare, puterea \u0219i capacitatea de r\u0103cire a aparatului de aer condi\u021bionat pot fi ajustate folosind aplica\u021bia, rezult\u00e2nd o eficien\u021b\u0103 energetic\u0103 crescut\u0103.<\/p>\n<p style=\"text-align: center;\"><strong>Func\u021bionare silen\u021bioas\u0103 de 18 dB<\/strong><br \/>\nNiveluri de zgomot de p\u00e2n\u0103 la 18 decibeli. Un mediu de dormit lini\u0219tit, similar cu cel al unui hotel de cinci stele<\/p>\n<p>&nbsp;<\/p>\n<p><img fetchpriority=\"high\" decoding=\"async\" class=\"size-full wp-image-3133 aligncenter\" src=\"https:\/\/www.oneconcept.ro\/wp-content\/uploads\/2024\/05\/SET-PRO.png\" alt=\"\" width=\"1080\" height=\"1080\" \/><\/p>\n","protected":false},"excerpt":{"rendered":"<p style=\"text-align: center;\"><strong>\u00cencepe epoca dubl\u0103rii eficien\u021bei r\u0103cirii \u0219i cre\u0103rii unei senza\u021bii de micro-briz\u0103.<\/p>\n","protected":false},"featured_media":610,"comment_status":"closed","ping_status":"closed","template":"","meta":{"_acf_changed":false},"product_brand":[516],"product_cat":[461,462],"product_tag":[495],"class_list":{"0":"post-2703","1":"product","2":"type-product","3":"status-publish","4":"has-post-thumbnail","6":"product_brand-aux","7":"product_cat-rezidential-single-solutia-ideala-pentru-spatii-mic","8":"product_cat-splituri-de-perete","9":"product_tag-12000-btu","11":"first","12":"onbackorder","13":"taxable","14":"shipping-taxable","15":"purchasable","16":"product-type-simple"},"acf":[],"yoast_head":"<!-- This site is optimized with the Yoast SEO plugin v27.1 - https:\/\/yoast.com\/product\/yoast-seo-wordpress\/ -->\n<title>Aparat aer conditionat AUX C PRO, 12000 BTU\/h, WiFi Inclus, A+++\/A+++, Intelligent Micro-perforation Wind 2.0, Wide voltage start, Fifth-generation automatic cleaning - One Concept<\/title>\n<meta name=\"robots\" content=\"index, follow, max-snippet:-1, max-image-preview:large, max-video-preview:-1\" \/>\n<link rel=\"canonical\" href=\"https:\/\/www.oneconcept.ro\/en\/product\/aparat-aer-conditionat-aux-c-pro-12000-btu-h-wifi-inclus-a-a-intelligent-micro-perforation-wind-2-0-wide-voltage-start-fifth-generation-automatic-cleaning\/\" \/>\n<meta property=\"og:locale\" content=\"en_US\" \/>\n<meta property=\"og:type\" content=\"article\" \/>\n<meta property=\"og:title\" content=\"Aparat aer conditionat AUX C PRO, 12000 BTU\/h, WiFi Inclus, A+++\/A+++, Intelligent Micro-perforation Wind 2.0, Wide voltage start, Fifth-generation automatic cleaning - One Concept\" \/>\n<meta property=\"og:description\" content=\"\u00cencepe epoca dubl\u0103rii eficien\u021bei r\u0103cirii \u0219i cre\u0103rii unei senza\u021bii de micro-briz\u0103.\" \/>\n<meta property=\"og:url\" content=\"https:\/\/www.oneconcept.ro\/en\/product\/aparat-aer-conditionat-aux-c-pro-12000-btu-h-wifi-inclus-a-a-intelligent-micro-perforation-wind-2-0-wide-voltage-start-fifth-generation-automatic-cleaning\/\" \/>\n<meta property=\"og:site_name\" content=\"One Concept\" \/>\n<meta property=\"article:modified_time\" content=\"2026-03-04T13:56:08+00:00\" \/>\n<meta property=\"og:image\" content=\"https:\/\/www.oneconcept.ro\/wp-content\/uploads\/2025\/05\/SET-PRO.png\" \/>\n\t<meta property=\"og:image:width\" content=\"1080\" \/>\n\t<meta property=\"og:image:height\" content=\"1080\" \/>\n\t<meta property=\"og:image:type\" content=\"image\/png\" \/>\n<meta name=\"twitter:card\" content=\"summary_large_image\" \/>\n<meta name=\"twitter:label1\" content=\"Est. reading time\" \/>\n\t<meta name=\"twitter:data1\" content=\"3 minutes\" \/>\n<script type=\"application\/ld+json\" class=\"yoast-schema-graph\">{\"@context\":\"https:\/\/schema.org\",\"@graph\":[{\"@type\":\"WebPage\",\"@id\":\"https:\/\/www.oneconcept.ro\/en\/product\/aparat-aer-conditionat-aux-c-pro-12000-btu-h-wifi-inclus-a-a-intelligent-micro-perforation-wind-2-0-wide-voltage-start-fifth-generation-automatic-cleaning\/\",\"url\":\"https:\/\/www.oneconcept.ro\/en\/product\/aparat-aer-conditionat-aux-c-pro-12000-btu-h-wifi-inclus-a-a-intelligent-micro-perforation-wind-2-0-wide-voltage-start-fifth-generation-automatic-cleaning\/\",\"name\":\"Aparat aer conditionat AUX C PRO, 12000 BTU\/h, WiFi Inclus, A+++\/A+++, Intelligent Micro-perforation Wind 2.0, Wide voltage start, Fifth-generation automatic cleaning - One Concept\",\"isPartOf\":{\"@id\":\"https:\/\/www.oneconcept.ro\/en\/#website\"},\"primaryImageOfPage\":{\"@id\":\"https:\/\/www.oneconcept.ro\/en\/product\/aparat-aer-conditionat-aux-c-pro-12000-btu-h-wifi-inclus-a-a-intelligent-micro-perforation-wind-2-0-wide-voltage-start-fifth-generation-automatic-cleaning\/#primaryimage\"},\"image\":{\"@id\":\"https:\/\/www.oneconcept.ro\/en\/product\/aparat-aer-conditionat-aux-c-pro-12000-btu-h-wifi-inclus-a-a-intelligent-micro-perforation-wind-2-0-wide-voltage-start-fifth-generation-automatic-cleaning\/#primaryimage\"},\"thumbnailUrl\":\"https:\/\/www.oneconcept.ro\/wp-content\/uploads\/2025\/05\/SET-PRO.png\",\"datePublished\":\"2025-05-27T04:24:57+00:00\",\"dateModified\":\"2026-03-04T13:56:08+00:00\",\"breadcrumb\":{\"@id\":\"https:\/\/www.oneconcept.ro\/en\/product\/aparat-aer-conditionat-aux-c-pro-12000-btu-h-wifi-inclus-a-a-intelligent-micro-perforation-wind-2-0-wide-voltage-start-fifth-generation-automatic-cleaning\/#breadcrumb\"},\"inLanguage\":\"en-US\",\"potentialAction\":[{\"@type\":\"ReadAction\",\"target\":[\"https:\/\/www.oneconcept.ro\/en\/product\/aparat-aer-conditionat-aux-c-pro-12000-btu-h-wifi-inclus-a-a-intelligent-micro-perforation-wind-2-0-wide-voltage-start-fifth-generation-automatic-cleaning\/\"]}]},{\"@type\":\"ImageObject\",\"inLanguage\":\"en-US\",\"@id\":\"https:\/\/www.oneconcept.ro\/en\/product\/aparat-aer-conditionat-aux-c-pro-12000-btu-h-wifi-inclus-a-a-intelligent-micro-perforation-wind-2-0-wide-voltage-start-fifth-generation-automatic-cleaning\/#primaryimage\",\"url\":\"https:\/\/www.oneconcept.ro\/wp-content\/uploads\/2025\/05\/SET-PRO.png\",\"contentUrl\":\"https:\/\/www.oneconcept.ro\/wp-content\/uploads\/2025\/05\/SET-PRO.png\",\"width\":1080,\"height\":1080},{\"@type\":\"BreadcrumbList\",\"@id\":\"https:\/\/www.oneconcept.ro\/en\/product\/aparat-aer-conditionat-aux-c-pro-12000-btu-h-wifi-inclus-a-a-intelligent-micro-perforation-wind-2-0-wide-voltage-start-fifth-generation-automatic-cleaning\/#breadcrumb\",\"itemListElement\":[{\"@type\":\"ListItem\",\"position\":1,\"name\":\"Prima pagin\u0103\",\"item\":\"https:\/\/www.oneconcept.ro\/en\/home\/\"},{\"@type\":\"ListItem\",\"position\":2,\"name\":\"Shop\",\"item\":\"https:\/\/www.oneconcept.ro\/en\/shop-2\/\"},{\"@type\":\"ListItem\",\"position\":3,\"name\":\"Aparat aer conditionat AUX C PRO, 12000 BTU\/h, WiFi Inclus, A+++\/A+++, Intelligent Micro-perforation Wind 2.0, Wide voltage start, Fifth-generation automatic cleaning\"}]},{\"@type\":\"WebSite\",\"@id\":\"https:\/\/www.oneconcept.ro\/en\/#website\",\"url\":\"https:\/\/www.oneconcept.ro\/en\/\",\"name\":\"One Concept\",\"description\":\"\",\"publisher\":{\"@id\":\"https:\/\/www.oneconcept.ro\/en\/#organization\"},\"potentialAction\":[{\"@type\":\"SearchAction\",\"target\":{\"@type\":\"EntryPoint\",\"urlTemplate\":\"https:\/\/www.oneconcept.ro\/en\/?s={search_term_string}\"},\"query-input\":{\"@type\":\"PropertyValueSpecification\",\"valueRequired\":true,\"valueName\":\"search_term_string\"}}],\"inLanguage\":\"en-US\"},{\"@type\":\"Organization\",\"@id\":\"https:\/\/www.oneconcept.ro\/en\/#organization\",\"name\":\"One Concept\",\"url\":\"https:\/\/www.oneconcept.ro\/en\/\",\"logo\":{\"@type\":\"ImageObject\",\"inLanguage\":\"en-US\",\"@id\":\"https:\/\/www.oneconcept.ro\/en\/#\/schema\/logo\/image\/\",\"url\":\"https:\/\/www.oneconcept.ro\/wp-content\/uploads\/2025\/07\/cropped-v1.png\",\"contentUrl\":\"https:\/\/www.oneconcept.ro\/wp-content\/uploads\/2025\/07\/cropped-v1.png\",\"width\":512,\"height\":512,\"caption\":\"One Concept\"},\"image\":{\"@id\":\"https:\/\/www.oneconcept.ro\/en\/#\/schema\/logo\/image\/\"}}]}<\/script>\n<!-- \/ Yoast SEO plugin. -->","yoast_head_json":{"title":"Aparat aer conditionat AUX C PRO, 12000 BTU\/h, WiFi Inclus, A+++\/A+++, Intelligent Micro-perforation Wind 2.0, Wide voltage start, Fifth-generation automatic cleaning - One Concept","robots":{"index":"index","follow":"follow","max-snippet":"max-snippet:-1","max-image-preview":"max-image-preview:large","max-video-preview":"max-video-preview:-1"},"canonical":"https:\/\/www.oneconcept.ro\/en\/product\/aparat-aer-conditionat-aux-c-pro-12000-btu-h-wifi-inclus-a-a-intelligent-micro-perforation-wind-2-0-wide-voltage-start-fifth-generation-automatic-cleaning\/","og_locale":"en_US","og_type":"article","og_title":"Aparat aer conditionat AUX C PRO, 12000 BTU\/h, WiFi Inclus, A+++\/A+++, Intelligent Micro-perforation Wind 2.0, Wide voltage start, Fifth-generation automatic cleaning - One Concept","og_description":"\u00cencepe epoca dubl\u0103rii eficien\u021bei r\u0103cirii \u0219i cre\u0103rii unei senza\u021bii de micro-briz\u0103.","og_url":"https:\/\/www.oneconcept.ro\/en\/product\/aparat-aer-conditionat-aux-c-pro-12000-btu-h-wifi-inclus-a-a-intelligent-micro-perforation-wind-2-0-wide-voltage-start-fifth-generation-automatic-cleaning\/","og_site_name":"One Concept","article_modified_time":"2026-03-04T13:56:08+00:00","og_image":[{"width":1080,"height":1080,"url":"https:\/\/www.oneconcept.ro\/wp-content\/uploads\/2025\/05\/SET-PRO.png","type":"image\/png"}],"twitter_card":"summary_large_image","twitter_misc":{"Est. reading time":"3 minutes"},"schema":{"@context":"https:\/\/schema.org","@graph":[{"@type":"WebPage","@id":"https:\/\/www.oneconcept.ro\/en\/product\/aparat-aer-conditionat-aux-c-pro-12000-btu-h-wifi-inclus-a-a-intelligent-micro-perforation-wind-2-0-wide-voltage-start-fifth-generation-automatic-cleaning\/","url":"https:\/\/www.oneconcept.ro\/en\/product\/aparat-aer-conditionat-aux-c-pro-12000-btu-h-wifi-inclus-a-a-intelligent-micro-perforation-wind-2-0-wide-voltage-start-fifth-generation-automatic-cleaning\/","name":"Aparat aer conditionat AUX C PRO, 12000 BTU\/h, WiFi Inclus, A+++\/A+++, Intelligent Micro-perforation Wind 2.0, Wide voltage start, Fifth-generation automatic cleaning - One Concept","isPartOf":{"@id":"https:\/\/www.oneconcept.ro\/en\/#website"},"primaryImageOfPage":{"@id":"https:\/\/www.oneconcept.ro\/en\/product\/aparat-aer-conditionat-aux-c-pro-12000-btu-h-wifi-inclus-a-a-intelligent-micro-perforation-wind-2-0-wide-voltage-start-fifth-generation-automatic-cleaning\/#primaryimage"},"image":{"@id":"https:\/\/www.oneconcept.ro\/en\/product\/aparat-aer-conditionat-aux-c-pro-12000-btu-h-wifi-inclus-a-a-intelligent-micro-perforation-wind-2-0-wide-voltage-start-fifth-generation-automatic-cleaning\/#primaryimage"},"thumbnailUrl":"https:\/\/www.oneconcept.ro\/wp-content\/uploads\/2025\/05\/SET-PRO.png","datePublished":"2025-05-27T04:24:57+00:00","dateModified":"2026-03-04T13:56:08+00:00","breadcrumb":{"@id":"https:\/\/www.oneconcept.ro\/en\/product\/aparat-aer-conditionat-aux-c-pro-12000-btu-h-wifi-inclus-a-a-intelligent-micro-perforation-wind-2-0-wide-voltage-start-fifth-generation-automatic-cleaning\/#breadcrumb"},"inLanguage":"en-US","potentialAction":[{"@type":"ReadAction","target":["https:\/\/www.oneconcept.ro\/en\/product\/aparat-aer-conditionat-aux-c-pro-12000-btu-h-wifi-inclus-a-a-intelligent-micro-perforation-wind-2-0-wide-voltage-start-fifth-generation-automatic-cleaning\/"]}]},{"@type":"ImageObject","inLanguage":"en-US","@id":"https:\/\/www.oneconcept.ro\/en\/product\/aparat-aer-conditionat-aux-c-pro-12000-btu-h-wifi-inclus-a-a-intelligent-micro-perforation-wind-2-0-wide-voltage-start-fifth-generation-automatic-cleaning\/#primaryimage","url":"https:\/\/www.oneconcept.ro\/wp-content\/uploads\/2025\/05\/SET-PRO.png","contentUrl":"https:\/\/www.oneconcept.ro\/wp-content\/uploads\/2025\/05\/SET-PRO.png","width":1080,"height":1080},{"@type":"BreadcrumbList","@id":"https:\/\/www.oneconcept.ro\/en\/product\/aparat-aer-conditionat-aux-c-pro-12000-btu-h-wifi-inclus-a-a-intelligent-micro-perforation-wind-2-0-wide-voltage-start-fifth-generation-automatic-cleaning\/#breadcrumb","itemListElement":[{"@type":"ListItem","position":1,"name":"Prima pagin\u0103","item":"https:\/\/www.oneconcept.ro\/en\/home\/"},{"@type":"ListItem","position":2,"name":"Shop","item":"https:\/\/www.oneconcept.ro\/en\/shop-2\/"},{"@type":"ListItem","position":3,"name":"Aparat aer conditionat AUX C PRO, 12000 BTU\/h, WiFi Inclus, A+++\/A+++, Intelligent Micro-perforation Wind 2.0, Wide voltage start, Fifth-generation automatic cleaning"}]},{"@type":"WebSite","@id":"https:\/\/www.oneconcept.ro\/en\/#website","url":"https:\/\/www.oneconcept.ro\/en\/","name":"One Concept","description":"","publisher":{"@id":"https:\/\/www.oneconcept.ro\/en\/#organization"},"potentialAction":[{"@type":"SearchAction","target":{"@type":"EntryPoint","urlTemplate":"https:\/\/www.oneconcept.ro\/en\/?s={search_term_string}"},"query-input":{"@type":"PropertyValueSpecification","valueRequired":true,"valueName":"search_term_string"}}],"inLanguage":"en-US"},{"@type":"Organization","@id":"https:\/\/www.oneconcept.ro\/en\/#organization","name":"One Concept","url":"https:\/\/www.oneconcept.ro\/en\/","logo":{"@type":"ImageObject","inLanguage":"en-US","@id":"https:\/\/www.oneconcept.ro\/en\/#\/schema\/logo\/image\/","url":"https:\/\/www.oneconcept.ro\/wp-content\/uploads\/2025\/07\/cropped-v1.png","contentUrl":"https:\/\/www.oneconcept.ro\/wp-content\/uploads\/2025\/07\/cropped-v1.png","width":512,"height":512,"caption":"One Concept"},"image":{"@id":"https:\/\/www.oneconcept.ro\/en\/#\/schema\/logo\/image\/"}}]}},"_links":{"self":[{"href":"https:\/\/www.oneconcept.ro\/en\/wp-json\/wp\/v2\/product\/2703","targetHints":{"allow":["GET"]}}],"collection":[{"href":"https:\/\/www.oneconcept.ro\/en\/wp-json\/wp\/v2\/product"}],"about":[{"href":"https:\/\/www.oneconcept.ro\/en\/wp-json\/wp\/v2\/types\/product"}],"replies":[{"embeddable":true,"href":"https:\/\/www.oneconcept.ro\/en\/wp-json\/wp\/v2\/comments?post=2703"}],"wp:featuredmedia":[{"embeddable":true,"href":"https:\/\/www.oneconcept.ro\/en\/wp-json\/wp\/v2\/media\/610"}],"wp:attachment":[{"href":"https:\/\/www.oneconcept.ro\/en\/wp-json\/wp\/v2\/media?parent=2703"}],"wp:term":[{"taxonomy":"product_brand","embeddable":true,"href":"https:\/\/www.oneconcept.ro\/en\/wp-json\/wp\/v2\/product_brand?post=2703"},{"taxonomy":"product_cat","embeddable":true,"href":"https:\/\/www.oneconcept.ro\/en\/wp-json\/wp\/v2\/product_cat?post=2703"},{"taxonomy":"product_tag","embeddable":true,"href":"https:\/\/www.oneconcept.ro\/en\/wp-json\/wp\/v2\/product_tag?post=2703"}],"curies":[{"name":"wp","href":"https:\/\/api.w.org\/{rel}","templated":true}]}}