{"id":2684,"date":"2025-05-27T07:24:54","date_gmt":"2025-05-27T04:24:54","guid":{"rendered":"https:\/\/staging.oneconcept.ro\/?post_type=product&#038;p=2684"},"modified":"2025-06-25T12:51:06","modified_gmt":"2025-06-25T09:51:06","slug":"aparat-aer-conditionat-aux-tip-duct-12-000-btu-h-4d-air-flow-0-5-kw-standby-fresh-air-auto-diagnoza-auto-restart-racire-incazire-rapida","status":"publish","type":"product","link":"https:\/\/www.oneconcept.ro\/en\/product\/aparat-aer-conditionat-aux-tip-duct-12-000-btu-h-4d-air-flow-0-5-kw-standby-fresh-air-auto-diagnoza-auto-restart-racire-incazire-rapida\/","title":{"rendered":"Aparat aer conditionat AUX tip Duct, 12 000 BTU\/h, 4D Air Flow, 0.5 kw Standby, Fresh Air, Auto Diagnoza, Auto Restart, Racire\/Incazire rapida"},"content":{"rendered":"<p><strong>Aparat aer conditionat AUX tip Duct cu o putere de 12 000 BTU\/h<\/strong><\/p>\n<p>Unit\u0103\u021bile de tip duct ofer\u0103 o func\u021bionare discret\u0103 \u0219i op\u021biuni extinse de instalare. Dup\u0103 montarea \u00een tavanul suspendat, acestea sunt invizibile, iar aerul conditionat este distribuit prin canale conducte catre grile care pot s\u0103 fie amplasat oriunde conform cerin\u021belor dvs. de proiectare.<\/p>\n<p><strong>Pomp\u0103 de condens este \u00eencorporat\u0103 \u00een unitatile tip duct cu presiune joas\u0103 \u0219i medie<\/strong><\/p>\n<p>Pompa de scurgere \u00eencorporat\u0103 poate ridica apa de condensarep\u00e2n\u0103 la 70 mm \u0219i respectiv 120 mm, \u00een\u0103l\u021bime de la tava de scurgere.<\/p>\n<p><strong>Presiune static\u0103 medie<\/strong><\/p>\n<p>Presiune static\u0103 reglabil\u0103 de la 0 Pa la max. 160 Pa.<\/p>\n<p><strong>Instalare flexibil\u0103<\/strong><\/p>\n<p>Admisia de aer din spate ca standard, de jos este optionala. Dimensiunea pl\u0103cii de jos este aceea\u0219i cu flan\u0219a din spate, ceea ce face convenabil\u0103 schimbarea stilului de instalare datorit\u0103 cerin\u021belor diferite de decorare.<\/p>\n<p><strong>Tehnologia de autoadaptare<\/strong><\/p>\n<p>Func\u021bia de reglare automat\u0103 a ESP va adapta unitatea la orice stil de conducte cu volumul de aer optimizat minimiz\u00e2nd automat nivelurile de zgomot, cresc\u00e2nd nivelul de confort pentru utilizator.<\/p>\n<p><strong>Controlul electronic este u\u0219or de accesat pentru orice proces<\/strong><\/p>\n<p>Scoate\u021bi rapid 1 \u0219urub de pe capacul din st\u00e2nga \u0219i din dreapta. Schimba\u021bi direc\u021bia liniei de ie\u0219ire, \u00eentre\u021binere f\u0103r\u0103 ecranare, m\u0103ri\u021bi spa\u021biul de \u00eentre\u021binere<\/p>\n<p><strong>Orificii duble de scurgere<\/strong><\/p>\n<p>Design dublu de drenaj pe partea st\u00e2ng\u0103 \u0219i dreapt\u0103 a pl\u0103cii de ap\u0103, flexibil pentru a se adapta la locul de instalare.<\/p>\n<p>&nbsp;<\/p>\n<p><img fetchpriority=\"high\" decoding=\"async\" class=\"size-full wp-image-3092 aligncenter\" src=\"https:\/\/www.oneconcept.ro\/wp-content\/uploads\/2024\/03\/Design-fara-titlu-3-3.png\" alt=\"\" width=\"1080\" height=\"1080\" \/><\/p>\n","protected":false},"excerpt":{"rendered":"<p><strong>Aparat aer conditionat AUX tip Duct cu o putere de 12 000 BTU\/h<\/strong><\/p>\n","protected":false},"featured_media":607,"comment_status":"closed","ping_status":"closed","template":"","meta":{"_acf_changed":false},"product_brand":[516],"product_cat":[473,472],"product_tag":[495,517],"class_list":{"0":"post-2684","1":"product","2":"type-product","3":"status-publish","4":"has-post-thumbnail","6":"product_brand-aux","7":"product_cat-duct-sisteme-de-climatizare-comerciale","8":"product_cat-sisteme-de-climatizare-comerciale","9":"product_tag-12000-btu","10":"product_tag-nan","12":"first","13":"instock","14":"taxable","15":"shipping-taxable","16":"purchasable","17":"product-type-simple"},"acf":[],"yoast_head":"<!-- This site is optimized with the Yoast SEO plugin v27.1 - https:\/\/yoast.com\/product\/yoast-seo-wordpress\/ -->\n<title>Aparat aer conditionat AUX tip Duct, 12 000 BTU\/h, 4D Air Flow, 0.5 kw Standby, Fresh Air, Auto Diagnoza, Auto Restart, Racire\/Incazire rapida - One Concept<\/title>\n<meta name=\"robots\" content=\"index, follow, max-snippet:-1, max-image-preview:large, max-video-preview:-1\" \/>\n<link rel=\"canonical\" href=\"https:\/\/www.oneconcept.ro\/en\/product\/aparat-aer-conditionat-aux-tip-duct-12-000-btu-h-4d-air-flow-0-5-kw-standby-fresh-air-auto-diagnoza-auto-restart-racire-incazire-rapida\/\" \/>\n<meta property=\"og:locale\" content=\"en_US\" \/>\n<meta property=\"og:type\" content=\"article\" \/>\n<meta property=\"og:title\" content=\"Aparat aer conditionat AUX tip Duct, 12 000 BTU\/h, 4D Air Flow, 0.5 kw Standby, Fresh Air, Auto Diagnoza, Auto Restart, Racire\/Incazire rapida - One Concept\" \/>\n<meta property=\"og:description\" content=\"Aparat aer conditionat AUX tip Duct cu o putere de 12 000 BTU\/h\" \/>\n<meta property=\"og:url\" content=\"https:\/\/www.oneconcept.ro\/en\/product\/aparat-aer-conditionat-aux-tip-duct-12-000-btu-h-4d-air-flow-0-5-kw-standby-fresh-air-auto-diagnoza-auto-restart-racire-incazire-rapida\/\" \/>\n<meta property=\"og:site_name\" content=\"One Concept\" \/>\n<meta property=\"article:modified_time\" content=\"2025-06-25T09:51:06+00:00\" \/>\n<meta property=\"og:image\" content=\"https:\/\/www.oneconcept.ro\/wp-content\/uploads\/2025\/05\/Design-fara-titlu-3-3.png\" \/>\n\t<meta property=\"og:image:width\" content=\"1080\" \/>\n\t<meta property=\"og:image:height\" content=\"1080\" \/>\n\t<meta property=\"og:image:type\" content=\"image\/png\" \/>\n<meta name=\"twitter:card\" content=\"summary_large_image\" \/>\n<meta name=\"twitter:label1\" content=\"Est. reading time\" \/>\n\t<meta name=\"twitter:data1\" content=\"1 minute\" \/>\n<script type=\"application\/ld+json\" class=\"yoast-schema-graph\">{\"@context\":\"https:\/\/schema.org\",\"@graph\":[{\"@type\":\"WebPage\",\"@id\":\"https:\/\/www.oneconcept.ro\/en\/product\/aparat-aer-conditionat-aux-tip-duct-12-000-btu-h-4d-air-flow-0-5-kw-standby-fresh-air-auto-diagnoza-auto-restart-racire-incazire-rapida\/\",\"url\":\"https:\/\/www.oneconcept.ro\/en\/product\/aparat-aer-conditionat-aux-tip-duct-12-000-btu-h-4d-air-flow-0-5-kw-standby-fresh-air-auto-diagnoza-auto-restart-racire-incazire-rapida\/\",\"name\":\"Aparat aer conditionat AUX tip Duct, 12 000 BTU\/h, 4D Air Flow, 0.5 kw Standby, Fresh Air, Auto Diagnoza, Auto Restart, Racire\/Incazire rapida - One Concept\",\"isPartOf\":{\"@id\":\"https:\/\/www.oneconcept.ro\/en\/#website\"},\"primaryImageOfPage\":{\"@id\":\"https:\/\/www.oneconcept.ro\/en\/product\/aparat-aer-conditionat-aux-tip-duct-12-000-btu-h-4d-air-flow-0-5-kw-standby-fresh-air-auto-diagnoza-auto-restart-racire-incazire-rapida\/#primaryimage\"},\"image\":{\"@id\":\"https:\/\/www.oneconcept.ro\/en\/product\/aparat-aer-conditionat-aux-tip-duct-12-000-btu-h-4d-air-flow-0-5-kw-standby-fresh-air-auto-diagnoza-auto-restart-racire-incazire-rapida\/#primaryimage\"},\"thumbnailUrl\":\"https:\/\/www.oneconcept.ro\/wp-content\/uploads\/2025\/05\/Design-fara-titlu-3-3.png\",\"datePublished\":\"2025-05-27T04:24:54+00:00\",\"dateModified\":\"2025-06-25T09:51:06+00:00\",\"breadcrumb\":{\"@id\":\"https:\/\/www.oneconcept.ro\/en\/product\/aparat-aer-conditionat-aux-tip-duct-12-000-btu-h-4d-air-flow-0-5-kw-standby-fresh-air-auto-diagnoza-auto-restart-racire-incazire-rapida\/#breadcrumb\"},\"inLanguage\":\"en-US\",\"potentialAction\":[{\"@type\":\"ReadAction\",\"target\":[\"https:\/\/www.oneconcept.ro\/en\/product\/aparat-aer-conditionat-aux-tip-duct-12-000-btu-h-4d-air-flow-0-5-kw-standby-fresh-air-auto-diagnoza-auto-restart-racire-incazire-rapida\/\"]}]},{\"@type\":\"ImageObject\",\"inLanguage\":\"en-US\",\"@id\":\"https:\/\/www.oneconcept.ro\/en\/product\/aparat-aer-conditionat-aux-tip-duct-12-000-btu-h-4d-air-flow-0-5-kw-standby-fresh-air-auto-diagnoza-auto-restart-racire-incazire-rapida\/#primaryimage\",\"url\":\"https:\/\/www.oneconcept.ro\/wp-content\/uploads\/2025\/05\/Design-fara-titlu-3-3.png\",\"contentUrl\":\"https:\/\/www.oneconcept.ro\/wp-content\/uploads\/2025\/05\/Design-fara-titlu-3-3.png\",\"width\":1080,\"height\":1080},{\"@type\":\"BreadcrumbList\",\"@id\":\"https:\/\/www.oneconcept.ro\/en\/product\/aparat-aer-conditionat-aux-tip-duct-12-000-btu-h-4d-air-flow-0-5-kw-standby-fresh-air-auto-diagnoza-auto-restart-racire-incazire-rapida\/#breadcrumb\",\"itemListElement\":[{\"@type\":\"ListItem\",\"position\":1,\"name\":\"Prima pagin\u0103\",\"item\":\"https:\/\/www.oneconcept.ro\/en\/home\/\"},{\"@type\":\"ListItem\",\"position\":2,\"name\":\"Shop\",\"item\":\"https:\/\/www.oneconcept.ro\/en\/shop-2\/\"},{\"@type\":\"ListItem\",\"position\":3,\"name\":\"Aparat aer conditionat AUX tip Duct, 12 000 BTU\/h, 4D Air Flow, 0.5 kw Standby, Fresh Air, Auto Diagnoza, Auto Restart, Racire\/Incazire rapida\"}]},{\"@type\":\"WebSite\",\"@id\":\"https:\/\/www.oneconcept.ro\/en\/#website\",\"url\":\"https:\/\/www.oneconcept.ro\/en\/\",\"name\":\"One Concept\",\"description\":\"\",\"publisher\":{\"@id\":\"https:\/\/www.oneconcept.ro\/en\/#organization\"},\"potentialAction\":[{\"@type\":\"SearchAction\",\"target\":{\"@type\":\"EntryPoint\",\"urlTemplate\":\"https:\/\/www.oneconcept.ro\/en\/?s={search_term_string}\"},\"query-input\":{\"@type\":\"PropertyValueSpecification\",\"valueRequired\":true,\"valueName\":\"search_term_string\"}}],\"inLanguage\":\"en-US\"},{\"@type\":\"Organization\",\"@id\":\"https:\/\/www.oneconcept.ro\/en\/#organization\",\"name\":\"One Concept\",\"url\":\"https:\/\/www.oneconcept.ro\/en\/\",\"logo\":{\"@type\":\"ImageObject\",\"inLanguage\":\"en-US\",\"@id\":\"https:\/\/www.oneconcept.ro\/en\/#\/schema\/logo\/image\/\",\"url\":\"https:\/\/www.oneconcept.ro\/wp-content\/uploads\/2025\/07\/cropped-v1.png\",\"contentUrl\":\"https:\/\/www.oneconcept.ro\/wp-content\/uploads\/2025\/07\/cropped-v1.png\",\"width\":512,\"height\":512,\"caption\":\"One Concept\"},\"image\":{\"@id\":\"https:\/\/www.oneconcept.ro\/en\/#\/schema\/logo\/image\/\"}}]}<\/script>\n<!-- \/ Yoast SEO plugin. -->","yoast_head_json":{"title":"Aparat aer conditionat AUX tip Duct, 12 000 BTU\/h, 4D Air Flow, 0.5 kw Standby, Fresh Air, Auto Diagnoza, Auto Restart, Racire\/Incazire rapida - One Concept","robots":{"index":"index","follow":"follow","max-snippet":"max-snippet:-1","max-image-preview":"max-image-preview:large","max-video-preview":"max-video-preview:-1"},"canonical":"https:\/\/www.oneconcept.ro\/en\/product\/aparat-aer-conditionat-aux-tip-duct-12-000-btu-h-4d-air-flow-0-5-kw-standby-fresh-air-auto-diagnoza-auto-restart-racire-incazire-rapida\/","og_locale":"en_US","og_type":"article","og_title":"Aparat aer conditionat AUX tip Duct, 12 000 BTU\/h, 4D Air Flow, 0.5 kw Standby, Fresh Air, Auto Diagnoza, Auto Restart, Racire\/Incazire rapida - One Concept","og_description":"Aparat aer conditionat AUX tip Duct cu o putere de 12 000 BTU\/h","og_url":"https:\/\/www.oneconcept.ro\/en\/product\/aparat-aer-conditionat-aux-tip-duct-12-000-btu-h-4d-air-flow-0-5-kw-standby-fresh-air-auto-diagnoza-auto-restart-racire-incazire-rapida\/","og_site_name":"One Concept","article_modified_time":"2025-06-25T09:51:06+00:00","og_image":[{"width":1080,"height":1080,"url":"https:\/\/www.oneconcept.ro\/wp-content\/uploads\/2025\/05\/Design-fara-titlu-3-3.png","type":"image\/png"}],"twitter_card":"summary_large_image","twitter_misc":{"Est. reading time":"1 minute"},"schema":{"@context":"https:\/\/schema.org","@graph":[{"@type":"WebPage","@id":"https:\/\/www.oneconcept.ro\/en\/product\/aparat-aer-conditionat-aux-tip-duct-12-000-btu-h-4d-air-flow-0-5-kw-standby-fresh-air-auto-diagnoza-auto-restart-racire-incazire-rapida\/","url":"https:\/\/www.oneconcept.ro\/en\/product\/aparat-aer-conditionat-aux-tip-duct-12-000-btu-h-4d-air-flow-0-5-kw-standby-fresh-air-auto-diagnoza-auto-restart-racire-incazire-rapida\/","name":"Aparat aer conditionat AUX tip Duct, 12 000 BTU\/h, 4D Air Flow, 0.5 kw Standby, Fresh Air, Auto Diagnoza, Auto Restart, Racire\/Incazire rapida - One Concept","isPartOf":{"@id":"https:\/\/www.oneconcept.ro\/en\/#website"},"primaryImageOfPage":{"@id":"https:\/\/www.oneconcept.ro\/en\/product\/aparat-aer-conditionat-aux-tip-duct-12-000-btu-h-4d-air-flow-0-5-kw-standby-fresh-air-auto-diagnoza-auto-restart-racire-incazire-rapida\/#primaryimage"},"image":{"@id":"https:\/\/www.oneconcept.ro\/en\/product\/aparat-aer-conditionat-aux-tip-duct-12-000-btu-h-4d-air-flow-0-5-kw-standby-fresh-air-auto-diagnoza-auto-restart-racire-incazire-rapida\/#primaryimage"},"thumbnailUrl":"https:\/\/www.oneconcept.ro\/wp-content\/uploads\/2025\/05\/Design-fara-titlu-3-3.png","datePublished":"2025-05-27T04:24:54+00:00","dateModified":"2025-06-25T09:51:06+00:00","breadcrumb":{"@id":"https:\/\/www.oneconcept.ro\/en\/product\/aparat-aer-conditionat-aux-tip-duct-12-000-btu-h-4d-air-flow-0-5-kw-standby-fresh-air-auto-diagnoza-auto-restart-racire-incazire-rapida\/#breadcrumb"},"inLanguage":"en-US","potentialAction":[{"@type":"ReadAction","target":["https:\/\/www.oneconcept.ro\/en\/product\/aparat-aer-conditionat-aux-tip-duct-12-000-btu-h-4d-air-flow-0-5-kw-standby-fresh-air-auto-diagnoza-auto-restart-racire-incazire-rapida\/"]}]},{"@type":"ImageObject","inLanguage":"en-US","@id":"https:\/\/www.oneconcept.ro\/en\/product\/aparat-aer-conditionat-aux-tip-duct-12-000-btu-h-4d-air-flow-0-5-kw-standby-fresh-air-auto-diagnoza-auto-restart-racire-incazire-rapida\/#primaryimage","url":"https:\/\/www.oneconcept.ro\/wp-content\/uploads\/2025\/05\/Design-fara-titlu-3-3.png","contentUrl":"https:\/\/www.oneconcept.ro\/wp-content\/uploads\/2025\/05\/Design-fara-titlu-3-3.png","width":1080,"height":1080},{"@type":"BreadcrumbList","@id":"https:\/\/www.oneconcept.ro\/en\/product\/aparat-aer-conditionat-aux-tip-duct-12-000-btu-h-4d-air-flow-0-5-kw-standby-fresh-air-auto-diagnoza-auto-restart-racire-incazire-rapida\/#breadcrumb","itemListElement":[{"@type":"ListItem","position":1,"name":"Prima pagin\u0103","item":"https:\/\/www.oneconcept.ro\/en\/home\/"},{"@type":"ListItem","position":2,"name":"Shop","item":"https:\/\/www.oneconcept.ro\/en\/shop-2\/"},{"@type":"ListItem","position":3,"name":"Aparat aer conditionat AUX tip Duct, 12 000 BTU\/h, 4D Air Flow, 0.5 kw Standby, Fresh Air, Auto Diagnoza, Auto Restart, Racire\/Incazire rapida"}]},{"@type":"WebSite","@id":"https:\/\/www.oneconcept.ro\/en\/#website","url":"https:\/\/www.oneconcept.ro\/en\/","name":"One Concept","description":"","publisher":{"@id":"https:\/\/www.oneconcept.ro\/en\/#organization"},"potentialAction":[{"@type":"SearchAction","target":{"@type":"EntryPoint","urlTemplate":"https:\/\/www.oneconcept.ro\/en\/?s={search_term_string}"},"query-input":{"@type":"PropertyValueSpecification","valueRequired":true,"valueName":"search_term_string"}}],"inLanguage":"en-US"},{"@type":"Organization","@id":"https:\/\/www.oneconcept.ro\/en\/#organization","name":"One Concept","url":"https:\/\/www.oneconcept.ro\/en\/","logo":{"@type":"ImageObject","inLanguage":"en-US","@id":"https:\/\/www.oneconcept.ro\/en\/#\/schema\/logo\/image\/","url":"https:\/\/www.oneconcept.ro\/wp-content\/uploads\/2025\/07\/cropped-v1.png","contentUrl":"https:\/\/www.oneconcept.ro\/wp-content\/uploads\/2025\/07\/cropped-v1.png","width":512,"height":512,"caption":"One Concept"},"image":{"@id":"https:\/\/www.oneconcept.ro\/en\/#\/schema\/logo\/image\/"}}]}},"_links":{"self":[{"href":"https:\/\/www.oneconcept.ro\/en\/wp-json\/wp\/v2\/product\/2684","targetHints":{"allow":["GET"]}}],"collection":[{"href":"https:\/\/www.oneconcept.ro\/en\/wp-json\/wp\/v2\/product"}],"about":[{"href":"https:\/\/www.oneconcept.ro\/en\/wp-json\/wp\/v2\/types\/product"}],"replies":[{"embeddable":true,"href":"https:\/\/www.oneconcept.ro\/en\/wp-json\/wp\/v2\/comments?post=2684"}],"wp:featuredmedia":[{"embeddable":true,"href":"https:\/\/www.oneconcept.ro\/en\/wp-json\/wp\/v2\/media\/607"}],"wp:attachment":[{"href":"https:\/\/www.oneconcept.ro\/en\/wp-json\/wp\/v2\/media?parent=2684"}],"wp:term":[{"taxonomy":"product_brand","embeddable":true,"href":"https:\/\/www.oneconcept.ro\/en\/wp-json\/wp\/v2\/product_brand?post=2684"},{"taxonomy":"product_cat","embeddable":true,"href":"https:\/\/www.oneconcept.ro\/en\/wp-json\/wp\/v2\/product_cat?post=2684"},{"taxonomy":"product_tag","embeddable":true,"href":"https:\/\/www.oneconcept.ro\/en\/wp-json\/wp\/v2\/product_tag?post=2684"}],"curies":[{"name":"wp","href":"https:\/\/api.w.org\/{rel}","templated":true}]}}