{"id":2681,"date":"2025-05-27T07:24:54","date_gmt":"2025-05-27T04:24:54","guid":{"rendered":"https:\/\/staging.oneconcept.ro\/?post_type=product&#038;p=2681"},"modified":"2025-06-25T12:51:06","modified_gmt":"2025-06-25T09:51:06","slug":"aparat-aer-conditionat-aux-tip-caseta-42-000-btu-h-fresh-air-auto-curatare-round-flow-360-sleep-mode","status":"publish","type":"product","link":"https:\/\/www.oneconcept.ro\/en\/product\/aparat-aer-conditionat-aux-tip-caseta-42-000-btu-h-fresh-air-auto-curatare-round-flow-360-sleep-mode\/","title":{"rendered":"Aparat aer conditionat AUX tip caseta 42 000 BTU\/h, Fresh Air, Auto Curatare, Round Flow 360\u00b0, Sleep Mode"},"content":{"rendered":"<p><strong>Aparat aer conditionat AUX tip caseta cu o putere de 42 000 BTU\/h<\/strong><\/p>\n<p><strong>5-fold exchanger<\/strong><\/p>\n<p>Evaporatorul adopt\u0103 noua tehnologie\u00a0 <strong>5-fold exchanger<\/strong>, care are o zon\u0103 de schimb de c\u0103ldur\u0103 mai mare \u0219i o cre\u0219tere cu 12% a eficien\u021bei schimbului de c\u0103ldur\u0103 \u00een compara\u021bie cu evaporatoarele tradi\u021bionale de 4 ori.<\/p>\n<p><strong>Round-way air supply<\/strong><\/p>\n<p>Panoul rotund face aerul s\u0103 difuzeze din direc\u021bia de 360 \u00b0, iar distribu\u021bia temperaturii este mai uniform\u0103.<\/p>\n<p><strong>Distributia cu aer pe distan\u021be lungi<\/strong><\/p>\n<p>Distan\u021ba de alimentare cu aer ajunge la 4m, \u00eendeplinind cerin\u021bele de alimentare cu aer pentru spa\u021biile \u00eenalte.<\/p>\n<p><strong>Volum mare de aer<\/strong><\/p>\n<p>Adoptarea unei ro\u021bi spiralate cu diametru mare pentru un volum de aer mai mare \u0219i un zgomot mai mic.<\/p>\n<p><strong>Sleeping mode<\/strong><\/p>\n<p>Activa\u021bi sleeping mode, nu trebuie s\u0103 v\u0103 face\u021bi griji fiind prea frig sau prea cald \u0219i dormi confortabil toat\u0103 noaptea lung.<\/p>\n<p><strong>Func\u021bia de control central<\/strong><\/p>\n<p>Func\u021bie op\u021bional\u0103 de nod uscat, atunci c\u00e2nd unitatea simte deschiderea ferestrei sau sesizeaz\u0103 focul, unitatea va fi automat \u00eenchide.<\/p>\n<p><strong>Screen display function<\/strong><\/p>\n<p>C\u00e2nd unitatea func\u021bioneaz\u0103, pictograma panoului luminos poate fi setat\u0103 s\u0103 afi\u0219eze sau nu pentru a r\u0103spunde nevoilor diferi\u021bilor clien\u021bi.<\/p>\n<p><strong>Auto-Clean<\/strong><\/p>\n<p>Cur\u0103\u021barea automat\u0103 a vaporizatorului, cur\u0103\u021barea prafului \u0219i murd\u0103riei, s\u0103n\u0103toas\u0103 \u0219i confortabil\u0103.<\/p>\n<p><strong>Pompa de condes incorporata<\/strong><\/p>\n<p>Pomp\u0103 de condens\u00eencorporat\u0103 cu o ridicare de p\u00e2n\u0103 la 1200 mm, potrivit\u0103 pentru mai multe moduri de instalare.<\/p>\n<p><strong>Tav\u0103 de ap\u0103 anti-scurgere ( Tavita de condens )<\/strong><\/p>\n<p>Folosind o tav\u0103 de scurgere din plastic de 1,5 mm grosime, cu performan\u021b\u0103 ridicat\u0103 la ap\u0103 \u0219i prevenire eficient\u0103 a infiltra\u021biilor de ap\u0103.<\/p>\n<p><strong>Protectie ignifuga<\/strong><\/p>\n<p>Cutia de control electric\u0103 ignifug\u0103 din materiale metalice are o siguran\u021b\u0103 mai mare, asigur\u00e2nd func\u021bionarea \u00een siguran\u021b\u0103 a unit\u0103\u021bii.<\/p>\n<p><strong>WiFi room card<\/strong><\/p>\n<p>Op\u021bional se poate opta pentru functia de WiFi card de camer\u0103 \u0219i func\u021bii de control centralizat pentru a satisface nevoile intelectuale.<\/p>\n<p><img fetchpriority=\"high\" decoding=\"async\" class=\"size-full wp-image-3077 aligncenter\" src=\"https:\/\/www.oneconcept.ro\/wp-content\/uploads\/2024\/03\/Design-fara-titlu-6.png\" alt=\"\" width=\"1080\" height=\"1080\" \/><\/p>\n","protected":false},"excerpt":{"rendered":"<p><strong>Aparat aer conditionat AUX tip caseta cu o putere de 42 000 BTU\/h<\/strong><\/p>\n<p><strong>5-fold exchanger<\/strong><\/p>\n<p>Evaporatorul adopt\u0103 noua tehnologie\u00a0 <strong>5-fold exchanger<\/strong>, care are o zon\u0103 de schimb de c\u0103ldur\u0103 mai mare \u0219i o cre\u0219tere cu 12% a eficien\u021bei schimbului de c\u0103ldur\u0103 \u00een compara\u021bie cu evaporatoarele tradi\u021bionale de 4 ori.<\/p>\n","protected":false},"featured_media":577,"comment_status":"closed","ping_status":"closed","template":"","meta":{"_acf_changed":false},"product_brand":[516],"product_cat":[474,472],"product_tag":[505,517],"class_list":{"0":"post-2681","1":"product","2":"type-product","3":"status-publish","4":"has-post-thumbnail","6":"product_brand-aux","7":"product_cat-casete","8":"product_cat-sisteme-de-climatizare-comerciale","9":"product_tag-42000-btu","10":"product_tag-nan","12":"first","13":"instock","14":"taxable","15":"shipping-taxable","16":"purchasable","17":"product-type-simple"},"acf":[],"yoast_head":"<!-- This site is optimized with the Yoast SEO plugin v27.1 - https:\/\/yoast.com\/product\/yoast-seo-wordpress\/ -->\n<title>Aparat aer conditionat AUX tip caseta 42 000 BTU\/h, Fresh Air, Auto Curatare, Round Flow 360\u00b0, Sleep Mode - One Concept<\/title>\n<meta name=\"robots\" content=\"index, follow, max-snippet:-1, max-image-preview:large, max-video-preview:-1\" \/>\n<link rel=\"canonical\" href=\"https:\/\/www.oneconcept.ro\/en\/product\/aparat-aer-conditionat-aux-tip-caseta-42-000-btu-h-fresh-air-auto-curatare-round-flow-360-sleep-mode\/\" \/>\n<meta property=\"og:locale\" content=\"en_US\" \/>\n<meta property=\"og:type\" content=\"article\" \/>\n<meta property=\"og:title\" content=\"Aparat aer conditionat AUX tip caseta 42 000 BTU\/h, Fresh Air, Auto Curatare, Round Flow 360\u00b0, Sleep Mode - One Concept\" \/>\n<meta property=\"og:description\" content=\"Aparat aer conditionat AUX tip caseta cu o putere de 42 000 BTU\/h  5-fold exchanger  Evaporatorul adopt\u0103 noua tehnologie\u00a0 5-fold exchanger, care are o zon\u0103 de schimb de c\u0103ldur\u0103 mai mare \u0219i o cre\u0219tere cu 12% a eficien\u021bei schimbului de c\u0103ldur\u0103 \u00een compara\u021bie cu evaporatoarele tradi\u021bionale de 4 ori.\" \/>\n<meta property=\"og:url\" content=\"https:\/\/www.oneconcept.ro\/en\/product\/aparat-aer-conditionat-aux-tip-caseta-42-000-btu-h-fresh-air-auto-curatare-round-flow-360-sleep-mode\/\" \/>\n<meta property=\"og:site_name\" content=\"One Concept\" \/>\n<meta property=\"article:modified_time\" content=\"2025-06-25T09:51:06+00:00\" \/>\n<meta property=\"og:image\" content=\"https:\/\/www.oneconcept.ro\/wp-content\/uploads\/2025\/05\/Design-fara-titlu-6-3.png\" \/>\n\t<meta property=\"og:image:width\" content=\"1080\" \/>\n\t<meta property=\"og:image:height\" content=\"1080\" \/>\n\t<meta property=\"og:image:type\" content=\"image\/png\" \/>\n<meta name=\"twitter:card\" content=\"summary_large_image\" \/>\n<meta name=\"twitter:label1\" content=\"Est. reading time\" \/>\n\t<meta name=\"twitter:data1\" content=\"2 minutes\" \/>\n<script type=\"application\/ld+json\" class=\"yoast-schema-graph\">{\"@context\":\"https:\/\/schema.org\",\"@graph\":[{\"@type\":\"WebPage\",\"@id\":\"https:\/\/www.oneconcept.ro\/en\/product\/aparat-aer-conditionat-aux-tip-caseta-42-000-btu-h-fresh-air-auto-curatare-round-flow-360-sleep-mode\/\",\"url\":\"https:\/\/www.oneconcept.ro\/en\/product\/aparat-aer-conditionat-aux-tip-caseta-42-000-btu-h-fresh-air-auto-curatare-round-flow-360-sleep-mode\/\",\"name\":\"Aparat aer conditionat AUX tip caseta 42 000 BTU\/h, Fresh Air, Auto Curatare, Round Flow 360\u00b0, Sleep Mode - One Concept\",\"isPartOf\":{\"@id\":\"https:\/\/www.oneconcept.ro\/en\/#website\"},\"primaryImageOfPage\":{\"@id\":\"https:\/\/www.oneconcept.ro\/en\/product\/aparat-aer-conditionat-aux-tip-caseta-42-000-btu-h-fresh-air-auto-curatare-round-flow-360-sleep-mode\/#primaryimage\"},\"image\":{\"@id\":\"https:\/\/www.oneconcept.ro\/en\/product\/aparat-aer-conditionat-aux-tip-caseta-42-000-btu-h-fresh-air-auto-curatare-round-flow-360-sleep-mode\/#primaryimage\"},\"thumbnailUrl\":\"https:\/\/www.oneconcept.ro\/wp-content\/uploads\/2025\/05\/Design-fara-titlu-6-3.png\",\"datePublished\":\"2025-05-27T04:24:54+00:00\",\"dateModified\":\"2025-06-25T09:51:06+00:00\",\"breadcrumb\":{\"@id\":\"https:\/\/www.oneconcept.ro\/en\/product\/aparat-aer-conditionat-aux-tip-caseta-42-000-btu-h-fresh-air-auto-curatare-round-flow-360-sleep-mode\/#breadcrumb\"},\"inLanguage\":\"en-US\",\"potentialAction\":[{\"@type\":\"ReadAction\",\"target\":[\"https:\/\/www.oneconcept.ro\/en\/product\/aparat-aer-conditionat-aux-tip-caseta-42-000-btu-h-fresh-air-auto-curatare-round-flow-360-sleep-mode\/\"]}]},{\"@type\":\"ImageObject\",\"inLanguage\":\"en-US\",\"@id\":\"https:\/\/www.oneconcept.ro\/en\/product\/aparat-aer-conditionat-aux-tip-caseta-42-000-btu-h-fresh-air-auto-curatare-round-flow-360-sleep-mode\/#primaryimage\",\"url\":\"https:\/\/www.oneconcept.ro\/wp-content\/uploads\/2025\/05\/Design-fara-titlu-6-3.png\",\"contentUrl\":\"https:\/\/www.oneconcept.ro\/wp-content\/uploads\/2025\/05\/Design-fara-titlu-6-3.png\",\"width\":1080,\"height\":1080},{\"@type\":\"BreadcrumbList\",\"@id\":\"https:\/\/www.oneconcept.ro\/en\/product\/aparat-aer-conditionat-aux-tip-caseta-42-000-btu-h-fresh-air-auto-curatare-round-flow-360-sleep-mode\/#breadcrumb\",\"itemListElement\":[{\"@type\":\"ListItem\",\"position\":1,\"name\":\"Prima pagin\u0103\",\"item\":\"https:\/\/www.oneconcept.ro\/en\/home\/\"},{\"@type\":\"ListItem\",\"position\":2,\"name\":\"Shop\",\"item\":\"https:\/\/www.oneconcept.ro\/en\/shop-2\/\"},{\"@type\":\"ListItem\",\"position\":3,\"name\":\"Aparat aer conditionat AUX tip caseta 42 000 BTU\/h, Fresh Air, Auto Curatare, Round Flow 360\u00b0, Sleep Mode\"}]},{\"@type\":\"WebSite\",\"@id\":\"https:\/\/www.oneconcept.ro\/en\/#website\",\"url\":\"https:\/\/www.oneconcept.ro\/en\/\",\"name\":\"One Concept\",\"description\":\"\",\"publisher\":{\"@id\":\"https:\/\/www.oneconcept.ro\/en\/#organization\"},\"potentialAction\":[{\"@type\":\"SearchAction\",\"target\":{\"@type\":\"EntryPoint\",\"urlTemplate\":\"https:\/\/www.oneconcept.ro\/en\/?s={search_term_string}\"},\"query-input\":{\"@type\":\"PropertyValueSpecification\",\"valueRequired\":true,\"valueName\":\"search_term_string\"}}],\"inLanguage\":\"en-US\"},{\"@type\":\"Organization\",\"@id\":\"https:\/\/www.oneconcept.ro\/en\/#organization\",\"name\":\"One Concept\",\"url\":\"https:\/\/www.oneconcept.ro\/en\/\",\"logo\":{\"@type\":\"ImageObject\",\"inLanguage\":\"en-US\",\"@id\":\"https:\/\/www.oneconcept.ro\/en\/#\/schema\/logo\/image\/\",\"url\":\"https:\/\/www.oneconcept.ro\/wp-content\/uploads\/2025\/07\/cropped-v1.png\",\"contentUrl\":\"https:\/\/www.oneconcept.ro\/wp-content\/uploads\/2025\/07\/cropped-v1.png\",\"width\":512,\"height\":512,\"caption\":\"One Concept\"},\"image\":{\"@id\":\"https:\/\/www.oneconcept.ro\/en\/#\/schema\/logo\/image\/\"}}]}<\/script>\n<!-- \/ Yoast SEO plugin. -->","yoast_head_json":{"title":"Aparat aer conditionat AUX tip caseta 42 000 BTU\/h, Fresh Air, Auto Curatare, Round Flow 360\u00b0, Sleep Mode - One Concept","robots":{"index":"index","follow":"follow","max-snippet":"max-snippet:-1","max-image-preview":"max-image-preview:large","max-video-preview":"max-video-preview:-1"},"canonical":"https:\/\/www.oneconcept.ro\/en\/product\/aparat-aer-conditionat-aux-tip-caseta-42-000-btu-h-fresh-air-auto-curatare-round-flow-360-sleep-mode\/","og_locale":"en_US","og_type":"article","og_title":"Aparat aer conditionat AUX tip caseta 42 000 BTU\/h, Fresh Air, Auto Curatare, Round Flow 360\u00b0, Sleep Mode - One Concept","og_description":"Aparat aer conditionat AUX tip caseta cu o putere de 42 000 BTU\/h  5-fold exchanger  Evaporatorul adopt\u0103 noua tehnologie\u00a0 5-fold exchanger, care are o zon\u0103 de schimb de c\u0103ldur\u0103 mai mare \u0219i o cre\u0219tere cu 12% a eficien\u021bei schimbului de c\u0103ldur\u0103 \u00een compara\u021bie cu evaporatoarele tradi\u021bionale de 4 ori.","og_url":"https:\/\/www.oneconcept.ro\/en\/product\/aparat-aer-conditionat-aux-tip-caseta-42-000-btu-h-fresh-air-auto-curatare-round-flow-360-sleep-mode\/","og_site_name":"One Concept","article_modified_time":"2025-06-25T09:51:06+00:00","og_image":[{"width":1080,"height":1080,"url":"https:\/\/www.oneconcept.ro\/wp-content\/uploads\/2025\/05\/Design-fara-titlu-6-3.png","type":"image\/png"}],"twitter_card":"summary_large_image","twitter_misc":{"Est. reading time":"2 minutes"},"schema":{"@context":"https:\/\/schema.org","@graph":[{"@type":"WebPage","@id":"https:\/\/www.oneconcept.ro\/en\/product\/aparat-aer-conditionat-aux-tip-caseta-42-000-btu-h-fresh-air-auto-curatare-round-flow-360-sleep-mode\/","url":"https:\/\/www.oneconcept.ro\/en\/product\/aparat-aer-conditionat-aux-tip-caseta-42-000-btu-h-fresh-air-auto-curatare-round-flow-360-sleep-mode\/","name":"Aparat aer conditionat AUX tip caseta 42 000 BTU\/h, Fresh Air, Auto Curatare, Round Flow 360\u00b0, Sleep Mode - One Concept","isPartOf":{"@id":"https:\/\/www.oneconcept.ro\/en\/#website"},"primaryImageOfPage":{"@id":"https:\/\/www.oneconcept.ro\/en\/product\/aparat-aer-conditionat-aux-tip-caseta-42-000-btu-h-fresh-air-auto-curatare-round-flow-360-sleep-mode\/#primaryimage"},"image":{"@id":"https:\/\/www.oneconcept.ro\/en\/product\/aparat-aer-conditionat-aux-tip-caseta-42-000-btu-h-fresh-air-auto-curatare-round-flow-360-sleep-mode\/#primaryimage"},"thumbnailUrl":"https:\/\/www.oneconcept.ro\/wp-content\/uploads\/2025\/05\/Design-fara-titlu-6-3.png","datePublished":"2025-05-27T04:24:54+00:00","dateModified":"2025-06-25T09:51:06+00:00","breadcrumb":{"@id":"https:\/\/www.oneconcept.ro\/en\/product\/aparat-aer-conditionat-aux-tip-caseta-42-000-btu-h-fresh-air-auto-curatare-round-flow-360-sleep-mode\/#breadcrumb"},"inLanguage":"en-US","potentialAction":[{"@type":"ReadAction","target":["https:\/\/www.oneconcept.ro\/en\/product\/aparat-aer-conditionat-aux-tip-caseta-42-000-btu-h-fresh-air-auto-curatare-round-flow-360-sleep-mode\/"]}]},{"@type":"ImageObject","inLanguage":"en-US","@id":"https:\/\/www.oneconcept.ro\/en\/product\/aparat-aer-conditionat-aux-tip-caseta-42-000-btu-h-fresh-air-auto-curatare-round-flow-360-sleep-mode\/#primaryimage","url":"https:\/\/www.oneconcept.ro\/wp-content\/uploads\/2025\/05\/Design-fara-titlu-6-3.png","contentUrl":"https:\/\/www.oneconcept.ro\/wp-content\/uploads\/2025\/05\/Design-fara-titlu-6-3.png","width":1080,"height":1080},{"@type":"BreadcrumbList","@id":"https:\/\/www.oneconcept.ro\/en\/product\/aparat-aer-conditionat-aux-tip-caseta-42-000-btu-h-fresh-air-auto-curatare-round-flow-360-sleep-mode\/#breadcrumb","itemListElement":[{"@type":"ListItem","position":1,"name":"Prima pagin\u0103","item":"https:\/\/www.oneconcept.ro\/en\/home\/"},{"@type":"ListItem","position":2,"name":"Shop","item":"https:\/\/www.oneconcept.ro\/en\/shop-2\/"},{"@type":"ListItem","position":3,"name":"Aparat aer conditionat AUX tip caseta 42 000 BTU\/h, Fresh Air, Auto Curatare, Round Flow 360\u00b0, Sleep Mode"}]},{"@type":"WebSite","@id":"https:\/\/www.oneconcept.ro\/en\/#website","url":"https:\/\/www.oneconcept.ro\/en\/","name":"One Concept","description":"","publisher":{"@id":"https:\/\/www.oneconcept.ro\/en\/#organization"},"potentialAction":[{"@type":"SearchAction","target":{"@type":"EntryPoint","urlTemplate":"https:\/\/www.oneconcept.ro\/en\/?s={search_term_string}"},"query-input":{"@type":"PropertyValueSpecification","valueRequired":true,"valueName":"search_term_string"}}],"inLanguage":"en-US"},{"@type":"Organization","@id":"https:\/\/www.oneconcept.ro\/en\/#organization","name":"One Concept","url":"https:\/\/www.oneconcept.ro\/en\/","logo":{"@type":"ImageObject","inLanguage":"en-US","@id":"https:\/\/www.oneconcept.ro\/en\/#\/schema\/logo\/image\/","url":"https:\/\/www.oneconcept.ro\/wp-content\/uploads\/2025\/07\/cropped-v1.png","contentUrl":"https:\/\/www.oneconcept.ro\/wp-content\/uploads\/2025\/07\/cropped-v1.png","width":512,"height":512,"caption":"One Concept"},"image":{"@id":"https:\/\/www.oneconcept.ro\/en\/#\/schema\/logo\/image\/"}}]}},"_links":{"self":[{"href":"https:\/\/www.oneconcept.ro\/en\/wp-json\/wp\/v2\/product\/2681","targetHints":{"allow":["GET"]}}],"collection":[{"href":"https:\/\/www.oneconcept.ro\/en\/wp-json\/wp\/v2\/product"}],"about":[{"href":"https:\/\/www.oneconcept.ro\/en\/wp-json\/wp\/v2\/types\/product"}],"replies":[{"embeddable":true,"href":"https:\/\/www.oneconcept.ro\/en\/wp-json\/wp\/v2\/comments?post=2681"}],"wp:featuredmedia":[{"embeddable":true,"href":"https:\/\/www.oneconcept.ro\/en\/wp-json\/wp\/v2\/media\/577"}],"wp:attachment":[{"href":"https:\/\/www.oneconcept.ro\/en\/wp-json\/wp\/v2\/media?parent=2681"}],"wp:term":[{"taxonomy":"product_brand","embeddable":true,"href":"https:\/\/www.oneconcept.ro\/en\/wp-json\/wp\/v2\/product_brand?post=2681"},{"taxonomy":"product_cat","embeddable":true,"href":"https:\/\/www.oneconcept.ro\/en\/wp-json\/wp\/v2\/product_cat?post=2681"},{"taxonomy":"product_tag","embeddable":true,"href":"https:\/\/www.oneconcept.ro\/en\/wp-json\/wp\/v2\/product_tag?post=2681"}],"curies":[{"name":"wp","href":"https:\/\/api.w.org\/{rel}","templated":true}]}}