{"id":2676,"date":"2025-05-27T07:24:54","date_gmt":"2025-05-27T04:24:54","guid":{"rendered":"https:\/\/staging.oneconcept.ro\/?post_type=product&#038;p=2676"},"modified":"2025-06-25T12:51:05","modified_gmt":"2025-06-25T09:51:05","slug":"aparat-aer-conditionat-tip-coloana-aux-apa-48-000-btu-h-4d-airflow-abs-fan-blade-sleep-mode-timer-auto-diagnoza-wifi-ready","status":"publish","type":"product","link":"https:\/\/www.oneconcept.ro\/en\/product\/aparat-aer-conditionat-tip-coloana-aux-apa-48-000-btu-h-4d-airflow-abs-fan-blade-sleep-mode-timer-auto-diagnoza-wifi-ready\/","title":{"rendered":"Aparat aer conditionat tip coloana AUX-APA, 48 000 BTU\/h, 4D AirFlow, ABS Fan Blade, Sleep Mode, Timer, Auto Diagnoza, WiFi Ready"},"content":{"rendered":"<p><strong>Aparat aer conditionat tip coloana AUX cu o putere de 48 000 BTU\/h<\/strong><\/p>\n<p><strong>BIG SIZE<\/strong><\/p>\n<p>Dimensiune mai mare, capacitate mai mare, nu trebuie sa iti mai faci griji pentru temperaturile care iti provoaca disconfort, control liber al temperaturii, v\u0103 ofer\u0103 o senza\u021bie confortabil\u0103<\/p>\n<p><strong>4D Air Flow<\/strong><\/p>\n<p>Lamelele de aer se poate balansa vertical \u0219i orizontal, ceea ce ajut\u0103 la \u00eembun\u0103t\u0103\u021birea distribu\u021biei \u0219i fluxului aerului<\/p>\n<p><strong>Debit puternic de aer<\/strong><\/p>\n<p>Debit puternic de aer cu func\u021bionare stabil\u0103 la temperatur\u0103 ridicat\u0103 \u0219i evacuare la distan\u021b\u0103 lung\u0103, fluxul de aer poate ajunge la 18 m.<\/p>\n<p><strong>Functie WiFi inteligenta<\/strong><\/p>\n<p>Technologia WiFi inteligenta ajuta la conexiunea cu telefonul mobil mult mai usor, realiza\u021bi controlul de la distan\u021b\u0103 a aerului condi\u021bionat.<\/p>\n<p><strong>*<\/strong>echipamentul este WiFi Ready, modulul WiFi se achizitioneaza separat<\/p>\n<p>&nbsp;<\/p>\n<p><img fetchpriority=\"high\" decoding=\"async\" class=\"size-full wp-image-3075 aligncenter\" src=\"https:\/\/www.oneconcept.ro\/wp-content\/uploads\/2024\/03\/Coloana-48-AUX.png\" alt=\"\" width=\"1080\" height=\"1080\" \/><\/p>\n","protected":false},"excerpt":{"rendered":"<p><strong>Aparat aer conditionat tip coloana AUX cu o putere de 48 000 BTU\/h<\/strong><\/p>\n<p><strong>BIG SIZE<\/strong><\/p>\n<p>Dimensiune mai mare, capacitate mai mare, nu trebuie sa iti mai faci griji pentru temperaturile care iti provoaca disconfort, control liber al temperaturii, v\u0103 ofer\u0103 o senza\u021bie confortabil\u0103<\/p>\n<p><strong>4D Air Flow<\/strong><\/p>\n<p>Lamelele de aer se poate balansa vertical \u0219i orizontal, ceea ce ajut\u0103 la \u00eembun\u0103t\u0103\u021birea distribu\u021biei \u0219i fluxului aerului<\/p>\n<p><strong>Debit puternic de aer<\/strong><\/p>\n<p>Debit puternic de aer cu func\u021bionare stabil\u0103 la temperatur\u0103 ridicat\u0103 \u0219i evacuare la distan\u021b\u0103 lung\u0103, fluxul de aer poate ajunge la 18 m.<\/p>\n","protected":false},"featured_media":576,"comment_status":"closed","ping_status":"closed","template":"","meta":{"_acf_changed":false},"product_brand":[516],"product_cat":[474,472],"product_tag":[498,517],"class_list":{"0":"post-2676","1":"product","2":"type-product","3":"status-publish","4":"has-post-thumbnail","6":"product_brand-aux","7":"product_cat-casete","8":"product_cat-sisteme-de-climatizare-comerciale","9":"product_tag-48000-btu","10":"product_tag-nan","12":"first","13":"instock","14":"taxable","15":"shipping-taxable","16":"purchasable","17":"product-type-simple"},"acf":[],"yoast_head":"<!-- This site is optimized with the Yoast SEO plugin v27.1 - https:\/\/yoast.com\/product\/yoast-seo-wordpress\/ -->\n<title>Aparat aer conditionat tip coloana AUX-APA, 48 000 BTU\/h, 4D AirFlow, ABS Fan Blade, Sleep Mode, Timer, Auto Diagnoza, WiFi Ready - One Concept<\/title>\n<meta name=\"robots\" content=\"index, follow, max-snippet:-1, max-image-preview:large, max-video-preview:-1\" \/>\n<link rel=\"canonical\" href=\"https:\/\/www.oneconcept.ro\/en\/product\/aparat-aer-conditionat-tip-coloana-aux-apa-48-000-btu-h-4d-airflow-abs-fan-blade-sleep-mode-timer-auto-diagnoza-wifi-ready\/\" \/>\n<meta property=\"og:locale\" content=\"en_US\" \/>\n<meta property=\"og:type\" content=\"article\" \/>\n<meta property=\"og:title\" content=\"Aparat aer conditionat tip coloana AUX-APA, 48 000 BTU\/h, 4D AirFlow, ABS Fan Blade, Sleep Mode, Timer, Auto Diagnoza, WiFi Ready - One Concept\" \/>\n<meta property=\"og:description\" content=\"Aparat aer conditionat tip coloana AUX cu o putere de 48 000 BTU\/h  BIG SIZE  Dimensiune mai mare, capacitate mai mare, nu trebuie sa iti mai faci griji pentru temperaturile care iti provoaca disconfort, control liber al temperaturii, v\u0103 ofer\u0103 o senza\u021bie confortabil\u0103  4D Air Flow  Lamelele de aer se poate balansa vertical \u0219i orizontal, ceea ce ajut\u0103 la \u00eembun\u0103t\u0103\u021birea distribu\u021biei \u0219i fluxului aerului  Debit puternic de aer  Debit puternic de aer cu func\u021bionare stabil\u0103 la temperatur\u0103 ridicat\u0103 \u0219i evacuare la distan\u021b\u0103 lung\u0103, fluxul de aer poate ajunge la 18 m.\" \/>\n<meta property=\"og:url\" content=\"https:\/\/www.oneconcept.ro\/en\/product\/aparat-aer-conditionat-tip-coloana-aux-apa-48-000-btu-h-4d-airflow-abs-fan-blade-sleep-mode-timer-auto-diagnoza-wifi-ready\/\" \/>\n<meta property=\"og:site_name\" content=\"One Concept\" \/>\n<meta property=\"article:modified_time\" content=\"2025-06-25T09:51:05+00:00\" \/>\n<meta property=\"og:image\" content=\"https:\/\/www.oneconcept.ro\/wp-content\/uploads\/2025\/05\/Coloana-48-AUX.png\" \/>\n\t<meta property=\"og:image:width\" content=\"1080\" \/>\n\t<meta property=\"og:image:height\" content=\"1080\" \/>\n\t<meta property=\"og:image:type\" content=\"image\/png\" \/>\n<meta name=\"twitter:card\" content=\"summary_large_image\" \/>\n<meta name=\"twitter:label1\" content=\"Est. reading time\" \/>\n\t<meta name=\"twitter:data1\" content=\"1 minute\" \/>\n<script type=\"application\/ld+json\" class=\"yoast-schema-graph\">{\"@context\":\"https:\/\/schema.org\",\"@graph\":[{\"@type\":\"WebPage\",\"@id\":\"https:\/\/www.oneconcept.ro\/en\/product\/aparat-aer-conditionat-tip-coloana-aux-apa-48-000-btu-h-4d-airflow-abs-fan-blade-sleep-mode-timer-auto-diagnoza-wifi-ready\/\",\"url\":\"https:\/\/www.oneconcept.ro\/en\/product\/aparat-aer-conditionat-tip-coloana-aux-apa-48-000-btu-h-4d-airflow-abs-fan-blade-sleep-mode-timer-auto-diagnoza-wifi-ready\/\",\"name\":\"Aparat aer conditionat tip coloana AUX-APA, 48 000 BTU\/h, 4D AirFlow, ABS Fan Blade, Sleep Mode, Timer, Auto Diagnoza, WiFi Ready - One Concept\",\"isPartOf\":{\"@id\":\"https:\/\/www.oneconcept.ro\/en\/#website\"},\"primaryImageOfPage\":{\"@id\":\"https:\/\/www.oneconcept.ro\/en\/product\/aparat-aer-conditionat-tip-coloana-aux-apa-48-000-btu-h-4d-airflow-abs-fan-blade-sleep-mode-timer-auto-diagnoza-wifi-ready\/#primaryimage\"},\"image\":{\"@id\":\"https:\/\/www.oneconcept.ro\/en\/product\/aparat-aer-conditionat-tip-coloana-aux-apa-48-000-btu-h-4d-airflow-abs-fan-blade-sleep-mode-timer-auto-diagnoza-wifi-ready\/#primaryimage\"},\"thumbnailUrl\":\"https:\/\/www.oneconcept.ro\/wp-content\/uploads\/2025\/05\/Coloana-48-AUX.png\",\"datePublished\":\"2025-05-27T04:24:54+00:00\",\"dateModified\":\"2025-06-25T09:51:05+00:00\",\"breadcrumb\":{\"@id\":\"https:\/\/www.oneconcept.ro\/en\/product\/aparat-aer-conditionat-tip-coloana-aux-apa-48-000-btu-h-4d-airflow-abs-fan-blade-sleep-mode-timer-auto-diagnoza-wifi-ready\/#breadcrumb\"},\"inLanguage\":\"en-US\",\"potentialAction\":[{\"@type\":\"ReadAction\",\"target\":[\"https:\/\/www.oneconcept.ro\/en\/product\/aparat-aer-conditionat-tip-coloana-aux-apa-48-000-btu-h-4d-airflow-abs-fan-blade-sleep-mode-timer-auto-diagnoza-wifi-ready\/\"]}]},{\"@type\":\"ImageObject\",\"inLanguage\":\"en-US\",\"@id\":\"https:\/\/www.oneconcept.ro\/en\/product\/aparat-aer-conditionat-tip-coloana-aux-apa-48-000-btu-h-4d-airflow-abs-fan-blade-sleep-mode-timer-auto-diagnoza-wifi-ready\/#primaryimage\",\"url\":\"https:\/\/www.oneconcept.ro\/wp-content\/uploads\/2025\/05\/Coloana-48-AUX.png\",\"contentUrl\":\"https:\/\/www.oneconcept.ro\/wp-content\/uploads\/2025\/05\/Coloana-48-AUX.png\",\"width\":1080,\"height\":1080},{\"@type\":\"BreadcrumbList\",\"@id\":\"https:\/\/www.oneconcept.ro\/en\/product\/aparat-aer-conditionat-tip-coloana-aux-apa-48-000-btu-h-4d-airflow-abs-fan-blade-sleep-mode-timer-auto-diagnoza-wifi-ready\/#breadcrumb\",\"itemListElement\":[{\"@type\":\"ListItem\",\"position\":1,\"name\":\"Prima pagin\u0103\",\"item\":\"https:\/\/www.oneconcept.ro\/en\/home\/\"},{\"@type\":\"ListItem\",\"position\":2,\"name\":\"Shop\",\"item\":\"https:\/\/www.oneconcept.ro\/en\/shop-2\/\"},{\"@type\":\"ListItem\",\"position\":3,\"name\":\"Aparat aer conditionat tip coloana AUX-APA, 48 000 BTU\/h, 4D AirFlow, ABS Fan Blade, Sleep Mode, Timer, Auto Diagnoza, WiFi Ready\"}]},{\"@type\":\"WebSite\",\"@id\":\"https:\/\/www.oneconcept.ro\/en\/#website\",\"url\":\"https:\/\/www.oneconcept.ro\/en\/\",\"name\":\"One Concept\",\"description\":\"\",\"publisher\":{\"@id\":\"https:\/\/www.oneconcept.ro\/en\/#organization\"},\"potentialAction\":[{\"@type\":\"SearchAction\",\"target\":{\"@type\":\"EntryPoint\",\"urlTemplate\":\"https:\/\/www.oneconcept.ro\/en\/?s={search_term_string}\"},\"query-input\":{\"@type\":\"PropertyValueSpecification\",\"valueRequired\":true,\"valueName\":\"search_term_string\"}}],\"inLanguage\":\"en-US\"},{\"@type\":\"Organization\",\"@id\":\"https:\/\/www.oneconcept.ro\/en\/#organization\",\"name\":\"One Concept\",\"url\":\"https:\/\/www.oneconcept.ro\/en\/\",\"logo\":{\"@type\":\"ImageObject\",\"inLanguage\":\"en-US\",\"@id\":\"https:\/\/www.oneconcept.ro\/en\/#\/schema\/logo\/image\/\",\"url\":\"https:\/\/www.oneconcept.ro\/wp-content\/uploads\/2025\/07\/cropped-v1.png\",\"contentUrl\":\"https:\/\/www.oneconcept.ro\/wp-content\/uploads\/2025\/07\/cropped-v1.png\",\"width\":512,\"height\":512,\"caption\":\"One Concept\"},\"image\":{\"@id\":\"https:\/\/www.oneconcept.ro\/en\/#\/schema\/logo\/image\/\"}}]}<\/script>\n<!-- \/ Yoast SEO plugin. -->","yoast_head_json":{"title":"Aparat aer conditionat tip coloana AUX-APA, 48 000 BTU\/h, 4D AirFlow, ABS Fan Blade, Sleep Mode, Timer, Auto Diagnoza, WiFi Ready - One Concept","robots":{"index":"index","follow":"follow","max-snippet":"max-snippet:-1","max-image-preview":"max-image-preview:large","max-video-preview":"max-video-preview:-1"},"canonical":"https:\/\/www.oneconcept.ro\/en\/product\/aparat-aer-conditionat-tip-coloana-aux-apa-48-000-btu-h-4d-airflow-abs-fan-blade-sleep-mode-timer-auto-diagnoza-wifi-ready\/","og_locale":"en_US","og_type":"article","og_title":"Aparat aer conditionat tip coloana AUX-APA, 48 000 BTU\/h, 4D AirFlow, ABS Fan Blade, Sleep Mode, Timer, Auto Diagnoza, WiFi Ready - One Concept","og_description":"Aparat aer conditionat tip coloana AUX cu o putere de 48 000 BTU\/h  BIG SIZE  Dimensiune mai mare, capacitate mai mare, nu trebuie sa iti mai faci griji pentru temperaturile care iti provoaca disconfort, control liber al temperaturii, v\u0103 ofer\u0103 o senza\u021bie confortabil\u0103  4D Air Flow  Lamelele de aer se poate balansa vertical \u0219i orizontal, ceea ce ajut\u0103 la \u00eembun\u0103t\u0103\u021birea distribu\u021biei \u0219i fluxului aerului  Debit puternic de aer  Debit puternic de aer cu func\u021bionare stabil\u0103 la temperatur\u0103 ridicat\u0103 \u0219i evacuare la distan\u021b\u0103 lung\u0103, fluxul de aer poate ajunge la 18 m.","og_url":"https:\/\/www.oneconcept.ro\/en\/product\/aparat-aer-conditionat-tip-coloana-aux-apa-48-000-btu-h-4d-airflow-abs-fan-blade-sleep-mode-timer-auto-diagnoza-wifi-ready\/","og_site_name":"One Concept","article_modified_time":"2025-06-25T09:51:05+00:00","og_image":[{"width":1080,"height":1080,"url":"https:\/\/www.oneconcept.ro\/wp-content\/uploads\/2025\/05\/Coloana-48-AUX.png","type":"image\/png"}],"twitter_card":"summary_large_image","twitter_misc":{"Est. reading time":"1 minute"},"schema":{"@context":"https:\/\/schema.org","@graph":[{"@type":"WebPage","@id":"https:\/\/www.oneconcept.ro\/en\/product\/aparat-aer-conditionat-tip-coloana-aux-apa-48-000-btu-h-4d-airflow-abs-fan-blade-sleep-mode-timer-auto-diagnoza-wifi-ready\/","url":"https:\/\/www.oneconcept.ro\/en\/product\/aparat-aer-conditionat-tip-coloana-aux-apa-48-000-btu-h-4d-airflow-abs-fan-blade-sleep-mode-timer-auto-diagnoza-wifi-ready\/","name":"Aparat aer conditionat tip coloana AUX-APA, 48 000 BTU\/h, 4D AirFlow, ABS Fan Blade, Sleep Mode, Timer, Auto Diagnoza, WiFi Ready - One Concept","isPartOf":{"@id":"https:\/\/www.oneconcept.ro\/en\/#website"},"primaryImageOfPage":{"@id":"https:\/\/www.oneconcept.ro\/en\/product\/aparat-aer-conditionat-tip-coloana-aux-apa-48-000-btu-h-4d-airflow-abs-fan-blade-sleep-mode-timer-auto-diagnoza-wifi-ready\/#primaryimage"},"image":{"@id":"https:\/\/www.oneconcept.ro\/en\/product\/aparat-aer-conditionat-tip-coloana-aux-apa-48-000-btu-h-4d-airflow-abs-fan-blade-sleep-mode-timer-auto-diagnoza-wifi-ready\/#primaryimage"},"thumbnailUrl":"https:\/\/www.oneconcept.ro\/wp-content\/uploads\/2025\/05\/Coloana-48-AUX.png","datePublished":"2025-05-27T04:24:54+00:00","dateModified":"2025-06-25T09:51:05+00:00","breadcrumb":{"@id":"https:\/\/www.oneconcept.ro\/en\/product\/aparat-aer-conditionat-tip-coloana-aux-apa-48-000-btu-h-4d-airflow-abs-fan-blade-sleep-mode-timer-auto-diagnoza-wifi-ready\/#breadcrumb"},"inLanguage":"en-US","potentialAction":[{"@type":"ReadAction","target":["https:\/\/www.oneconcept.ro\/en\/product\/aparat-aer-conditionat-tip-coloana-aux-apa-48-000-btu-h-4d-airflow-abs-fan-blade-sleep-mode-timer-auto-diagnoza-wifi-ready\/"]}]},{"@type":"ImageObject","inLanguage":"en-US","@id":"https:\/\/www.oneconcept.ro\/en\/product\/aparat-aer-conditionat-tip-coloana-aux-apa-48-000-btu-h-4d-airflow-abs-fan-blade-sleep-mode-timer-auto-diagnoza-wifi-ready\/#primaryimage","url":"https:\/\/www.oneconcept.ro\/wp-content\/uploads\/2025\/05\/Coloana-48-AUX.png","contentUrl":"https:\/\/www.oneconcept.ro\/wp-content\/uploads\/2025\/05\/Coloana-48-AUX.png","width":1080,"height":1080},{"@type":"BreadcrumbList","@id":"https:\/\/www.oneconcept.ro\/en\/product\/aparat-aer-conditionat-tip-coloana-aux-apa-48-000-btu-h-4d-airflow-abs-fan-blade-sleep-mode-timer-auto-diagnoza-wifi-ready\/#breadcrumb","itemListElement":[{"@type":"ListItem","position":1,"name":"Prima pagin\u0103","item":"https:\/\/www.oneconcept.ro\/en\/home\/"},{"@type":"ListItem","position":2,"name":"Shop","item":"https:\/\/www.oneconcept.ro\/en\/shop-2\/"},{"@type":"ListItem","position":3,"name":"Aparat aer conditionat tip coloana AUX-APA, 48 000 BTU\/h, 4D AirFlow, ABS Fan Blade, Sleep Mode, Timer, Auto Diagnoza, WiFi Ready"}]},{"@type":"WebSite","@id":"https:\/\/www.oneconcept.ro\/en\/#website","url":"https:\/\/www.oneconcept.ro\/en\/","name":"One Concept","description":"","publisher":{"@id":"https:\/\/www.oneconcept.ro\/en\/#organization"},"potentialAction":[{"@type":"SearchAction","target":{"@type":"EntryPoint","urlTemplate":"https:\/\/www.oneconcept.ro\/en\/?s={search_term_string}"},"query-input":{"@type":"PropertyValueSpecification","valueRequired":true,"valueName":"search_term_string"}}],"inLanguage":"en-US"},{"@type":"Organization","@id":"https:\/\/www.oneconcept.ro\/en\/#organization","name":"One Concept","url":"https:\/\/www.oneconcept.ro\/en\/","logo":{"@type":"ImageObject","inLanguage":"en-US","@id":"https:\/\/www.oneconcept.ro\/en\/#\/schema\/logo\/image\/","url":"https:\/\/www.oneconcept.ro\/wp-content\/uploads\/2025\/07\/cropped-v1.png","contentUrl":"https:\/\/www.oneconcept.ro\/wp-content\/uploads\/2025\/07\/cropped-v1.png","width":512,"height":512,"caption":"One Concept"},"image":{"@id":"https:\/\/www.oneconcept.ro\/en\/#\/schema\/logo\/image\/"}}]}},"_links":{"self":[{"href":"https:\/\/www.oneconcept.ro\/en\/wp-json\/wp\/v2\/product\/2676","targetHints":{"allow":["GET"]}}],"collection":[{"href":"https:\/\/www.oneconcept.ro\/en\/wp-json\/wp\/v2\/product"}],"about":[{"href":"https:\/\/www.oneconcept.ro\/en\/wp-json\/wp\/v2\/types\/product"}],"replies":[{"embeddable":true,"href":"https:\/\/www.oneconcept.ro\/en\/wp-json\/wp\/v2\/comments?post=2676"}],"wp:featuredmedia":[{"embeddable":true,"href":"https:\/\/www.oneconcept.ro\/en\/wp-json\/wp\/v2\/media\/576"}],"wp:attachment":[{"href":"https:\/\/www.oneconcept.ro\/en\/wp-json\/wp\/v2\/media?parent=2676"}],"wp:term":[{"taxonomy":"product_brand","embeddable":true,"href":"https:\/\/www.oneconcept.ro\/en\/wp-json\/wp\/v2\/product_brand?post=2676"},{"taxonomy":"product_cat","embeddable":true,"href":"https:\/\/www.oneconcept.ro\/en\/wp-json\/wp\/v2\/product_cat?post=2676"},{"taxonomy":"product_tag","embeddable":true,"href":"https:\/\/www.oneconcept.ro\/en\/wp-json\/wp\/v2\/product_tag?post=2676"}],"curies":[{"name":"wp","href":"https:\/\/api.w.org\/{rel}","templated":true}]}}