{"id":2671,"date":"2025-05-27T07:24:53","date_gmt":"2025-05-27T04:24:53","guid":{"rendered":"https:\/\/staging.oneconcept.ro\/?post_type=product&#038;p=2671"},"modified":"2025-06-25T12:51:05","modified_gmt":"2025-06-25T09:51:05","slug":"aparat-aer-conditionat-aux-q-series-fresh-air-12-000-btu-h-wifi-inclus-4d-airflow-aer-proaspat-auto-curatare-auto-diagnosticare","status":"publish","type":"product","link":"https:\/\/www.oneconcept.ro\/en\/product\/aparat-aer-conditionat-aux-q-series-fresh-air-12-000-btu-h-wifi-inclus-4d-airflow-aer-proaspat-auto-curatare-auto-diagnosticare\/","title":{"rendered":"Aparat aer conditionat AUX Q Series Fresh Air, 12 000 BTU\/h, WiFi Inclus, 4D AirFlow, Aer proaspat, Auto Curatare, Auto Diagnosticare"},"content":{"rendered":"<p><strong>Aparat aer conditionat AUX Q Series Fresh Air cu o putere de 12 000 BTU\/h !<\/strong><\/p>\n<p>Aparatul de aer condi\u021bionat Inverter AUX Q Series Fresh Air v\u0103 ofer\u0103 confortul \u0219i calitatea aerului de care ave\u021bi nevoie datorit\u0103 filtrului HEPA. Sterilizarea UV neutralizeaz\u0103 bacteriile patologice \u0219i viru\u0219ii.<\/p>\n<p>Folosind aparatele de aer condi\u021bionat AUX Q Series Fresh Air v\u0103 ve\u021bi bucura de temperaturi confortabile \u00een fiecare sezon plus aer curat \u0219i proasp\u0103t tot timpul. Sunt echipate cu un modul inovator care furnizeaz\u0103 aer proasp\u0103t din exterior \u00een \u00eenc\u0103pere, cur\u0103\u021bindu-l mai \u00eent\u00e2i cu razele UV \u0219i tehnologia de filtru HEPA. Modelele acestei serii au o paleta speciala care elimina senzatia de curent rece la racire.<\/p>\n<p><strong>Fresh Air<\/strong><\/p>\n<p>Folosind aparatele de aer condi\u021bionat AUX din seria Q ve\u021bi ob\u021bine nu numai o r\u0103cire \u0219i \u00eenc\u0103lzire extrem de eficiente, ci \u0219i o ventila\u021bie suplimentar\u0103 a \u00eenc\u0103perii. Prin intermediul unui tub suplimentar, acest aparat de aer condi\u021bionat va furniza aer proasp\u0103t din exterior, care este mai \u00eent\u00e2i filtrat prin filtrul HEPA PM2.5.<\/p>\n<p><strong>Raze UV<\/strong><\/p>\n<p>Aparatele de aer condi\u021bionat AUX din seria Q sunt echipate cu un sistem de cur\u0103\u021bare a aerului care utilizeaz\u0103 raze UV. Se \u0219tie c\u0103 razele UV asigur\u0103 un nivel ridicat de sterilizare, peste 99%. Ajut\u0103 la ob\u021binerea celui mai puternic efect de neutralizare a viru\u0219ilor \u0219i bacteriilor f\u0103r\u0103 a fi nevoie s\u0103 utiliza\u021bi substan\u021be chimice sau produse toxice similare.<\/p>\n<p><strong>Wind free &#8211; f\u0103r\u0103 curent rece<\/strong><\/p>\n<p>Modelul Q Series Fresh Air de aparate de aer condi\u021bionat AUX pentru uz profesional este cea mai recent\u0103 dezvoltare a companiei. Un accent deosebit a fost pus pe asigurarea r\u0103cirii \u0219i \u00eenc\u0103lzirii confortabile. In regim de racire aerul curge printr-o paleta speciala realizata cu multe orificii mici, proiectata dupa o tehnologie patentata si care permite trecerea florii de aer fara a simti nici un curent rece la iesire.<\/p>\n<p><strong>Functia AUTO-CURATARE<\/strong><\/p>\n<p>Aparatele de aer condi\u021bionat AUX Q-Series au o func\u021bie inovativa de autocur\u0103\u021bare. Datorit\u0103 acestor func\u021bii, aparatul de aer condi\u021bionat poate genera o diferen\u021b\u0103 mare de temperatur\u0103 \u00eentr-un timp scurt \u2013 mai \u00eent\u00e2i va func\u021biona \u00een modul de r\u0103cire pentru ca apa condensat\u0103 s\u0103 \u00eendep\u0103rteze bacteriile \u0219i depunerile de praf, apoi va trece \u00een modul de \u00eenc\u0103lzire \u0219i, \u00een final, numai ventilatorul va func\u021biona pentru a elimina complet orice umiditate rezidual\u0103 din p\u0103r\u021bile interioare ale dispozitivului. Acest lucru este pentru a preveni cre\u0219terea mucegaiului \u0219i a bacteriilor \u0219i pentru a asigura sterilizarea \u00een propor\u021bie de 90%.<\/p>\n<p><strong>Control WiFi<\/strong><\/p>\n<p>Pentru confortul dumneavoastra, aparatele de aer condi\u021bionat AUX din seria Q pot fi controlate de la distan\u021b\u0103 folosind controlerul WiFi, care este inclus \u00een pachet. Singurul lucru pe care trebuie s\u0103-l face\u021bi, pentru a activa \u0219i utiliza de pe smartphone este s\u0103 urma\u021bi instruc\u021biunile din manual.<\/p>\n<p><img fetchpriority=\"high\" decoding=\"async\" class=\"size-full wp-image-3051 aligncenter\" src=\"https:\/\/www.oneconcept.ro\/wp-content\/uploads\/2024\/02\/inverter-air-conditioner-aux-q-plus-asw-h12-c5-c4-bqar3-di-c1.webp\" alt=\"\" width=\"800\" height=\"800\" \/><\/p>\n<p>&nbsp;<\/p>\n","protected":false},"excerpt":{"rendered":"<p><strong>Aparat aer conditionat AUX Q Series Fresh Air cu o putere de 12 000 BTU\/h !<\/strong><\/p>\n","protected":false},"featured_media":568,"comment_status":"closed","ping_status":"closed","template":"","meta":{"_acf_changed":false},"product_brand":[516],"product_cat":[461,462],"product_tag":[495,517],"class_list":{"0":"post-2671","1":"product","2":"type-product","3":"status-publish","4":"has-post-thumbnail","6":"product_brand-aux","7":"product_cat-rezidential-single-solutia-ideala-pentru-spatii-mic","8":"product_cat-splituri-de-perete","9":"product_tag-12000-btu","10":"product_tag-nan","12":"first","13":"instock","14":"taxable","15":"shipping-taxable","16":"purchasable","17":"product-type-simple"},"acf":[],"yoast_head":"<!-- This site is optimized with the Yoast SEO plugin v27.1 - https:\/\/yoast.com\/product\/yoast-seo-wordpress\/ -->\n<title>Aparat aer conditionat AUX Q Series Fresh Air, 12 000 BTU\/h, WiFi Inclus, 4D AirFlow, Aer proaspat, Auto Curatare, Auto Diagnosticare - One Concept<\/title>\n<meta name=\"robots\" content=\"index, follow, max-snippet:-1, max-image-preview:large, max-video-preview:-1\" \/>\n<link rel=\"canonical\" href=\"https:\/\/www.oneconcept.ro\/en\/product\/aparat-aer-conditionat-aux-q-series-fresh-air-12-000-btu-h-wifi-inclus-4d-airflow-aer-proaspat-auto-curatare-auto-diagnosticare\/\" \/>\n<meta property=\"og:locale\" content=\"en_US\" \/>\n<meta property=\"og:type\" content=\"article\" \/>\n<meta property=\"og:title\" content=\"Aparat aer conditionat AUX Q Series Fresh Air, 12 000 BTU\/h, WiFi Inclus, 4D AirFlow, Aer proaspat, Auto Curatare, Auto Diagnosticare - One Concept\" \/>\n<meta property=\"og:description\" content=\"Aparat aer conditionat AUX Q Series Fresh Air cu o putere de 12 000 BTU\/h !\" \/>\n<meta property=\"og:url\" content=\"https:\/\/www.oneconcept.ro\/en\/product\/aparat-aer-conditionat-aux-q-series-fresh-air-12-000-btu-h-wifi-inclus-4d-airflow-aer-proaspat-auto-curatare-auto-diagnosticare\/\" \/>\n<meta property=\"og:site_name\" content=\"One Concept\" \/>\n<meta property=\"article:modified_time\" content=\"2025-06-25T09:51:05+00:00\" \/>\n<meta property=\"og:image\" content=\"https:\/\/www.oneconcept.ro\/wp-content\/uploads\/2025\/05\/inverter-air-conditioner-aux-q-plus-asw-h12-c5-c4-bqar3-di-c1.webp\" \/>\n\t<meta property=\"og:image:width\" content=\"800\" \/>\n\t<meta property=\"og:image:height\" content=\"800\" \/>\n\t<meta property=\"og:image:type\" content=\"image\/webp\" \/>\n<meta name=\"twitter:card\" content=\"summary_large_image\" \/>\n<meta name=\"twitter:label1\" content=\"Est. reading time\" \/>\n\t<meta name=\"twitter:data1\" content=\"2 minutes\" \/>\n<script type=\"application\/ld+json\" class=\"yoast-schema-graph\">{\"@context\":\"https:\/\/schema.org\",\"@graph\":[{\"@type\":\"WebPage\",\"@id\":\"https:\/\/www.oneconcept.ro\/en\/product\/aparat-aer-conditionat-aux-q-series-fresh-air-12-000-btu-h-wifi-inclus-4d-airflow-aer-proaspat-auto-curatare-auto-diagnosticare\/\",\"url\":\"https:\/\/www.oneconcept.ro\/en\/product\/aparat-aer-conditionat-aux-q-series-fresh-air-12-000-btu-h-wifi-inclus-4d-airflow-aer-proaspat-auto-curatare-auto-diagnosticare\/\",\"name\":\"Aparat aer conditionat AUX Q Series Fresh Air, 12 000 BTU\/h, WiFi Inclus, 4D AirFlow, Aer proaspat, Auto Curatare, Auto Diagnosticare - One Concept\",\"isPartOf\":{\"@id\":\"https:\/\/www.oneconcept.ro\/en\/#website\"},\"primaryImageOfPage\":{\"@id\":\"https:\/\/www.oneconcept.ro\/en\/product\/aparat-aer-conditionat-aux-q-series-fresh-air-12-000-btu-h-wifi-inclus-4d-airflow-aer-proaspat-auto-curatare-auto-diagnosticare\/#primaryimage\"},\"image\":{\"@id\":\"https:\/\/www.oneconcept.ro\/en\/product\/aparat-aer-conditionat-aux-q-series-fresh-air-12-000-btu-h-wifi-inclus-4d-airflow-aer-proaspat-auto-curatare-auto-diagnosticare\/#primaryimage\"},\"thumbnailUrl\":\"https:\/\/www.oneconcept.ro\/wp-content\/uploads\/2025\/05\/inverter-air-conditioner-aux-q-plus-asw-h12-c5-c4-bqar3-di-c1.webp\",\"datePublished\":\"2025-05-27T04:24:53+00:00\",\"dateModified\":\"2025-06-25T09:51:05+00:00\",\"breadcrumb\":{\"@id\":\"https:\/\/www.oneconcept.ro\/en\/product\/aparat-aer-conditionat-aux-q-series-fresh-air-12-000-btu-h-wifi-inclus-4d-airflow-aer-proaspat-auto-curatare-auto-diagnosticare\/#breadcrumb\"},\"inLanguage\":\"en-US\",\"potentialAction\":[{\"@type\":\"ReadAction\",\"target\":[\"https:\/\/www.oneconcept.ro\/en\/product\/aparat-aer-conditionat-aux-q-series-fresh-air-12-000-btu-h-wifi-inclus-4d-airflow-aer-proaspat-auto-curatare-auto-diagnosticare\/\"]}]},{\"@type\":\"ImageObject\",\"inLanguage\":\"en-US\",\"@id\":\"https:\/\/www.oneconcept.ro\/en\/product\/aparat-aer-conditionat-aux-q-series-fresh-air-12-000-btu-h-wifi-inclus-4d-airflow-aer-proaspat-auto-curatare-auto-diagnosticare\/#primaryimage\",\"url\":\"https:\/\/www.oneconcept.ro\/wp-content\/uploads\/2025\/05\/inverter-air-conditioner-aux-q-plus-asw-h12-c5-c4-bqar3-di-c1.webp\",\"contentUrl\":\"https:\/\/www.oneconcept.ro\/wp-content\/uploads\/2025\/05\/inverter-air-conditioner-aux-q-plus-asw-h12-c5-c4-bqar3-di-c1.webp\",\"width\":800,\"height\":800},{\"@type\":\"BreadcrumbList\",\"@id\":\"https:\/\/www.oneconcept.ro\/en\/product\/aparat-aer-conditionat-aux-q-series-fresh-air-12-000-btu-h-wifi-inclus-4d-airflow-aer-proaspat-auto-curatare-auto-diagnosticare\/#breadcrumb\",\"itemListElement\":[{\"@type\":\"ListItem\",\"position\":1,\"name\":\"Prima pagin\u0103\",\"item\":\"https:\/\/www.oneconcept.ro\/en\/home\/\"},{\"@type\":\"ListItem\",\"position\":2,\"name\":\"Shop\",\"item\":\"https:\/\/www.oneconcept.ro\/en\/shop-2\/\"},{\"@type\":\"ListItem\",\"position\":3,\"name\":\"Aparat aer conditionat AUX Q Series Fresh Air, 12 000 BTU\/h, WiFi Inclus, 4D AirFlow, Aer proaspat, Auto Curatare, Auto Diagnosticare\"}]},{\"@type\":\"WebSite\",\"@id\":\"https:\/\/www.oneconcept.ro\/en\/#website\",\"url\":\"https:\/\/www.oneconcept.ro\/en\/\",\"name\":\"One Concept\",\"description\":\"\",\"publisher\":{\"@id\":\"https:\/\/www.oneconcept.ro\/en\/#organization\"},\"potentialAction\":[{\"@type\":\"SearchAction\",\"target\":{\"@type\":\"EntryPoint\",\"urlTemplate\":\"https:\/\/www.oneconcept.ro\/en\/?s={search_term_string}\"},\"query-input\":{\"@type\":\"PropertyValueSpecification\",\"valueRequired\":true,\"valueName\":\"search_term_string\"}}],\"inLanguage\":\"en-US\"},{\"@type\":\"Organization\",\"@id\":\"https:\/\/www.oneconcept.ro\/en\/#organization\",\"name\":\"One Concept\",\"url\":\"https:\/\/www.oneconcept.ro\/en\/\",\"logo\":{\"@type\":\"ImageObject\",\"inLanguage\":\"en-US\",\"@id\":\"https:\/\/www.oneconcept.ro\/en\/#\/schema\/logo\/image\/\",\"url\":\"https:\/\/www.oneconcept.ro\/wp-content\/uploads\/2025\/07\/cropped-v1.png\",\"contentUrl\":\"https:\/\/www.oneconcept.ro\/wp-content\/uploads\/2025\/07\/cropped-v1.png\",\"width\":512,\"height\":512,\"caption\":\"One Concept\"},\"image\":{\"@id\":\"https:\/\/www.oneconcept.ro\/en\/#\/schema\/logo\/image\/\"}}]}<\/script>\n<!-- \/ Yoast SEO plugin. -->","yoast_head_json":{"title":"Aparat aer conditionat AUX Q Series Fresh Air, 12 000 BTU\/h, WiFi Inclus, 4D AirFlow, Aer proaspat, Auto Curatare, Auto Diagnosticare - One Concept","robots":{"index":"index","follow":"follow","max-snippet":"max-snippet:-1","max-image-preview":"max-image-preview:large","max-video-preview":"max-video-preview:-1"},"canonical":"https:\/\/www.oneconcept.ro\/en\/product\/aparat-aer-conditionat-aux-q-series-fresh-air-12-000-btu-h-wifi-inclus-4d-airflow-aer-proaspat-auto-curatare-auto-diagnosticare\/","og_locale":"en_US","og_type":"article","og_title":"Aparat aer conditionat AUX Q Series Fresh Air, 12 000 BTU\/h, WiFi Inclus, 4D AirFlow, Aer proaspat, Auto Curatare, Auto Diagnosticare - One Concept","og_description":"Aparat aer conditionat AUX Q Series Fresh Air cu o putere de 12 000 BTU\/h !","og_url":"https:\/\/www.oneconcept.ro\/en\/product\/aparat-aer-conditionat-aux-q-series-fresh-air-12-000-btu-h-wifi-inclus-4d-airflow-aer-proaspat-auto-curatare-auto-diagnosticare\/","og_site_name":"One Concept","article_modified_time":"2025-06-25T09:51:05+00:00","og_image":[{"width":800,"height":800,"url":"https:\/\/www.oneconcept.ro\/wp-content\/uploads\/2025\/05\/inverter-air-conditioner-aux-q-plus-asw-h12-c5-c4-bqar3-di-c1.webp","type":"image\/webp"}],"twitter_card":"summary_large_image","twitter_misc":{"Est. reading time":"2 minutes"},"schema":{"@context":"https:\/\/schema.org","@graph":[{"@type":"WebPage","@id":"https:\/\/www.oneconcept.ro\/en\/product\/aparat-aer-conditionat-aux-q-series-fresh-air-12-000-btu-h-wifi-inclus-4d-airflow-aer-proaspat-auto-curatare-auto-diagnosticare\/","url":"https:\/\/www.oneconcept.ro\/en\/product\/aparat-aer-conditionat-aux-q-series-fresh-air-12-000-btu-h-wifi-inclus-4d-airflow-aer-proaspat-auto-curatare-auto-diagnosticare\/","name":"Aparat aer conditionat AUX Q Series Fresh Air, 12 000 BTU\/h, WiFi Inclus, 4D AirFlow, Aer proaspat, Auto Curatare, Auto Diagnosticare - One Concept","isPartOf":{"@id":"https:\/\/www.oneconcept.ro\/en\/#website"},"primaryImageOfPage":{"@id":"https:\/\/www.oneconcept.ro\/en\/product\/aparat-aer-conditionat-aux-q-series-fresh-air-12-000-btu-h-wifi-inclus-4d-airflow-aer-proaspat-auto-curatare-auto-diagnosticare\/#primaryimage"},"image":{"@id":"https:\/\/www.oneconcept.ro\/en\/product\/aparat-aer-conditionat-aux-q-series-fresh-air-12-000-btu-h-wifi-inclus-4d-airflow-aer-proaspat-auto-curatare-auto-diagnosticare\/#primaryimage"},"thumbnailUrl":"https:\/\/www.oneconcept.ro\/wp-content\/uploads\/2025\/05\/inverter-air-conditioner-aux-q-plus-asw-h12-c5-c4-bqar3-di-c1.webp","datePublished":"2025-05-27T04:24:53+00:00","dateModified":"2025-06-25T09:51:05+00:00","breadcrumb":{"@id":"https:\/\/www.oneconcept.ro\/en\/product\/aparat-aer-conditionat-aux-q-series-fresh-air-12-000-btu-h-wifi-inclus-4d-airflow-aer-proaspat-auto-curatare-auto-diagnosticare\/#breadcrumb"},"inLanguage":"en-US","potentialAction":[{"@type":"ReadAction","target":["https:\/\/www.oneconcept.ro\/en\/product\/aparat-aer-conditionat-aux-q-series-fresh-air-12-000-btu-h-wifi-inclus-4d-airflow-aer-proaspat-auto-curatare-auto-diagnosticare\/"]}]},{"@type":"ImageObject","inLanguage":"en-US","@id":"https:\/\/www.oneconcept.ro\/en\/product\/aparat-aer-conditionat-aux-q-series-fresh-air-12-000-btu-h-wifi-inclus-4d-airflow-aer-proaspat-auto-curatare-auto-diagnosticare\/#primaryimage","url":"https:\/\/www.oneconcept.ro\/wp-content\/uploads\/2025\/05\/inverter-air-conditioner-aux-q-plus-asw-h12-c5-c4-bqar3-di-c1.webp","contentUrl":"https:\/\/www.oneconcept.ro\/wp-content\/uploads\/2025\/05\/inverter-air-conditioner-aux-q-plus-asw-h12-c5-c4-bqar3-di-c1.webp","width":800,"height":800},{"@type":"BreadcrumbList","@id":"https:\/\/www.oneconcept.ro\/en\/product\/aparat-aer-conditionat-aux-q-series-fresh-air-12-000-btu-h-wifi-inclus-4d-airflow-aer-proaspat-auto-curatare-auto-diagnosticare\/#breadcrumb","itemListElement":[{"@type":"ListItem","position":1,"name":"Prima pagin\u0103","item":"https:\/\/www.oneconcept.ro\/en\/home\/"},{"@type":"ListItem","position":2,"name":"Shop","item":"https:\/\/www.oneconcept.ro\/en\/shop-2\/"},{"@type":"ListItem","position":3,"name":"Aparat aer conditionat AUX Q Series Fresh Air, 12 000 BTU\/h, WiFi Inclus, 4D AirFlow, Aer proaspat, Auto Curatare, Auto Diagnosticare"}]},{"@type":"WebSite","@id":"https:\/\/www.oneconcept.ro\/en\/#website","url":"https:\/\/www.oneconcept.ro\/en\/","name":"One Concept","description":"","publisher":{"@id":"https:\/\/www.oneconcept.ro\/en\/#organization"},"potentialAction":[{"@type":"SearchAction","target":{"@type":"EntryPoint","urlTemplate":"https:\/\/www.oneconcept.ro\/en\/?s={search_term_string}"},"query-input":{"@type":"PropertyValueSpecification","valueRequired":true,"valueName":"search_term_string"}}],"inLanguage":"en-US"},{"@type":"Organization","@id":"https:\/\/www.oneconcept.ro\/en\/#organization","name":"One Concept","url":"https:\/\/www.oneconcept.ro\/en\/","logo":{"@type":"ImageObject","inLanguage":"en-US","@id":"https:\/\/www.oneconcept.ro\/en\/#\/schema\/logo\/image\/","url":"https:\/\/www.oneconcept.ro\/wp-content\/uploads\/2025\/07\/cropped-v1.png","contentUrl":"https:\/\/www.oneconcept.ro\/wp-content\/uploads\/2025\/07\/cropped-v1.png","width":512,"height":512,"caption":"One Concept"},"image":{"@id":"https:\/\/www.oneconcept.ro\/en\/#\/schema\/logo\/image\/"}}]}},"_links":{"self":[{"href":"https:\/\/www.oneconcept.ro\/en\/wp-json\/wp\/v2\/product\/2671","targetHints":{"allow":["GET"]}}],"collection":[{"href":"https:\/\/www.oneconcept.ro\/en\/wp-json\/wp\/v2\/product"}],"about":[{"href":"https:\/\/www.oneconcept.ro\/en\/wp-json\/wp\/v2\/types\/product"}],"replies":[{"embeddable":true,"href":"https:\/\/www.oneconcept.ro\/en\/wp-json\/wp\/v2\/comments?post=2671"}],"wp:featuredmedia":[{"embeddable":true,"href":"https:\/\/www.oneconcept.ro\/en\/wp-json\/wp\/v2\/media\/568"}],"wp:attachment":[{"href":"https:\/\/www.oneconcept.ro\/en\/wp-json\/wp\/v2\/media?parent=2671"}],"wp:term":[{"taxonomy":"product_brand","embeddable":true,"href":"https:\/\/www.oneconcept.ro\/en\/wp-json\/wp\/v2\/product_brand?post=2671"},{"taxonomy":"product_cat","embeddable":true,"href":"https:\/\/www.oneconcept.ro\/en\/wp-json\/wp\/v2\/product_cat?post=2671"},{"taxonomy":"product_tag","embeddable":true,"href":"https:\/\/www.oneconcept.ro\/en\/wp-json\/wp\/v2\/product_tag?post=2671"}],"curies":[{"name":"wp","href":"https:\/\/api.w.org\/{rel}","templated":true}]}}