{"id":2659,"date":"2025-05-27T07:24:50","date_gmt":"2025-05-27T04:24:50","guid":{"rendered":"https:\/\/staging.oneconcept.ro\/?post_type=product&#038;p=2659"},"modified":"2025-06-25T12:51:04","modified_gmt":"2025-06-25T09:51:04","slug":"aparat-aer-conditionat-aux-q-series-12-000-btu-h-wifi-inclus-sleep-mode-auto-curatare-auto-restart-filtru-carbon-activ","status":"publish","type":"product","link":"https:\/\/www.oneconcept.ro\/en\/product\/aparat-aer-conditionat-aux-q-series-12-000-btu-h-wifi-inclus-sleep-mode-auto-curatare-auto-restart-filtru-carbon-activ\/","title":{"rendered":"Aparat aer conditionat AUX Q Series, 12 000 BTU\/h, WiFi inclus, Sleep Mode, Auto Curatare, Auto Restart, Filtru Carbon Activ"},"content":{"rendered":"<p><strong>Aparat aer conditionat AUX Q Series cu o putere de 12 000 BTU\/h !<\/strong><\/p>\n<p>Va prezentam cea mai recenta generatie de aparate de aer conditionat tip inverter AUX Q-Series. Prin utilizarea lor, temperatura perfect\u0103 este atins\u0103 mult mai rapid at\u00e2t la r\u0103cire c\u00e2t \u0219i la \u00eenc\u0103lzire, iar datorit\u0103 filtrelor \u00eencorporate aerul pe care \u00eel respiri este mai curat \u0219i mai proasp\u0103t. Tehnologia lor include un sistem de autocur\u0103\u021bare de nou\u0103 genera\u021bie care garanteaz\u0103 o eficien\u021b\u0103 ridicat\u0103.<\/p>\n<p>Aparatul de aer condi\u021bionat inverter AUX Q Series v\u0103 ofer\u0103 un aparat fiabil \u0219i economic pe tot parcursul anului. Sistemul de filtrare multistrat garanteaza un mediu proaspat si sanatos in casa ta. Tehnologia echipamentului este conceputa\u00a0 s\u0103 func\u021bioneze corect chiar \u0219i la temperatura exterioar\u0103 de -20\u00b0C. Modelul este potrivit pentru incaperi de pana la 35 m2.<\/p>\n<p><strong>Vitamin C &#8211; Filter<\/strong><\/p>\n<p>\u00cen lumea modern\u0103 a inova\u021biei cu cea mai rapid\u0103 dezvoltare, lucrurile la care se visau doar ieri se transform\u0103 \u00een realitate ast\u0103zi. Inginerii de proces \u0219i proiectare din fabricile AUX au reu\u0219it s\u0103 adauge un nou filtru special aparatelor de aer condi\u021bionat din seria Q, sporind aerul cu Vitamina C \u00een mod continuu timp de 2 ani. Vitamina C este cunoscut\u0103 pentru efectul s\u0103u benefic asupra pielii \u0219i ajut\u0103 la crearea unui mediu s\u0103n\u0103tos.<\/p>\n<p><strong>Filtru Carbon Activ<\/strong><\/p>\n<p>C\u0103rbunele activ este cea mai eficient\u0103 substan\u021b\u0103 de filtrare care este utilizat\u0103 pe scar\u0103 larg\u0103 \u00een medicin\u0103 \u0219i industria militar\u0103, iar acum se afl\u0103 \u0219i \u00een casa ta. Inginerii AUX au ad\u0103ugat \u00eenc\u0103 o barier\u0103 pentru aerul contaminat care p\u0103trunde \u00een camera ta. Filtrul de c\u0103rbune activ va elimina mirosurile nepl\u0103cute \u0219i al\u021bi poluan\u021bi ai aerului prin neutralizarea acestora prin absorb\u021bie, astfel \u00eenc\u00e2t s\u0103 pute\u021bi respira aer curat \u0219i curat acas\u0103.<\/p>\n<p><strong>Control WiFi<\/strong><\/p>\n<p>Pentru confortul dumneavoastra, aparatele de aer condi\u021bionat AUX din seria Q pot fi controlate de la distan\u021b\u0103 folosind controlerul WiFi, care este inclus \u00een pachet. Singurul lucru pe care trebuie s\u0103-l face\u021bi, pentru a activa \u0219i utiliza de pe smartphone este s\u0103 urma\u021bi instruc\u021biunile din manual.<\/p>\n<p><strong>Functia AUTO-CURATARE<\/strong><\/p>\n<p>Aparatele de aer condi\u021bionat AUX Q-Series au o func\u021bie inovativa de autocur\u0103\u021bare. Datorit\u0103 acestor func\u021bii, aparatul de aer condi\u021bionat poate genera o diferen\u021b\u0103 mare de temperatur\u0103 \u00eentr-un timp scurt \u2013 mai \u00eent\u00e2i va func\u021biona \u00een modul de r\u0103cire pentru ca apa condensat\u0103 s\u0103 \u00eendep\u0103rteze bacteriile \u0219i depunerile de praf, apoi va trece \u00een modul de \u00eenc\u0103lzire \u0219i, \u00een final, numai ventilatorul va func\u021biona pentru a elimina complet orice umiditate rezidual\u0103 din p\u0103r\u021bile interioare ale dispozitivului. Acest lucru este pentru a preveni cre\u0219terea mucegaiului \u0219i a bacteriilor \u0219i pentru a asigura sterilizarea \u00een propor\u021bie de 90%.<\/p>\n<p><strong>Rezistent la ruginta<\/strong><\/p>\n<p>Procesul este destul de complex, dar scopul s\u0103u este destul de simplu. Coroziunea \u0219i ruginirea sunt prevenite prin pulverizarea sub form\u0103 de pulbere de poliester pur la temperatur\u0103 ridicat\u0103 pe tabl\u0103 de o\u021bel zincat\u0103 fierbinte. \u00cen acest fel, aspectul \u0219i func\u021bionalitatea aparatelor de aer condi\u021bionat se vor \u00eembun\u0103t\u0103\u021bi semnificativ de-a lungul anilor, asigur\u00e2nd o durat\u0103 de via\u021b\u0103 mult mai lung\u0103 \u0219i fidel\u0103 de care v\u0103 pute\u021bi bucura.<\/p>\n<p><strong>Unitate compacta<\/strong><\/p>\n<p>Dimensiunea unit\u0103\u021bii exterioare, care a fost redus\u0103 cu \u00bc, v\u0103 ofer\u0103 posibilitatea \u0219i confortul de a alege locul perfect pentru instalarea acesteia. Acest lucru v\u0103 permite s\u0103 utiliza\u021bi orice ad\u00e2ncitur\u0103 minuscul\u0103 sau perete de balcon, economisind un cost suplimentar de spa\u021biu valoros \u00een camer\u0103 pentru realizarea de traseu suplimentar.<\/p>\n<p><img fetchpriority=\"high\" decoding=\"async\" class=\"size-full wp-image-3107 aligncenter\" src=\"https:\/\/www.oneconcept.ro\/wp-content\/uploads\/2024\/02\/Design-fara-titlu-7.png\" alt=\"\" width=\"1080\" height=\"1080\" \/><\/p>\n","protected":false},"excerpt":{"rendered":"<p><strong>Aparat aer conditionat AUX Q Series cu o putere de 12 000 BTU\/h !<\/strong><\/p>\n","protected":false},"featured_media":562,"comment_status":"closed","ping_status":"closed","template":"","meta":{"_acf_changed":false},"product_brand":[516],"product_cat":[465,468],"product_tag":[495,517],"class_list":{"0":"post-2659","1":"product","2":"type-product","3":"status-publish","4":"has-post-thumbnail","6":"product_brand-aux","7":"product_cat-rezidential-multi","8":"product_cat-unitati-interne-de-perete","9":"product_tag-12000-btu","10":"product_tag-nan","12":"first","13":"instock","14":"taxable","15":"shipping-taxable","16":"purchasable","17":"product-type-simple"},"acf":[],"yoast_head":"<!-- This site is optimized with the Yoast SEO plugin v27.1 - https:\/\/yoast.com\/product\/yoast-seo-wordpress\/ -->\n<title>Aparat aer conditionat AUX Q Series, 12 000 BTU\/h, WiFi inclus, Sleep Mode, Auto Curatare, Auto Restart, Filtru Carbon Activ - One Concept<\/title>\n<meta name=\"robots\" content=\"index, follow, max-snippet:-1, max-image-preview:large, max-video-preview:-1\" \/>\n<link rel=\"canonical\" href=\"https:\/\/www.oneconcept.ro\/en\/product\/aparat-aer-conditionat-aux-q-series-12-000-btu-h-wifi-inclus-sleep-mode-auto-curatare-auto-restart-filtru-carbon-activ\/\" \/>\n<meta property=\"og:locale\" content=\"en_US\" \/>\n<meta property=\"og:type\" content=\"article\" \/>\n<meta property=\"og:title\" content=\"Aparat aer conditionat AUX Q Series, 12 000 BTU\/h, WiFi inclus, Sleep Mode, Auto Curatare, Auto Restart, Filtru Carbon Activ - One Concept\" \/>\n<meta property=\"og:description\" content=\"Aparat aer conditionat AUX Q Series cu o putere de 12 000 BTU\/h !\" \/>\n<meta property=\"og:url\" content=\"https:\/\/www.oneconcept.ro\/en\/product\/aparat-aer-conditionat-aux-q-series-12-000-btu-h-wifi-inclus-sleep-mode-auto-curatare-auto-restart-filtru-carbon-activ\/\" \/>\n<meta property=\"og:site_name\" content=\"One Concept\" \/>\n<meta property=\"article:modified_time\" content=\"2025-06-25T09:51:04+00:00\" \/>\n<meta property=\"og:image\" content=\"https:\/\/www.oneconcept.ro\/wp-content\/uploads\/2025\/05\/Design-fara-titlu-7-1.png\" \/>\n\t<meta property=\"og:image:width\" content=\"1080\" \/>\n\t<meta property=\"og:image:height\" content=\"1080\" \/>\n\t<meta property=\"og:image:type\" content=\"image\/png\" \/>\n<meta name=\"twitter:card\" content=\"summary_large_image\" \/>\n<meta name=\"twitter:label1\" content=\"Est. reading time\" \/>\n\t<meta name=\"twitter:data1\" content=\"3 minutes\" \/>\n<script type=\"application\/ld+json\" class=\"yoast-schema-graph\">{\"@context\":\"https:\/\/schema.org\",\"@graph\":[{\"@type\":\"WebPage\",\"@id\":\"https:\/\/www.oneconcept.ro\/en\/product\/aparat-aer-conditionat-aux-q-series-12-000-btu-h-wifi-inclus-sleep-mode-auto-curatare-auto-restart-filtru-carbon-activ\/\",\"url\":\"https:\/\/www.oneconcept.ro\/en\/product\/aparat-aer-conditionat-aux-q-series-12-000-btu-h-wifi-inclus-sleep-mode-auto-curatare-auto-restart-filtru-carbon-activ\/\",\"name\":\"Aparat aer conditionat AUX Q Series, 12 000 BTU\/h, WiFi inclus, Sleep Mode, Auto Curatare, Auto Restart, Filtru Carbon Activ - One Concept\",\"isPartOf\":{\"@id\":\"https:\/\/www.oneconcept.ro\/en\/#website\"},\"primaryImageOfPage\":{\"@id\":\"https:\/\/www.oneconcept.ro\/en\/product\/aparat-aer-conditionat-aux-q-series-12-000-btu-h-wifi-inclus-sleep-mode-auto-curatare-auto-restart-filtru-carbon-activ\/#primaryimage\"},\"image\":{\"@id\":\"https:\/\/www.oneconcept.ro\/en\/product\/aparat-aer-conditionat-aux-q-series-12-000-btu-h-wifi-inclus-sleep-mode-auto-curatare-auto-restart-filtru-carbon-activ\/#primaryimage\"},\"thumbnailUrl\":\"https:\/\/www.oneconcept.ro\/wp-content\/uploads\/2025\/05\/Design-fara-titlu-7-1.png\",\"datePublished\":\"2025-05-27T04:24:50+00:00\",\"dateModified\":\"2025-06-25T09:51:04+00:00\",\"breadcrumb\":{\"@id\":\"https:\/\/www.oneconcept.ro\/en\/product\/aparat-aer-conditionat-aux-q-series-12-000-btu-h-wifi-inclus-sleep-mode-auto-curatare-auto-restart-filtru-carbon-activ\/#breadcrumb\"},\"inLanguage\":\"en-US\",\"potentialAction\":[{\"@type\":\"ReadAction\",\"target\":[\"https:\/\/www.oneconcept.ro\/en\/product\/aparat-aer-conditionat-aux-q-series-12-000-btu-h-wifi-inclus-sleep-mode-auto-curatare-auto-restart-filtru-carbon-activ\/\"]}]},{\"@type\":\"ImageObject\",\"inLanguage\":\"en-US\",\"@id\":\"https:\/\/www.oneconcept.ro\/en\/product\/aparat-aer-conditionat-aux-q-series-12-000-btu-h-wifi-inclus-sleep-mode-auto-curatare-auto-restart-filtru-carbon-activ\/#primaryimage\",\"url\":\"https:\/\/www.oneconcept.ro\/wp-content\/uploads\/2025\/05\/Design-fara-titlu-7-1.png\",\"contentUrl\":\"https:\/\/www.oneconcept.ro\/wp-content\/uploads\/2025\/05\/Design-fara-titlu-7-1.png\",\"width\":1080,\"height\":1080},{\"@type\":\"BreadcrumbList\",\"@id\":\"https:\/\/www.oneconcept.ro\/en\/product\/aparat-aer-conditionat-aux-q-series-12-000-btu-h-wifi-inclus-sleep-mode-auto-curatare-auto-restart-filtru-carbon-activ\/#breadcrumb\",\"itemListElement\":[{\"@type\":\"ListItem\",\"position\":1,\"name\":\"Prima pagin\u0103\",\"item\":\"https:\/\/www.oneconcept.ro\/en\/home\/\"},{\"@type\":\"ListItem\",\"position\":2,\"name\":\"Shop\",\"item\":\"https:\/\/www.oneconcept.ro\/en\/shop-2\/\"},{\"@type\":\"ListItem\",\"position\":3,\"name\":\"Aparat aer conditionat AUX Q Series, 12 000 BTU\/h, WiFi inclus, Sleep Mode, Auto Curatare, Auto Restart, Filtru Carbon Activ\"}]},{\"@type\":\"WebSite\",\"@id\":\"https:\/\/www.oneconcept.ro\/en\/#website\",\"url\":\"https:\/\/www.oneconcept.ro\/en\/\",\"name\":\"One Concept\",\"description\":\"\",\"publisher\":{\"@id\":\"https:\/\/www.oneconcept.ro\/en\/#organization\"},\"potentialAction\":[{\"@type\":\"SearchAction\",\"target\":{\"@type\":\"EntryPoint\",\"urlTemplate\":\"https:\/\/www.oneconcept.ro\/en\/?s={search_term_string}\"},\"query-input\":{\"@type\":\"PropertyValueSpecification\",\"valueRequired\":true,\"valueName\":\"search_term_string\"}}],\"inLanguage\":\"en-US\"},{\"@type\":\"Organization\",\"@id\":\"https:\/\/www.oneconcept.ro\/en\/#organization\",\"name\":\"One Concept\",\"url\":\"https:\/\/www.oneconcept.ro\/en\/\",\"logo\":{\"@type\":\"ImageObject\",\"inLanguage\":\"en-US\",\"@id\":\"https:\/\/www.oneconcept.ro\/en\/#\/schema\/logo\/image\/\",\"url\":\"https:\/\/www.oneconcept.ro\/wp-content\/uploads\/2025\/07\/cropped-v1.png\",\"contentUrl\":\"https:\/\/www.oneconcept.ro\/wp-content\/uploads\/2025\/07\/cropped-v1.png\",\"width\":512,\"height\":512,\"caption\":\"One Concept\"},\"image\":{\"@id\":\"https:\/\/www.oneconcept.ro\/en\/#\/schema\/logo\/image\/\"}}]}<\/script>\n<!-- \/ Yoast SEO plugin. -->","yoast_head_json":{"title":"Aparat aer conditionat AUX Q Series, 12 000 BTU\/h, WiFi inclus, Sleep Mode, Auto Curatare, Auto Restart, Filtru Carbon Activ - One Concept","robots":{"index":"index","follow":"follow","max-snippet":"max-snippet:-1","max-image-preview":"max-image-preview:large","max-video-preview":"max-video-preview:-1"},"canonical":"https:\/\/www.oneconcept.ro\/en\/product\/aparat-aer-conditionat-aux-q-series-12-000-btu-h-wifi-inclus-sleep-mode-auto-curatare-auto-restart-filtru-carbon-activ\/","og_locale":"en_US","og_type":"article","og_title":"Aparat aer conditionat AUX Q Series, 12 000 BTU\/h, WiFi inclus, Sleep Mode, Auto Curatare, Auto Restart, Filtru Carbon Activ - One Concept","og_description":"Aparat aer conditionat AUX Q Series cu o putere de 12 000 BTU\/h !","og_url":"https:\/\/www.oneconcept.ro\/en\/product\/aparat-aer-conditionat-aux-q-series-12-000-btu-h-wifi-inclus-sleep-mode-auto-curatare-auto-restart-filtru-carbon-activ\/","og_site_name":"One Concept","article_modified_time":"2025-06-25T09:51:04+00:00","og_image":[{"width":1080,"height":1080,"url":"https:\/\/www.oneconcept.ro\/wp-content\/uploads\/2025\/05\/Design-fara-titlu-7-1.png","type":"image\/png"}],"twitter_card":"summary_large_image","twitter_misc":{"Est. reading time":"3 minutes"},"schema":{"@context":"https:\/\/schema.org","@graph":[{"@type":"WebPage","@id":"https:\/\/www.oneconcept.ro\/en\/product\/aparat-aer-conditionat-aux-q-series-12-000-btu-h-wifi-inclus-sleep-mode-auto-curatare-auto-restart-filtru-carbon-activ\/","url":"https:\/\/www.oneconcept.ro\/en\/product\/aparat-aer-conditionat-aux-q-series-12-000-btu-h-wifi-inclus-sleep-mode-auto-curatare-auto-restart-filtru-carbon-activ\/","name":"Aparat aer conditionat AUX Q Series, 12 000 BTU\/h, WiFi inclus, Sleep Mode, Auto Curatare, Auto Restart, Filtru Carbon Activ - One Concept","isPartOf":{"@id":"https:\/\/www.oneconcept.ro\/en\/#website"},"primaryImageOfPage":{"@id":"https:\/\/www.oneconcept.ro\/en\/product\/aparat-aer-conditionat-aux-q-series-12-000-btu-h-wifi-inclus-sleep-mode-auto-curatare-auto-restart-filtru-carbon-activ\/#primaryimage"},"image":{"@id":"https:\/\/www.oneconcept.ro\/en\/product\/aparat-aer-conditionat-aux-q-series-12-000-btu-h-wifi-inclus-sleep-mode-auto-curatare-auto-restart-filtru-carbon-activ\/#primaryimage"},"thumbnailUrl":"https:\/\/www.oneconcept.ro\/wp-content\/uploads\/2025\/05\/Design-fara-titlu-7-1.png","datePublished":"2025-05-27T04:24:50+00:00","dateModified":"2025-06-25T09:51:04+00:00","breadcrumb":{"@id":"https:\/\/www.oneconcept.ro\/en\/product\/aparat-aer-conditionat-aux-q-series-12-000-btu-h-wifi-inclus-sleep-mode-auto-curatare-auto-restart-filtru-carbon-activ\/#breadcrumb"},"inLanguage":"en-US","potentialAction":[{"@type":"ReadAction","target":["https:\/\/www.oneconcept.ro\/en\/product\/aparat-aer-conditionat-aux-q-series-12-000-btu-h-wifi-inclus-sleep-mode-auto-curatare-auto-restart-filtru-carbon-activ\/"]}]},{"@type":"ImageObject","inLanguage":"en-US","@id":"https:\/\/www.oneconcept.ro\/en\/product\/aparat-aer-conditionat-aux-q-series-12-000-btu-h-wifi-inclus-sleep-mode-auto-curatare-auto-restart-filtru-carbon-activ\/#primaryimage","url":"https:\/\/www.oneconcept.ro\/wp-content\/uploads\/2025\/05\/Design-fara-titlu-7-1.png","contentUrl":"https:\/\/www.oneconcept.ro\/wp-content\/uploads\/2025\/05\/Design-fara-titlu-7-1.png","width":1080,"height":1080},{"@type":"BreadcrumbList","@id":"https:\/\/www.oneconcept.ro\/en\/product\/aparat-aer-conditionat-aux-q-series-12-000-btu-h-wifi-inclus-sleep-mode-auto-curatare-auto-restart-filtru-carbon-activ\/#breadcrumb","itemListElement":[{"@type":"ListItem","position":1,"name":"Prima pagin\u0103","item":"https:\/\/www.oneconcept.ro\/en\/home\/"},{"@type":"ListItem","position":2,"name":"Shop","item":"https:\/\/www.oneconcept.ro\/en\/shop-2\/"},{"@type":"ListItem","position":3,"name":"Aparat aer conditionat AUX Q Series, 12 000 BTU\/h, WiFi inclus, Sleep Mode, Auto Curatare, Auto Restart, Filtru Carbon Activ"}]},{"@type":"WebSite","@id":"https:\/\/www.oneconcept.ro\/en\/#website","url":"https:\/\/www.oneconcept.ro\/en\/","name":"One Concept","description":"","publisher":{"@id":"https:\/\/www.oneconcept.ro\/en\/#organization"},"potentialAction":[{"@type":"SearchAction","target":{"@type":"EntryPoint","urlTemplate":"https:\/\/www.oneconcept.ro\/en\/?s={search_term_string}"},"query-input":{"@type":"PropertyValueSpecification","valueRequired":true,"valueName":"search_term_string"}}],"inLanguage":"en-US"},{"@type":"Organization","@id":"https:\/\/www.oneconcept.ro\/en\/#organization","name":"One Concept","url":"https:\/\/www.oneconcept.ro\/en\/","logo":{"@type":"ImageObject","inLanguage":"en-US","@id":"https:\/\/www.oneconcept.ro\/en\/#\/schema\/logo\/image\/","url":"https:\/\/www.oneconcept.ro\/wp-content\/uploads\/2025\/07\/cropped-v1.png","contentUrl":"https:\/\/www.oneconcept.ro\/wp-content\/uploads\/2025\/07\/cropped-v1.png","width":512,"height":512,"caption":"One Concept"},"image":{"@id":"https:\/\/www.oneconcept.ro\/en\/#\/schema\/logo\/image\/"}}]}},"_links":{"self":[{"href":"https:\/\/www.oneconcept.ro\/en\/wp-json\/wp\/v2\/product\/2659","targetHints":{"allow":["GET"]}}],"collection":[{"href":"https:\/\/www.oneconcept.ro\/en\/wp-json\/wp\/v2\/product"}],"about":[{"href":"https:\/\/www.oneconcept.ro\/en\/wp-json\/wp\/v2\/types\/product"}],"replies":[{"embeddable":true,"href":"https:\/\/www.oneconcept.ro\/en\/wp-json\/wp\/v2\/comments?post=2659"}],"wp:featuredmedia":[{"embeddable":true,"href":"https:\/\/www.oneconcept.ro\/en\/wp-json\/wp\/v2\/media\/562"}],"wp:attachment":[{"href":"https:\/\/www.oneconcept.ro\/en\/wp-json\/wp\/v2\/media?parent=2659"}],"wp:term":[{"taxonomy":"product_brand","embeddable":true,"href":"https:\/\/www.oneconcept.ro\/en\/wp-json\/wp\/v2\/product_brand?post=2659"},{"taxonomy":"product_cat","embeddable":true,"href":"https:\/\/www.oneconcept.ro\/en\/wp-json\/wp\/v2\/product_cat?post=2659"},{"taxonomy":"product_tag","embeddable":true,"href":"https:\/\/www.oneconcept.ro\/en\/wp-json\/wp\/v2\/product_tag?post=2659"}],"curies":[{"name":"wp","href":"https:\/\/api.w.org\/{rel}","templated":true}]}}