{"id":2648,"date":"2025-05-27T07:24:49","date_gmt":"2025-05-27T04:24:49","guid":{"rendered":"https:\/\/staging.oneconcept.ro\/?post_type=product&#038;p=2648"},"modified":"2025-06-25T12:51:04","modified_gmt":"2025-06-25T09:51:04","slug":"recuperator-de-caldura-goldsense-recuperare-de-500-m3-h-presiune-80pa-mod-functionare-evacuare-aport-aer-proaspat-bypass-control-facil","status":"publish","type":"product","link":"https:\/\/www.oneconcept.ro\/en\/product\/recuperator-de-caldura-goldsense-recuperare-de-500-m3-h-presiune-80pa-mod-functionare-evacuare-aport-aer-proaspat-bypass-control-facil\/","title":{"rendered":"Recuperator de caldura Goldsense, recuperare de 500 m3\/h, presiune 80PA, mod functionare evacuare, aport aer proaspat, bypass control facil"},"content":{"rendered":"<p><strong>Goldsense recuperator de caldura cu o putere de recuperare de 500 m3\/h si presiune de 80 PA<\/strong>.<\/p>\n<p>Adopt\u0103 un ventilator centrifugal cu un consum mai mic de energie \u0219i o distan\u021b\u0103 mai mare de alimentare cu aer; control u\u0219or, operare prietenoas\u0103.<\/p>\n<p>Toate unit\u0103\u021bile sunt echipate cu modul ventilator cu 3 viteze, ajust\u00e2nd debitul de aer \u00een func\u021bie de \u00een\u0103l\u021bimea tavanului. Ventilatorul centrifugal inovator ofer\u0103 un volum de aer mai mare, dar un zgomot mai mic, f\u0103c\u00e2nd alimentarea cu aer mai silen\u021bioas\u0103 \u0219i mai lin\u0103.<\/p>\n<p>Diferite moduri pentru alegerea dumneavoastra :<\/p>\n<p>Mod de evacuare (pot fi aleas\u0103 viteza ventilatorului Hi\/Mid\/Low)<\/p>\n<ul>\n<li>Mod de alimentare cu aer (poate fi aleas\u0103 viteza ventilatorului Hi\/Mid\/Low)<\/li>\n<li>Modul de trecere (pot fi aleas\u0103 viteza ventilatorului Hi\/Mid\/Low)<\/li>\n<\/ul>\n<p>\u00cen acest mod, nu are loc nici un schimb de c\u0103ldur\u0103, ceea ce economise\u0219te mai mult energie.<\/p>\n<p>De exemplu dac\u0103 temperatura exterioar\u0103 este mai mic\u0103 dec\u00e2t cea interioar\u0103, nu avem nevoie de schimb de c\u0103ldur\u0103, dar avem nevoie de aer proasp\u0103t. Putem alege modul by pass.<\/p>\n<p><strong>*Observa\u021bie:<\/strong> acest mod este disponibil numai pentru HRV-200~1000.<\/p>\n<p>Modul de schimb de c\u0103ldur\u0103 (pot fi aleas\u0103 viteza ventilatorului Hi\/Mid\/Low). \u00cen acest mod, debit de aer de alimentare = debit de aer evacuat.<\/p>\n<p>Mod auto. \u00cen acest mod, unitatea va func\u021biona \u00een modul de schimb de c\u0103ldur\u0103 sau \u00een modul de trecere, \u00een func\u021bie de temperatura exterioar\u0103 \u0219i temperatura interioar\u0103 cu flux de aer cu vitez\u0103 redus\u0103<\/p>\n<p>&nbsp;<\/p>\n<p><img fetchpriority=\"high\" decoding=\"async\" class=\"aligncenter wp-image-3011 size-large\" src=\"https:\/\/www.oneconcept.ro\/wp-content\/uploads\/2024\/01\/Design-fara-titlu-2-1024x1024.png\" alt=\"\" width=\"1024\" height=\"1024\" \/><\/p>\n","protected":false},"excerpt":{"rendered":"<p><strong>Goldsense recuperator de caldura cu o putere de recuperare de 500 m3\/h si presiune de 80 PA<\/strong>.<\/p>\n","protected":false},"featured_media":550,"comment_status":"closed","ping_status":"closed","template":"","meta":{"_acf_changed":false},"product_brand":[512],"product_cat":[474,472],"product_tag":[525],"class_list":{"0":"post-2648","1":"product","2":"type-product","3":"status-publish","4":"has-post-thumbnail","6":"product_brand-goldsense","7":"product_cat-casete","8":"product_cat-sisteme-de-climatizare-comerciale","9":"product_tag-nanbtu-necunoscut","11":"first","12":"instock","13":"taxable","14":"shipping-taxable","15":"purchasable","16":"product-type-simple"},"acf":[],"yoast_head":"<!-- This site is optimized with the Yoast SEO plugin v27.1 - https:\/\/yoast.com\/product\/yoast-seo-wordpress\/ -->\n<title>Recuperator de caldura Goldsense, recuperare de 500 m3\/h, presiune 80PA, mod functionare evacuare, aport aer proaspat, bypass control facil - One Concept<\/title>\n<meta name=\"robots\" content=\"index, follow, max-snippet:-1, max-image-preview:large, max-video-preview:-1\" \/>\n<link rel=\"canonical\" href=\"https:\/\/www.oneconcept.ro\/en\/product\/recuperator-de-caldura-goldsense-recuperare-de-500-m3-h-presiune-80pa-mod-functionare-evacuare-aport-aer-proaspat-bypass-control-facil\/\" \/>\n<meta property=\"og:locale\" content=\"en_US\" \/>\n<meta property=\"og:type\" content=\"article\" \/>\n<meta property=\"og:title\" content=\"Recuperator de caldura Goldsense, recuperare de 500 m3\/h, presiune 80PA, mod functionare evacuare, aport aer proaspat, bypass control facil - One Concept\" \/>\n<meta property=\"og:description\" content=\"Goldsense recuperator de caldura cu o putere de recuperare de 500 m3\/h si presiune de 80 PA.\" \/>\n<meta property=\"og:url\" content=\"https:\/\/www.oneconcept.ro\/en\/product\/recuperator-de-caldura-goldsense-recuperare-de-500-m3-h-presiune-80pa-mod-functionare-evacuare-aport-aer-proaspat-bypass-control-facil\/\" \/>\n<meta property=\"og:site_name\" content=\"One Concept\" \/>\n<meta property=\"article:modified_time\" content=\"2025-06-25T09:51:04+00:00\" \/>\n<meta property=\"og:image\" content=\"https:\/\/www.oneconcept.ro\/wp-content\/uploads\/2025\/05\/Design-fara-titlu-2-e1705567238709.png\" \/>\n\t<meta property=\"og:image:width\" content=\"1024\" \/>\n\t<meta property=\"og:image:height\" content=\"1024\" \/>\n\t<meta property=\"og:image:type\" content=\"image\/png\" \/>\n<meta name=\"twitter:card\" content=\"summary_large_image\" \/>\n<meta name=\"twitter:label1\" content=\"Est. reading time\" \/>\n\t<meta name=\"twitter:data1\" content=\"1 minute\" \/>\n<script type=\"application\/ld+json\" class=\"yoast-schema-graph\">{\"@context\":\"https:\/\/schema.org\",\"@graph\":[{\"@type\":\"WebPage\",\"@id\":\"https:\/\/www.oneconcept.ro\/en\/product\/recuperator-de-caldura-goldsense-recuperare-de-500-m3-h-presiune-80pa-mod-functionare-evacuare-aport-aer-proaspat-bypass-control-facil\/\",\"url\":\"https:\/\/www.oneconcept.ro\/en\/product\/recuperator-de-caldura-goldsense-recuperare-de-500-m3-h-presiune-80pa-mod-functionare-evacuare-aport-aer-proaspat-bypass-control-facil\/\",\"name\":\"Recuperator de caldura Goldsense, recuperare de 500 m3\/h, presiune 80PA, mod functionare evacuare, aport aer proaspat, bypass control facil - One Concept\",\"isPartOf\":{\"@id\":\"https:\/\/www.oneconcept.ro\/en\/#website\"},\"primaryImageOfPage\":{\"@id\":\"https:\/\/www.oneconcept.ro\/en\/product\/recuperator-de-caldura-goldsense-recuperare-de-500-m3-h-presiune-80pa-mod-functionare-evacuare-aport-aer-proaspat-bypass-control-facil\/#primaryimage\"},\"image\":{\"@id\":\"https:\/\/www.oneconcept.ro\/en\/product\/recuperator-de-caldura-goldsense-recuperare-de-500-m3-h-presiune-80pa-mod-functionare-evacuare-aport-aer-proaspat-bypass-control-facil\/#primaryimage\"},\"thumbnailUrl\":\"https:\/\/www.oneconcept.ro\/wp-content\/uploads\/2025\/05\/Design-fara-titlu-2-e1705567238709.png\",\"datePublished\":\"2025-05-27T04:24:49+00:00\",\"dateModified\":\"2025-06-25T09:51:04+00:00\",\"breadcrumb\":{\"@id\":\"https:\/\/www.oneconcept.ro\/en\/product\/recuperator-de-caldura-goldsense-recuperare-de-500-m3-h-presiune-80pa-mod-functionare-evacuare-aport-aer-proaspat-bypass-control-facil\/#breadcrumb\"},\"inLanguage\":\"en-US\",\"potentialAction\":[{\"@type\":\"ReadAction\",\"target\":[\"https:\/\/www.oneconcept.ro\/en\/product\/recuperator-de-caldura-goldsense-recuperare-de-500-m3-h-presiune-80pa-mod-functionare-evacuare-aport-aer-proaspat-bypass-control-facil\/\"]}]},{\"@type\":\"ImageObject\",\"inLanguage\":\"en-US\",\"@id\":\"https:\/\/www.oneconcept.ro\/en\/product\/recuperator-de-caldura-goldsense-recuperare-de-500-m3-h-presiune-80pa-mod-functionare-evacuare-aport-aer-proaspat-bypass-control-facil\/#primaryimage\",\"url\":\"https:\/\/www.oneconcept.ro\/wp-content\/uploads\/2025\/05\/Design-fara-titlu-2-e1705567238709.png\",\"contentUrl\":\"https:\/\/www.oneconcept.ro\/wp-content\/uploads\/2025\/05\/Design-fara-titlu-2-e1705567238709.png\",\"width\":1024,\"height\":1024},{\"@type\":\"BreadcrumbList\",\"@id\":\"https:\/\/www.oneconcept.ro\/en\/product\/recuperator-de-caldura-goldsense-recuperare-de-500-m3-h-presiune-80pa-mod-functionare-evacuare-aport-aer-proaspat-bypass-control-facil\/#breadcrumb\",\"itemListElement\":[{\"@type\":\"ListItem\",\"position\":1,\"name\":\"Prima pagin\u0103\",\"item\":\"https:\/\/www.oneconcept.ro\/en\/home\/\"},{\"@type\":\"ListItem\",\"position\":2,\"name\":\"Shop\",\"item\":\"https:\/\/www.oneconcept.ro\/en\/shop-2\/\"},{\"@type\":\"ListItem\",\"position\":3,\"name\":\"Recuperator de caldura Goldsense, recuperare de 500 m3\/h, presiune 80PA, mod functionare evacuare, aport aer proaspat, bypass control facil\"}]},{\"@type\":\"WebSite\",\"@id\":\"https:\/\/www.oneconcept.ro\/en\/#website\",\"url\":\"https:\/\/www.oneconcept.ro\/en\/\",\"name\":\"One Concept\",\"description\":\"\",\"publisher\":{\"@id\":\"https:\/\/www.oneconcept.ro\/en\/#organization\"},\"potentialAction\":[{\"@type\":\"SearchAction\",\"target\":{\"@type\":\"EntryPoint\",\"urlTemplate\":\"https:\/\/www.oneconcept.ro\/en\/?s={search_term_string}\"},\"query-input\":{\"@type\":\"PropertyValueSpecification\",\"valueRequired\":true,\"valueName\":\"search_term_string\"}}],\"inLanguage\":\"en-US\"},{\"@type\":\"Organization\",\"@id\":\"https:\/\/www.oneconcept.ro\/en\/#organization\",\"name\":\"One Concept\",\"url\":\"https:\/\/www.oneconcept.ro\/en\/\",\"logo\":{\"@type\":\"ImageObject\",\"inLanguage\":\"en-US\",\"@id\":\"https:\/\/www.oneconcept.ro\/en\/#\/schema\/logo\/image\/\",\"url\":\"https:\/\/www.oneconcept.ro\/wp-content\/uploads\/2025\/07\/cropped-v1.png\",\"contentUrl\":\"https:\/\/www.oneconcept.ro\/wp-content\/uploads\/2025\/07\/cropped-v1.png\",\"width\":512,\"height\":512,\"caption\":\"One Concept\"},\"image\":{\"@id\":\"https:\/\/www.oneconcept.ro\/en\/#\/schema\/logo\/image\/\"}}]}<\/script>\n<!-- \/ Yoast SEO plugin. -->","yoast_head_json":{"title":"Recuperator de caldura Goldsense, recuperare de 500 m3\/h, presiune 80PA, mod functionare evacuare, aport aer proaspat, bypass control facil - One Concept","robots":{"index":"index","follow":"follow","max-snippet":"max-snippet:-1","max-image-preview":"max-image-preview:large","max-video-preview":"max-video-preview:-1"},"canonical":"https:\/\/www.oneconcept.ro\/en\/product\/recuperator-de-caldura-goldsense-recuperare-de-500-m3-h-presiune-80pa-mod-functionare-evacuare-aport-aer-proaspat-bypass-control-facil\/","og_locale":"en_US","og_type":"article","og_title":"Recuperator de caldura Goldsense, recuperare de 500 m3\/h, presiune 80PA, mod functionare evacuare, aport aer proaspat, bypass control facil - One Concept","og_description":"Goldsense recuperator de caldura cu o putere de recuperare de 500 m3\/h si presiune de 80 PA.","og_url":"https:\/\/www.oneconcept.ro\/en\/product\/recuperator-de-caldura-goldsense-recuperare-de-500-m3-h-presiune-80pa-mod-functionare-evacuare-aport-aer-proaspat-bypass-control-facil\/","og_site_name":"One Concept","article_modified_time":"2025-06-25T09:51:04+00:00","og_image":[{"width":1024,"height":1024,"url":"https:\/\/www.oneconcept.ro\/wp-content\/uploads\/2025\/05\/Design-fara-titlu-2-e1705567238709.png","type":"image\/png"}],"twitter_card":"summary_large_image","twitter_misc":{"Est. reading time":"1 minute"},"schema":{"@context":"https:\/\/schema.org","@graph":[{"@type":"WebPage","@id":"https:\/\/www.oneconcept.ro\/en\/product\/recuperator-de-caldura-goldsense-recuperare-de-500-m3-h-presiune-80pa-mod-functionare-evacuare-aport-aer-proaspat-bypass-control-facil\/","url":"https:\/\/www.oneconcept.ro\/en\/product\/recuperator-de-caldura-goldsense-recuperare-de-500-m3-h-presiune-80pa-mod-functionare-evacuare-aport-aer-proaspat-bypass-control-facil\/","name":"Recuperator de caldura Goldsense, recuperare de 500 m3\/h, presiune 80PA, mod functionare evacuare, aport aer proaspat, bypass control facil - One Concept","isPartOf":{"@id":"https:\/\/www.oneconcept.ro\/en\/#website"},"primaryImageOfPage":{"@id":"https:\/\/www.oneconcept.ro\/en\/product\/recuperator-de-caldura-goldsense-recuperare-de-500-m3-h-presiune-80pa-mod-functionare-evacuare-aport-aer-proaspat-bypass-control-facil\/#primaryimage"},"image":{"@id":"https:\/\/www.oneconcept.ro\/en\/product\/recuperator-de-caldura-goldsense-recuperare-de-500-m3-h-presiune-80pa-mod-functionare-evacuare-aport-aer-proaspat-bypass-control-facil\/#primaryimage"},"thumbnailUrl":"https:\/\/www.oneconcept.ro\/wp-content\/uploads\/2025\/05\/Design-fara-titlu-2-e1705567238709.png","datePublished":"2025-05-27T04:24:49+00:00","dateModified":"2025-06-25T09:51:04+00:00","breadcrumb":{"@id":"https:\/\/www.oneconcept.ro\/en\/product\/recuperator-de-caldura-goldsense-recuperare-de-500-m3-h-presiune-80pa-mod-functionare-evacuare-aport-aer-proaspat-bypass-control-facil\/#breadcrumb"},"inLanguage":"en-US","potentialAction":[{"@type":"ReadAction","target":["https:\/\/www.oneconcept.ro\/en\/product\/recuperator-de-caldura-goldsense-recuperare-de-500-m3-h-presiune-80pa-mod-functionare-evacuare-aport-aer-proaspat-bypass-control-facil\/"]}]},{"@type":"ImageObject","inLanguage":"en-US","@id":"https:\/\/www.oneconcept.ro\/en\/product\/recuperator-de-caldura-goldsense-recuperare-de-500-m3-h-presiune-80pa-mod-functionare-evacuare-aport-aer-proaspat-bypass-control-facil\/#primaryimage","url":"https:\/\/www.oneconcept.ro\/wp-content\/uploads\/2025\/05\/Design-fara-titlu-2-e1705567238709.png","contentUrl":"https:\/\/www.oneconcept.ro\/wp-content\/uploads\/2025\/05\/Design-fara-titlu-2-e1705567238709.png","width":1024,"height":1024},{"@type":"BreadcrumbList","@id":"https:\/\/www.oneconcept.ro\/en\/product\/recuperator-de-caldura-goldsense-recuperare-de-500-m3-h-presiune-80pa-mod-functionare-evacuare-aport-aer-proaspat-bypass-control-facil\/#breadcrumb","itemListElement":[{"@type":"ListItem","position":1,"name":"Prima pagin\u0103","item":"https:\/\/www.oneconcept.ro\/en\/home\/"},{"@type":"ListItem","position":2,"name":"Shop","item":"https:\/\/www.oneconcept.ro\/en\/shop-2\/"},{"@type":"ListItem","position":3,"name":"Recuperator de caldura Goldsense, recuperare de 500 m3\/h, presiune 80PA, mod functionare evacuare, aport aer proaspat, bypass control facil"}]},{"@type":"WebSite","@id":"https:\/\/www.oneconcept.ro\/en\/#website","url":"https:\/\/www.oneconcept.ro\/en\/","name":"One Concept","description":"","publisher":{"@id":"https:\/\/www.oneconcept.ro\/en\/#organization"},"potentialAction":[{"@type":"SearchAction","target":{"@type":"EntryPoint","urlTemplate":"https:\/\/www.oneconcept.ro\/en\/?s={search_term_string}"},"query-input":{"@type":"PropertyValueSpecification","valueRequired":true,"valueName":"search_term_string"}}],"inLanguage":"en-US"},{"@type":"Organization","@id":"https:\/\/www.oneconcept.ro\/en\/#organization","name":"One Concept","url":"https:\/\/www.oneconcept.ro\/en\/","logo":{"@type":"ImageObject","inLanguage":"en-US","@id":"https:\/\/www.oneconcept.ro\/en\/#\/schema\/logo\/image\/","url":"https:\/\/www.oneconcept.ro\/wp-content\/uploads\/2025\/07\/cropped-v1.png","contentUrl":"https:\/\/www.oneconcept.ro\/wp-content\/uploads\/2025\/07\/cropped-v1.png","width":512,"height":512,"caption":"One Concept"},"image":{"@id":"https:\/\/www.oneconcept.ro\/en\/#\/schema\/logo\/image\/"}}]}},"_links":{"self":[{"href":"https:\/\/www.oneconcept.ro\/en\/wp-json\/wp\/v2\/product\/2648","targetHints":{"allow":["GET"]}}],"collection":[{"href":"https:\/\/www.oneconcept.ro\/en\/wp-json\/wp\/v2\/product"}],"about":[{"href":"https:\/\/www.oneconcept.ro\/en\/wp-json\/wp\/v2\/types\/product"}],"replies":[{"embeddable":true,"href":"https:\/\/www.oneconcept.ro\/en\/wp-json\/wp\/v2\/comments?post=2648"}],"wp:featuredmedia":[{"embeddable":true,"href":"https:\/\/www.oneconcept.ro\/en\/wp-json\/wp\/v2\/media\/550"}],"wp:attachment":[{"href":"https:\/\/www.oneconcept.ro\/en\/wp-json\/wp\/v2\/media?parent=2648"}],"wp:term":[{"taxonomy":"product_brand","embeddable":true,"href":"https:\/\/www.oneconcept.ro\/en\/wp-json\/wp\/v2\/product_brand?post=2648"},{"taxonomy":"product_cat","embeddable":true,"href":"https:\/\/www.oneconcept.ro\/en\/wp-json\/wp\/v2\/product_cat?post=2648"},{"taxonomy":"product_tag","embeddable":true,"href":"https:\/\/www.oneconcept.ro\/en\/wp-json\/wp\/v2\/product_tag?post=2648"}],"curies":[{"name":"wp","href":"https:\/\/api.w.org\/{rel}","templated":true}]}}