{"id":2646,"date":"2025-05-27T07:24:49","date_gmt":"2025-05-27T04:24:49","guid":{"rendered":"https:\/\/staging.oneconcept.ro\/?post_type=product&#038;p=2646"},"modified":"2025-06-25T12:51:04","modified_gmt":"2025-06-25T09:51:04","slug":"aparat-aer-conditionat-tip-caseta-goldsense-24-000-btu-hcaseta-4-directii-round-flow-a-scop-6-5-incalzire-pana-la-22-grade","status":"publish","type":"product","link":"https:\/\/www.oneconcept.ro\/en\/product\/aparat-aer-conditionat-tip-caseta-goldsense-24-000-btu-hcaseta-4-directii-round-flow-a-scop-6-5-incalzire-pana-la-22-grade\/","title":{"rendered":"Aparat aer conditionat tip caseta Goldsense 24 000 BTU\/h,caseta 4 directii Round Flow, A++, SCOP 6.5, Incalzire pana la -22 grade"},"content":{"rendered":"<p><strong>Casetele Goldsense<\/strong> silentioase \u0219i eficiente sunt perfecte pentru interioare comerciale cu tavan suspendat precum\u00a0birou, s\u0103li de conferin\u021be, restaurante \u0219i spa\u021bii comerciale. Datorit\u0103 tehnologiei cu flux de aer rotund 360 \u0219i func\u021biei de r\u0103cire\/\u00eenc\u0103lzire rapid\u0103, acestea pot oferi condi\u021bii confortabile \u00een fiecare col\u021b al camerelor, restaurantelor \u0219i spa\u021biilor comerciale.<\/p>\n<p><strong>Aport de\u00a0 aer proaspat si cutie electrica optimizata &#8211; confort si siguranta<\/strong><br \/>\nCarcasa unit\u0103\u021bii casetei are un orificiu t\u0103iat din fabric\u0103 pentru admisia aerului proasp\u0103t, permi\u021b\u00e2nd unit\u0103\u021bii s\u0103 furnizeze aer proasp\u0103t din exterior \u00een \u00eenc\u0103pere. Aspirarea aerului proasp\u0103t exterior \u00eembun\u0103t\u0103\u021be\u0219te calitatea aerului din interior, asigur\u00e2nd s\u0103n\u0103tatea \u0219i confortul persoanelor din interiorul cl\u0103dirii. Cutia electric\u0103 optimizat\u0103 ofer\u0103 acces u\u0219or la service \u0219i rezisten\u021b\u0103 ridicat\u0103 la foc.<\/p>\n<p><strong>Alimentare cu aer perimetral 360 &#8211; distributie eficienta a aerului<br \/>\n<\/strong>\u00a0 \u00a0Datorit\u0103 construc\u021biei special concepute a panoului decorativ, aparatul de aer condi\u021bionat tip caset\u0103 poate r\u0103ci fiecare col\u021b al \u00eenc\u0103perii \u0219i ofer\u0103 confort maxim tuturor utilizatorilor. Deschiderile suplimentare de evacuare la col\u021burile panoului permit alimentarea aerului \u00een toate direc\u021biile, elimin\u00e2nd posibilitatea unor zone de distribu\u021bie neuniform\u0103 a temperaturii. Tehnologia de alimentare cu aer perimetral asigur\u0103 intrarea aerului r\u0103cit \u00eentr-o gam\u0103 de 360 \u0219i garanteaz\u0103 aer condi\u021bionat eficient chiar \u0219i a \u00eenc\u0103perilor mari.<\/p>\n<p><strong>Pomp\u0103 de condens \u00eencorporat\u0103 &#8211; \u00een\u0103l\u021bime de ridicare de p\u00e2n\u0103 la 120 cm<\/strong><br \/>\nUnitatea interioara este echipat\u0103 standard cu o pomp\u0103 de condens, care permite scurgerea condensului de ap\u0103 p\u00e2n\u0103 la 120 cm deasupra nivelului t\u0103vii de picurare.<\/p>\n<p>&nbsp;<\/p>\n<p><img fetchpriority=\"high\" decoding=\"async\" class=\"alignnone size-full wp-image-3002\" src=\"https:\/\/www.oneconcept.ro\/wp-content\/uploads\/2023\/12\/Design-fara-titlu-1.png\" alt=\"\" width=\"1080\" height=\"1080\" \/><\/p>\n<p>&nbsp;<\/p>\n","protected":false},"excerpt":{"rendered":"<p><strong>Casetele Goldsense<\/strong> silentioase \u0219i eficiente sunt perfecte pentru interioare comerciale cu tavan suspendat precum\u00a0birou, s\u0103li de conferin\u021be, restaurante \u0219i spa\u021bii comerciale.<\/p>\n","protected":false},"featured_media":549,"comment_status":"closed","ping_status":"closed","template":"","meta":{"_acf_changed":false},"product_brand":[512],"product_cat":[474,472],"product_tag":[496,517],"class_list":{"0":"post-2646","1":"product","2":"type-product","3":"status-publish","4":"has-post-thumbnail","6":"product_brand-goldsense","7":"product_cat-casete","8":"product_cat-sisteme-de-climatizare-comerciale","9":"product_tag-24000-btu","10":"product_tag-nan","12":"first","13":"instock","14":"taxable","15":"shipping-taxable","16":"purchasable","17":"product-type-simple"},"acf":[],"yoast_head":"<!-- This site is optimized with the Yoast SEO plugin v27.1 - https:\/\/yoast.com\/product\/yoast-seo-wordpress\/ -->\n<title>Aparat aer conditionat tip caseta Goldsense 24 000 BTU\/h,caseta 4 directii Round Flow, A++, SCOP 6.5, Incalzire pana la -22 grade - One Concept<\/title>\n<meta name=\"robots\" content=\"index, follow, max-snippet:-1, max-image-preview:large, max-video-preview:-1\" \/>\n<link rel=\"canonical\" href=\"https:\/\/www.oneconcept.ro\/en\/product\/aparat-aer-conditionat-tip-caseta-goldsense-24-000-btu-hcaseta-4-directii-round-flow-a-scop-6-5-incalzire-pana-la-22-grade\/\" \/>\n<meta property=\"og:locale\" content=\"en_US\" \/>\n<meta property=\"og:type\" content=\"article\" \/>\n<meta property=\"og:title\" content=\"Aparat aer conditionat tip caseta Goldsense 24 000 BTU\/h,caseta 4 directii Round Flow, A++, SCOP 6.5, Incalzire pana la -22 grade - One Concept\" \/>\n<meta property=\"og:description\" content=\"Casetele Goldsense silentioase \u0219i eficiente sunt perfecte pentru interioare comerciale cu tavan suspendat precum\u00a0birou, s\u0103li de conferin\u021be, restaurante \u0219i spa\u021bii comerciale.\" \/>\n<meta property=\"og:url\" content=\"https:\/\/www.oneconcept.ro\/en\/product\/aparat-aer-conditionat-tip-caseta-goldsense-24-000-btu-hcaseta-4-directii-round-flow-a-scop-6-5-incalzire-pana-la-22-grade\/\" \/>\n<meta property=\"og:site_name\" content=\"One Concept\" \/>\n<meta property=\"article:modified_time\" content=\"2025-06-25T09:51:04+00:00\" \/>\n<meta property=\"og:image\" content=\"https:\/\/www.oneconcept.ro\/wp-content\/uploads\/2025\/05\/Design-fara-titlu-1-1.png\" \/>\n\t<meta property=\"og:image:width\" content=\"1080\" \/>\n\t<meta property=\"og:image:height\" content=\"1080\" \/>\n\t<meta property=\"og:image:type\" content=\"image\/png\" \/>\n<meta name=\"twitter:card\" content=\"summary_large_image\" \/>\n<meta name=\"twitter:label1\" content=\"Est. reading time\" \/>\n\t<meta name=\"twitter:data1\" content=\"1 minute\" \/>\n<script type=\"application\/ld+json\" class=\"yoast-schema-graph\">{\"@context\":\"https:\/\/schema.org\",\"@graph\":[{\"@type\":\"WebPage\",\"@id\":\"https:\/\/www.oneconcept.ro\/en\/product\/aparat-aer-conditionat-tip-caseta-goldsense-24-000-btu-hcaseta-4-directii-round-flow-a-scop-6-5-incalzire-pana-la-22-grade\/\",\"url\":\"https:\/\/www.oneconcept.ro\/en\/product\/aparat-aer-conditionat-tip-caseta-goldsense-24-000-btu-hcaseta-4-directii-round-flow-a-scop-6-5-incalzire-pana-la-22-grade\/\",\"name\":\"Aparat aer conditionat tip caseta Goldsense 24 000 BTU\/h,caseta 4 directii Round Flow, A++, SCOP 6.5, Incalzire pana la -22 grade - One Concept\",\"isPartOf\":{\"@id\":\"https:\/\/www.oneconcept.ro\/en\/#website\"},\"primaryImageOfPage\":{\"@id\":\"https:\/\/www.oneconcept.ro\/en\/product\/aparat-aer-conditionat-tip-caseta-goldsense-24-000-btu-hcaseta-4-directii-round-flow-a-scop-6-5-incalzire-pana-la-22-grade\/#primaryimage\"},\"image\":{\"@id\":\"https:\/\/www.oneconcept.ro\/en\/product\/aparat-aer-conditionat-tip-caseta-goldsense-24-000-btu-hcaseta-4-directii-round-flow-a-scop-6-5-incalzire-pana-la-22-grade\/#primaryimage\"},\"thumbnailUrl\":\"https:\/\/www.oneconcept.ro\/wp-content\/uploads\/2025\/05\/Design-fara-titlu-1-1.png\",\"datePublished\":\"2025-05-27T04:24:49+00:00\",\"dateModified\":\"2025-06-25T09:51:04+00:00\",\"breadcrumb\":{\"@id\":\"https:\/\/www.oneconcept.ro\/en\/product\/aparat-aer-conditionat-tip-caseta-goldsense-24-000-btu-hcaseta-4-directii-round-flow-a-scop-6-5-incalzire-pana-la-22-grade\/#breadcrumb\"},\"inLanguage\":\"en-US\",\"potentialAction\":[{\"@type\":\"ReadAction\",\"target\":[\"https:\/\/www.oneconcept.ro\/en\/product\/aparat-aer-conditionat-tip-caseta-goldsense-24-000-btu-hcaseta-4-directii-round-flow-a-scop-6-5-incalzire-pana-la-22-grade\/\"]}]},{\"@type\":\"ImageObject\",\"inLanguage\":\"en-US\",\"@id\":\"https:\/\/www.oneconcept.ro\/en\/product\/aparat-aer-conditionat-tip-caseta-goldsense-24-000-btu-hcaseta-4-directii-round-flow-a-scop-6-5-incalzire-pana-la-22-grade\/#primaryimage\",\"url\":\"https:\/\/www.oneconcept.ro\/wp-content\/uploads\/2025\/05\/Design-fara-titlu-1-1.png\",\"contentUrl\":\"https:\/\/www.oneconcept.ro\/wp-content\/uploads\/2025\/05\/Design-fara-titlu-1-1.png\",\"width\":1080,\"height\":1080},{\"@type\":\"BreadcrumbList\",\"@id\":\"https:\/\/www.oneconcept.ro\/en\/product\/aparat-aer-conditionat-tip-caseta-goldsense-24-000-btu-hcaseta-4-directii-round-flow-a-scop-6-5-incalzire-pana-la-22-grade\/#breadcrumb\",\"itemListElement\":[{\"@type\":\"ListItem\",\"position\":1,\"name\":\"Prima pagin\u0103\",\"item\":\"https:\/\/www.oneconcept.ro\/en\/home\/\"},{\"@type\":\"ListItem\",\"position\":2,\"name\":\"Shop\",\"item\":\"https:\/\/www.oneconcept.ro\/en\/shop-2\/\"},{\"@type\":\"ListItem\",\"position\":3,\"name\":\"Aparat aer conditionat tip caseta Goldsense 24 000 BTU\/h,caseta 4 directii Round Flow, A++, SCOP 6.5, Incalzire pana la -22 grade\"}]},{\"@type\":\"WebSite\",\"@id\":\"https:\/\/www.oneconcept.ro\/en\/#website\",\"url\":\"https:\/\/www.oneconcept.ro\/en\/\",\"name\":\"One Concept\",\"description\":\"\",\"publisher\":{\"@id\":\"https:\/\/www.oneconcept.ro\/en\/#organization\"},\"potentialAction\":[{\"@type\":\"SearchAction\",\"target\":{\"@type\":\"EntryPoint\",\"urlTemplate\":\"https:\/\/www.oneconcept.ro\/en\/?s={search_term_string}\"},\"query-input\":{\"@type\":\"PropertyValueSpecification\",\"valueRequired\":true,\"valueName\":\"search_term_string\"}}],\"inLanguage\":\"en-US\"},{\"@type\":\"Organization\",\"@id\":\"https:\/\/www.oneconcept.ro\/en\/#organization\",\"name\":\"One Concept\",\"url\":\"https:\/\/www.oneconcept.ro\/en\/\",\"logo\":{\"@type\":\"ImageObject\",\"inLanguage\":\"en-US\",\"@id\":\"https:\/\/www.oneconcept.ro\/en\/#\/schema\/logo\/image\/\",\"url\":\"https:\/\/www.oneconcept.ro\/wp-content\/uploads\/2025\/07\/cropped-v1.png\",\"contentUrl\":\"https:\/\/www.oneconcept.ro\/wp-content\/uploads\/2025\/07\/cropped-v1.png\",\"width\":512,\"height\":512,\"caption\":\"One Concept\"},\"image\":{\"@id\":\"https:\/\/www.oneconcept.ro\/en\/#\/schema\/logo\/image\/\"}}]}<\/script>\n<!-- \/ Yoast SEO plugin. -->","yoast_head_json":{"title":"Aparat aer conditionat tip caseta Goldsense 24 000 BTU\/h,caseta 4 directii Round Flow, A++, SCOP 6.5, Incalzire pana la -22 grade - One Concept","robots":{"index":"index","follow":"follow","max-snippet":"max-snippet:-1","max-image-preview":"max-image-preview:large","max-video-preview":"max-video-preview:-1"},"canonical":"https:\/\/www.oneconcept.ro\/en\/product\/aparat-aer-conditionat-tip-caseta-goldsense-24-000-btu-hcaseta-4-directii-round-flow-a-scop-6-5-incalzire-pana-la-22-grade\/","og_locale":"en_US","og_type":"article","og_title":"Aparat aer conditionat tip caseta Goldsense 24 000 BTU\/h,caseta 4 directii Round Flow, A++, SCOP 6.5, Incalzire pana la -22 grade - One Concept","og_description":"Casetele Goldsense silentioase \u0219i eficiente sunt perfecte pentru interioare comerciale cu tavan suspendat precum\u00a0birou, s\u0103li de conferin\u021be, restaurante \u0219i spa\u021bii comerciale.","og_url":"https:\/\/www.oneconcept.ro\/en\/product\/aparat-aer-conditionat-tip-caseta-goldsense-24-000-btu-hcaseta-4-directii-round-flow-a-scop-6-5-incalzire-pana-la-22-grade\/","og_site_name":"One Concept","article_modified_time":"2025-06-25T09:51:04+00:00","og_image":[{"width":1080,"height":1080,"url":"https:\/\/www.oneconcept.ro\/wp-content\/uploads\/2025\/05\/Design-fara-titlu-1-1.png","type":"image\/png"}],"twitter_card":"summary_large_image","twitter_misc":{"Est. reading time":"1 minute"},"schema":{"@context":"https:\/\/schema.org","@graph":[{"@type":"WebPage","@id":"https:\/\/www.oneconcept.ro\/en\/product\/aparat-aer-conditionat-tip-caseta-goldsense-24-000-btu-hcaseta-4-directii-round-flow-a-scop-6-5-incalzire-pana-la-22-grade\/","url":"https:\/\/www.oneconcept.ro\/en\/product\/aparat-aer-conditionat-tip-caseta-goldsense-24-000-btu-hcaseta-4-directii-round-flow-a-scop-6-5-incalzire-pana-la-22-grade\/","name":"Aparat aer conditionat tip caseta Goldsense 24 000 BTU\/h,caseta 4 directii Round Flow, A++, SCOP 6.5, Incalzire pana la -22 grade - One Concept","isPartOf":{"@id":"https:\/\/www.oneconcept.ro\/en\/#website"},"primaryImageOfPage":{"@id":"https:\/\/www.oneconcept.ro\/en\/product\/aparat-aer-conditionat-tip-caseta-goldsense-24-000-btu-hcaseta-4-directii-round-flow-a-scop-6-5-incalzire-pana-la-22-grade\/#primaryimage"},"image":{"@id":"https:\/\/www.oneconcept.ro\/en\/product\/aparat-aer-conditionat-tip-caseta-goldsense-24-000-btu-hcaseta-4-directii-round-flow-a-scop-6-5-incalzire-pana-la-22-grade\/#primaryimage"},"thumbnailUrl":"https:\/\/www.oneconcept.ro\/wp-content\/uploads\/2025\/05\/Design-fara-titlu-1-1.png","datePublished":"2025-05-27T04:24:49+00:00","dateModified":"2025-06-25T09:51:04+00:00","breadcrumb":{"@id":"https:\/\/www.oneconcept.ro\/en\/product\/aparat-aer-conditionat-tip-caseta-goldsense-24-000-btu-hcaseta-4-directii-round-flow-a-scop-6-5-incalzire-pana-la-22-grade\/#breadcrumb"},"inLanguage":"en-US","potentialAction":[{"@type":"ReadAction","target":["https:\/\/www.oneconcept.ro\/en\/product\/aparat-aer-conditionat-tip-caseta-goldsense-24-000-btu-hcaseta-4-directii-round-flow-a-scop-6-5-incalzire-pana-la-22-grade\/"]}]},{"@type":"ImageObject","inLanguage":"en-US","@id":"https:\/\/www.oneconcept.ro\/en\/product\/aparat-aer-conditionat-tip-caseta-goldsense-24-000-btu-hcaseta-4-directii-round-flow-a-scop-6-5-incalzire-pana-la-22-grade\/#primaryimage","url":"https:\/\/www.oneconcept.ro\/wp-content\/uploads\/2025\/05\/Design-fara-titlu-1-1.png","contentUrl":"https:\/\/www.oneconcept.ro\/wp-content\/uploads\/2025\/05\/Design-fara-titlu-1-1.png","width":1080,"height":1080},{"@type":"BreadcrumbList","@id":"https:\/\/www.oneconcept.ro\/en\/product\/aparat-aer-conditionat-tip-caseta-goldsense-24-000-btu-hcaseta-4-directii-round-flow-a-scop-6-5-incalzire-pana-la-22-grade\/#breadcrumb","itemListElement":[{"@type":"ListItem","position":1,"name":"Prima pagin\u0103","item":"https:\/\/www.oneconcept.ro\/en\/home\/"},{"@type":"ListItem","position":2,"name":"Shop","item":"https:\/\/www.oneconcept.ro\/en\/shop-2\/"},{"@type":"ListItem","position":3,"name":"Aparat aer conditionat tip caseta Goldsense 24 000 BTU\/h,caseta 4 directii Round Flow, A++, SCOP 6.5, Incalzire pana la -22 grade"}]},{"@type":"WebSite","@id":"https:\/\/www.oneconcept.ro\/en\/#website","url":"https:\/\/www.oneconcept.ro\/en\/","name":"One Concept","description":"","publisher":{"@id":"https:\/\/www.oneconcept.ro\/en\/#organization"},"potentialAction":[{"@type":"SearchAction","target":{"@type":"EntryPoint","urlTemplate":"https:\/\/www.oneconcept.ro\/en\/?s={search_term_string}"},"query-input":{"@type":"PropertyValueSpecification","valueRequired":true,"valueName":"search_term_string"}}],"inLanguage":"en-US"},{"@type":"Organization","@id":"https:\/\/www.oneconcept.ro\/en\/#organization","name":"One Concept","url":"https:\/\/www.oneconcept.ro\/en\/","logo":{"@type":"ImageObject","inLanguage":"en-US","@id":"https:\/\/www.oneconcept.ro\/en\/#\/schema\/logo\/image\/","url":"https:\/\/www.oneconcept.ro\/wp-content\/uploads\/2025\/07\/cropped-v1.png","contentUrl":"https:\/\/www.oneconcept.ro\/wp-content\/uploads\/2025\/07\/cropped-v1.png","width":512,"height":512,"caption":"One Concept"},"image":{"@id":"https:\/\/www.oneconcept.ro\/en\/#\/schema\/logo\/image\/"}}]}},"_links":{"self":[{"href":"https:\/\/www.oneconcept.ro\/en\/wp-json\/wp\/v2\/product\/2646","targetHints":{"allow":["GET"]}}],"collection":[{"href":"https:\/\/www.oneconcept.ro\/en\/wp-json\/wp\/v2\/product"}],"about":[{"href":"https:\/\/www.oneconcept.ro\/en\/wp-json\/wp\/v2\/types\/product"}],"replies":[{"embeddable":true,"href":"https:\/\/www.oneconcept.ro\/en\/wp-json\/wp\/v2\/comments?post=2646"}],"wp:featuredmedia":[{"embeddable":true,"href":"https:\/\/www.oneconcept.ro\/en\/wp-json\/wp\/v2\/media\/549"}],"wp:attachment":[{"href":"https:\/\/www.oneconcept.ro\/en\/wp-json\/wp\/v2\/media?parent=2646"}],"wp:term":[{"taxonomy":"product_brand","embeddable":true,"href":"https:\/\/www.oneconcept.ro\/en\/wp-json\/wp\/v2\/product_brand?post=2646"},{"taxonomy":"product_cat","embeddable":true,"href":"https:\/\/www.oneconcept.ro\/en\/wp-json\/wp\/v2\/product_cat?post=2646"},{"taxonomy":"product_tag","embeddable":true,"href":"https:\/\/www.oneconcept.ro\/en\/wp-json\/wp\/v2\/product_tag?post=2646"}],"curies":[{"name":"wp","href":"https:\/\/api.w.org\/{rel}","templated":true}]}}