{"id":2643,"date":"2025-05-27T07:24:49","date_gmt":"2025-05-27T04:24:49","guid":{"rendered":"https:\/\/staging.oneconcept.ro\/?post_type=product&#038;p=2643"},"modified":"2025-06-25T12:51:03","modified_gmt":"2025-06-25T09:51:03","slug":"aparat-aer-conditionat-goldsense-aether-pro-18000-btu-h-filtru-carbon-activ-autocuratare-smart-air-flow-i-feel-kit-montaj-inclus-wifi-ready-incalzire-20-grade","status":"publish","type":"product","link":"https:\/\/www.oneconcept.ro\/en\/product\/aparat-aer-conditionat-goldsense-aether-pro-18000-btu-h-filtru-carbon-activ-autocuratare-smart-air-flow-i-feel-kit-montaj-inclus-wifi-ready-incalzire-20-grade\/","title":{"rendered":"Aparat aer conditionat Goldsense Aether Pro 18000 BTU\/h, filtru carbon activ, autocuratare, Smart Air Flow, I Feel, kit montaj inclus, WiFi Ready, incalzire -20 grade"},"content":{"rendered":"<p>Noul model #Goldsense este acum in STOC !<\/p>\n<p>Goldsense Origin, Goldsense Defender, Goldsense ELiTE au avut un impact si un succes extrem de mare, lucru care pe noi nu poate decat sa ne bucure. Impactul avut ne-a determinat sa venim cu ceva mai bun, #Goldsense #Aether #Pro este noul model de gama, el vine cu KIT montaj inclus.<br \/>\nAparatul atinge temperatura dorita intr-un timp foarte scurt de pana la 30 de secunde in modul de racire respectiv 60 de secunte pe modul de incalzire.<br \/>\nTehnologia cutiei de control electrice r\u0103cite cu aer este aplicat\u0103 pentru a r\u0103ci eficient temperatura pieselor electrice din unitatea exterioar\u0103<\/p>\n<p>R\u0103cire turbo<\/p>\n<p>Frecven\u021ba de 100Hz porne\u0219te r\u0103cirea rapid\u0103 p\u00e2n\u0103 la 30 de secunde, creste volumul de aer cu 20%, zgomotul redus cu 1-2 db.<\/p>\n<p>Smart Air Flow<br \/>\nDatorita designului special al flapsului debitul de aer este mai puternic si lung, creandu-se astfel efectul Coanda si sporind confortul utilizatorilor.<\/p>\n<p>Functia de auto curatare se face prin cei 4 pasi ai vaporizatorului la o temperature de 56 grade celsius si reduce altfel cu pana la 93.18% bacteriile si mucegaiurile. Filtrul aparatului este pozitionat in partea de sus ceea ce face curatarea lui mai usoara.<\/p>\n<p>Tratament anti mucegai<br \/>\nDepunerile de mucegaiuri si alte bacterii in tavita de eliminare condens sunt indepartate prin functionarea scurta din timp a turbine unitatii interioare dupa oprirea celorlalte functii ale aparatului. Unitatea interioara ramana uscata si curate.<\/p>\n<p>&nbsp;<\/p>\n<p>Timer \u2013 Po\u021bi programa oprirea\/pornirea aparatului de aer condi\u021bionat folosind intervale de timp de 30 minute , dar nu mai mult de 24 ore. Aceast\u0103 func\u021bie este deosebit de util\u0103 dac\u0103 dore\u0219ti, din diferite motive, ca aparatul s\u0103 se opreasc\u0103 \u00een mod automat dup\u0103 c\u00e2teva ore de func\u021bionare.<\/p>\n<p>Sleeping Mode ( Save Mode ) \u2013 O func\u021bie care \u00ee\u021bi permite , ca pe timpul nop\u021bii, c\u00e2nd orice zgomot este amplificat , s\u0103 beneficiezi at\u00e2t de temperatura dorit\u0103 c\u00e2t \u0219i de un somn lini\u0219tit . Aparatul va func\u021bia la nivel minim cresc\u00e2nd\/sc\u0103z\u00e2nd gradual temperatura dar folosind pentru acest lucru o durat\u0103 de timp mai mare ( 1\u00b0C pe ora ) . Temperatura va fi me\u021binut\u0103 ulterior timp de 8 ore ( dup\u0103 care aparatul de aer conditionat se va opri)\u00a0 sau p\u00e2n\u0103 c\u00e2nd seta\u021bi alt mod de func\u021bionare.<\/p>\n<p>Dezumidificare\/ Antifungic \u2013 Un dezavantaj al vie\u021bii \u00eentr-un climat cu umiditate ridicat\u0103 este c\u0103, \u00een timp, umezeala excesiv\u0103 poate dezvolta mucegai pe \u00eembr\u0103c\u0103minte, mobilier, lenjerie de pat, prosoape sau perdele. \u00cen plus, poate produce daune minore sau grave \u2013 cum ar fi rugina sau coroziunea \u2013 dispozitivelor dvs. electronice sau aparatelor de uz casnic. Asa cum \u0219tim cu to\u021bii, condensarea este procesul prin care vaporii de ap\u0103 din aer sunt transforma\u021bi \u00een ap\u0103 atunci c\u00e2nd sunt trecu\u021bi printr-un mediu rece . Folosind acela\u0219i principiu aparatul de aer conditionat\u00a0 extrage p\u00e2n\u0103 la 1.2 litri ap\u0103\/or\u0103 pe care o evacueaz\u0103 ulterior \u00een afara locuin\u021bei.<\/p>\n<p>Autodiagnosticare \u2013 Aparatul de aer conditionat este abilitat s\u0103 ofere informa\u021bii sub forma unor coduri de eroare atunci c\u00e2nd modul de func\u021bionare este afectat . \u00cen acest mod vei sti, consult\u00e2nd manualul de utilizare , care este motivul defec\u021biunii \u0219i care modalitatea de remediere .<\/p>\n<p>I Feel \u2013 Este o func\u021bie care \u00ee\u021bi transform\u0103 telecomanda \u00een termostat de camer\u0103 . Acesta \u00eencorporeaz\u0103 senzori care m\u0103soar\u0103 \u0219i transmit unit\u0103\u021bii interioare nivelul temperaturii din jurul ei. Aparatul de aer conditionat va furniza aer rece\/cald p\u00e2n\u0103 c\u00e2nd temperatura dorit\u0103 este atins\u0103 dup\u0103 care se va opri. \u00cen acest fel pe l\u00e2ng\u0103 un climat interior perfect vei economisi energie \u0219i implicit bani ( dup\u0103 unele estim\u0103ri costul cu energia electric\u0103 poate sc\u0103dea cu p\u00e2n\u0103 la 25% )<\/p>\n<p>Control WiFi ( op\u021bional \u2013 se achizi\u021bioneaz\u0103 separat ) \u2013 Cu ajutorul unui telefon mobil sau a unei tablete \u0219i a unei conexiuni wi-fi pute\u021bi controla aparatul de aer conditionat de oriunde v\u0103 afla\u021bi . Aplica\u021bia dedicat\u0103 Gree+ APP v\u0103 permite s\u0103 porni\u021bi\/opri\u021bi sau seta o anumit\u0103 temperatur\u0103 astfel \u00eenc\u00e2t, atunci cand ajunge\u021bi acas\u0103 s\u0103 beneficia\u021bi de confortul termic binemeritat.<\/p>\n<p>#Goldsense #Aether #Pro este disponibil la noi in stoc in variantele de 9000 BTU\/h, 12000 BTU\/h, 18000 BTU\/h respectiv 24000 BTU\/h !<\/p>\n<p><img fetchpriority=\"high\" decoding=\"async\" class=\"aligncenter wp-image-2984 size-large\" src=\"https:\/\/www.oneconcept.ro\/wp-content\/uploads\/2023\/09\/Design-fara-titlu-4-1024x1024.png\" alt=\"\" width=\"1024\" height=\"1024\" \/><\/p>\n","protected":false},"excerpt":{"rendered":"<p>Noul model #Goldsense este acum in STOC !<\/p>\n<p>Goldsense Origin, Goldsense Defender, Goldsense ELiTE au avut un impact si un succes extrem de mare, lucru care pe noi nu poate decat sa ne bucure.<\/p>\n","protected":false},"featured_media":514,"comment_status":"closed","ping_status":"closed","template":"","meta":{"_acf_changed":false},"product_brand":[512],"product_cat":[461,462],"product_tag":[495,493,496,497],"class_list":{"0":"post-2643","1":"product","2":"type-product","3":"status-publish","4":"has-post-thumbnail","6":"product_brand-goldsense","7":"product_cat-rezidential-single-solutia-ideala-pentru-spatii-mic","8":"product_cat-splituri-de-perete","9":"product_tag-12000-btu","10":"product_tag-18000-btu","11":"product_tag-24000-btu","12":"product_tag-9000-btu","14":"first","15":"outofstock","16":"taxable","17":"shipping-taxable","18":"purchasable","19":"product-type-simple"},"acf":[],"yoast_head":"<!-- This site is optimized with the Yoast SEO plugin v27.1 - https:\/\/yoast.com\/product\/yoast-seo-wordpress\/ -->\n<title>Aparat aer conditionat Goldsense Aether Pro 18000 BTU\/h, filtru carbon activ, autocuratare, Smart Air Flow, I Feel, kit montaj inclus, WiFi Ready, incalzire -20 grade - One Concept<\/title>\n<meta name=\"robots\" content=\"index, follow, max-snippet:-1, max-image-preview:large, max-video-preview:-1\" \/>\n<link rel=\"canonical\" href=\"https:\/\/www.oneconcept.ro\/en\/product\/aparat-aer-conditionat-goldsense-aether-pro-18000-btu-h-filtru-carbon-activ-autocuratare-smart-air-flow-i-feel-kit-montaj-inclus-wifi-ready-incalzire-20-grade\/\" \/>\n<meta property=\"og:locale\" content=\"en_US\" \/>\n<meta property=\"og:type\" content=\"article\" \/>\n<meta property=\"og:title\" content=\"Aparat aer conditionat Goldsense Aether Pro 18000 BTU\/h, filtru carbon activ, autocuratare, Smart Air Flow, I Feel, kit montaj inclus, WiFi Ready, incalzire -20 grade - One Concept\" \/>\n<meta property=\"og:description\" content=\"Noul model #Goldsense este acum in STOC !  Goldsense Origin, Goldsense Defender, Goldsense ELiTE au avut un impact si un succes extrem de mare, lucru care pe noi nu poate decat sa ne bucure.\" \/>\n<meta property=\"og:url\" content=\"https:\/\/www.oneconcept.ro\/en\/product\/aparat-aer-conditionat-goldsense-aether-pro-18000-btu-h-filtru-carbon-activ-autocuratare-smart-air-flow-i-feel-kit-montaj-inclus-wifi-ready-incalzire-20-grade\/\" \/>\n<meta property=\"og:site_name\" content=\"One Concept\" \/>\n<meta property=\"article:modified_time\" content=\"2025-06-25T09:51:03+00:00\" \/>\n<meta property=\"og:image\" content=\"https:\/\/www.oneconcept.ro\/wp-content\/uploads\/2025\/05\/Design-fara-titlu-4.png\" \/>\n\t<meta property=\"og:image:width\" content=\"1080\" \/>\n\t<meta property=\"og:image:height\" content=\"1080\" \/>\n\t<meta property=\"og:image:type\" content=\"image\/png\" \/>\n<meta name=\"twitter:card\" content=\"summary_large_image\" \/>\n<meta name=\"twitter:label1\" content=\"Est. reading time\" \/>\n\t<meta name=\"twitter:data1\" content=\"4 minutes\" \/>\n<script type=\"application\/ld+json\" class=\"yoast-schema-graph\">{\"@context\":\"https:\/\/schema.org\",\"@graph\":[{\"@type\":\"WebPage\",\"@id\":\"https:\/\/www.oneconcept.ro\/en\/product\/aparat-aer-conditionat-goldsense-aether-pro-18000-btu-h-filtru-carbon-activ-autocuratare-smart-air-flow-i-feel-kit-montaj-inclus-wifi-ready-incalzire-20-grade\/\",\"url\":\"https:\/\/www.oneconcept.ro\/en\/product\/aparat-aer-conditionat-goldsense-aether-pro-18000-btu-h-filtru-carbon-activ-autocuratare-smart-air-flow-i-feel-kit-montaj-inclus-wifi-ready-incalzire-20-grade\/\",\"name\":\"Aparat aer conditionat Goldsense Aether Pro 18000 BTU\/h, filtru carbon activ, autocuratare, Smart Air Flow, I Feel, kit montaj inclus, WiFi Ready, incalzire -20 grade - One Concept\",\"isPartOf\":{\"@id\":\"https:\/\/www.oneconcept.ro\/en\/#website\"},\"primaryImageOfPage\":{\"@id\":\"https:\/\/www.oneconcept.ro\/en\/product\/aparat-aer-conditionat-goldsense-aether-pro-18000-btu-h-filtru-carbon-activ-autocuratare-smart-air-flow-i-feel-kit-montaj-inclus-wifi-ready-incalzire-20-grade\/#primaryimage\"},\"image\":{\"@id\":\"https:\/\/www.oneconcept.ro\/en\/product\/aparat-aer-conditionat-goldsense-aether-pro-18000-btu-h-filtru-carbon-activ-autocuratare-smart-air-flow-i-feel-kit-montaj-inclus-wifi-ready-incalzire-20-grade\/#primaryimage\"},\"thumbnailUrl\":\"https:\/\/www.oneconcept.ro\/wp-content\/uploads\/2025\/05\/Design-fara-titlu-4.png\",\"datePublished\":\"2025-05-27T04:24:49+00:00\",\"dateModified\":\"2025-06-25T09:51:03+00:00\",\"breadcrumb\":{\"@id\":\"https:\/\/www.oneconcept.ro\/en\/product\/aparat-aer-conditionat-goldsense-aether-pro-18000-btu-h-filtru-carbon-activ-autocuratare-smart-air-flow-i-feel-kit-montaj-inclus-wifi-ready-incalzire-20-grade\/#breadcrumb\"},\"inLanguage\":\"en-US\",\"potentialAction\":[{\"@type\":\"ReadAction\",\"target\":[\"https:\/\/www.oneconcept.ro\/en\/product\/aparat-aer-conditionat-goldsense-aether-pro-18000-btu-h-filtru-carbon-activ-autocuratare-smart-air-flow-i-feel-kit-montaj-inclus-wifi-ready-incalzire-20-grade\/\"]}]},{\"@type\":\"ImageObject\",\"inLanguage\":\"en-US\",\"@id\":\"https:\/\/www.oneconcept.ro\/en\/product\/aparat-aer-conditionat-goldsense-aether-pro-18000-btu-h-filtru-carbon-activ-autocuratare-smart-air-flow-i-feel-kit-montaj-inclus-wifi-ready-incalzire-20-grade\/#primaryimage\",\"url\":\"https:\/\/www.oneconcept.ro\/wp-content\/uploads\/2025\/05\/Design-fara-titlu-4.png\",\"contentUrl\":\"https:\/\/www.oneconcept.ro\/wp-content\/uploads\/2025\/05\/Design-fara-titlu-4.png\",\"width\":1080,\"height\":1080},{\"@type\":\"BreadcrumbList\",\"@id\":\"https:\/\/www.oneconcept.ro\/en\/product\/aparat-aer-conditionat-goldsense-aether-pro-18000-btu-h-filtru-carbon-activ-autocuratare-smart-air-flow-i-feel-kit-montaj-inclus-wifi-ready-incalzire-20-grade\/#breadcrumb\",\"itemListElement\":[{\"@type\":\"ListItem\",\"position\":1,\"name\":\"Prima pagin\u0103\",\"item\":\"https:\/\/www.oneconcept.ro\/en\/home\/\"},{\"@type\":\"ListItem\",\"position\":2,\"name\":\"Shop\",\"item\":\"https:\/\/www.oneconcept.ro\/en\/shop-2\/\"},{\"@type\":\"ListItem\",\"position\":3,\"name\":\"Aparat aer conditionat Goldsense Aether Pro 18000 BTU\/h, filtru carbon activ, autocuratare, Smart Air Flow, I Feel, kit montaj inclus, WiFi Ready, incalzire -20 grade\"}]},{\"@type\":\"WebSite\",\"@id\":\"https:\/\/www.oneconcept.ro\/en\/#website\",\"url\":\"https:\/\/www.oneconcept.ro\/en\/\",\"name\":\"One Concept\",\"description\":\"\",\"publisher\":{\"@id\":\"https:\/\/www.oneconcept.ro\/en\/#organization\"},\"potentialAction\":[{\"@type\":\"SearchAction\",\"target\":{\"@type\":\"EntryPoint\",\"urlTemplate\":\"https:\/\/www.oneconcept.ro\/en\/?s={search_term_string}\"},\"query-input\":{\"@type\":\"PropertyValueSpecification\",\"valueRequired\":true,\"valueName\":\"search_term_string\"}}],\"inLanguage\":\"en-US\"},{\"@type\":\"Organization\",\"@id\":\"https:\/\/www.oneconcept.ro\/en\/#organization\",\"name\":\"One Concept\",\"url\":\"https:\/\/www.oneconcept.ro\/en\/\",\"logo\":{\"@type\":\"ImageObject\",\"inLanguage\":\"en-US\",\"@id\":\"https:\/\/www.oneconcept.ro\/en\/#\/schema\/logo\/image\/\",\"url\":\"https:\/\/www.oneconcept.ro\/wp-content\/uploads\/2025\/07\/cropped-v1.png\",\"contentUrl\":\"https:\/\/www.oneconcept.ro\/wp-content\/uploads\/2025\/07\/cropped-v1.png\",\"width\":512,\"height\":512,\"caption\":\"One Concept\"},\"image\":{\"@id\":\"https:\/\/www.oneconcept.ro\/en\/#\/schema\/logo\/image\/\"}}]}<\/script>\n<!-- \/ Yoast SEO plugin. -->","yoast_head_json":{"title":"Aparat aer conditionat Goldsense Aether Pro 18000 BTU\/h, filtru carbon activ, autocuratare, Smart Air Flow, I Feel, kit montaj inclus, WiFi Ready, incalzire -20 grade - One Concept","robots":{"index":"index","follow":"follow","max-snippet":"max-snippet:-1","max-image-preview":"max-image-preview:large","max-video-preview":"max-video-preview:-1"},"canonical":"https:\/\/www.oneconcept.ro\/en\/product\/aparat-aer-conditionat-goldsense-aether-pro-18000-btu-h-filtru-carbon-activ-autocuratare-smart-air-flow-i-feel-kit-montaj-inclus-wifi-ready-incalzire-20-grade\/","og_locale":"en_US","og_type":"article","og_title":"Aparat aer conditionat Goldsense Aether Pro 18000 BTU\/h, filtru carbon activ, autocuratare, Smart Air Flow, I Feel, kit montaj inclus, WiFi Ready, incalzire -20 grade - One Concept","og_description":"Noul model #Goldsense este acum in STOC !  Goldsense Origin, Goldsense Defender, Goldsense ELiTE au avut un impact si un succes extrem de mare, lucru care pe noi nu poate decat sa ne bucure.","og_url":"https:\/\/www.oneconcept.ro\/en\/product\/aparat-aer-conditionat-goldsense-aether-pro-18000-btu-h-filtru-carbon-activ-autocuratare-smart-air-flow-i-feel-kit-montaj-inclus-wifi-ready-incalzire-20-grade\/","og_site_name":"One Concept","article_modified_time":"2025-06-25T09:51:03+00:00","og_image":[{"width":1080,"height":1080,"url":"https:\/\/www.oneconcept.ro\/wp-content\/uploads\/2025\/05\/Design-fara-titlu-4.png","type":"image\/png"}],"twitter_card":"summary_large_image","twitter_misc":{"Est. reading time":"4 minutes"},"schema":{"@context":"https:\/\/schema.org","@graph":[{"@type":"WebPage","@id":"https:\/\/www.oneconcept.ro\/en\/product\/aparat-aer-conditionat-goldsense-aether-pro-18000-btu-h-filtru-carbon-activ-autocuratare-smart-air-flow-i-feel-kit-montaj-inclus-wifi-ready-incalzire-20-grade\/","url":"https:\/\/www.oneconcept.ro\/en\/product\/aparat-aer-conditionat-goldsense-aether-pro-18000-btu-h-filtru-carbon-activ-autocuratare-smart-air-flow-i-feel-kit-montaj-inclus-wifi-ready-incalzire-20-grade\/","name":"Aparat aer conditionat Goldsense Aether Pro 18000 BTU\/h, filtru carbon activ, autocuratare, Smart Air Flow, I Feel, kit montaj inclus, WiFi Ready, incalzire -20 grade - One Concept","isPartOf":{"@id":"https:\/\/www.oneconcept.ro\/en\/#website"},"primaryImageOfPage":{"@id":"https:\/\/www.oneconcept.ro\/en\/product\/aparat-aer-conditionat-goldsense-aether-pro-18000-btu-h-filtru-carbon-activ-autocuratare-smart-air-flow-i-feel-kit-montaj-inclus-wifi-ready-incalzire-20-grade\/#primaryimage"},"image":{"@id":"https:\/\/www.oneconcept.ro\/en\/product\/aparat-aer-conditionat-goldsense-aether-pro-18000-btu-h-filtru-carbon-activ-autocuratare-smart-air-flow-i-feel-kit-montaj-inclus-wifi-ready-incalzire-20-grade\/#primaryimage"},"thumbnailUrl":"https:\/\/www.oneconcept.ro\/wp-content\/uploads\/2025\/05\/Design-fara-titlu-4.png","datePublished":"2025-05-27T04:24:49+00:00","dateModified":"2025-06-25T09:51:03+00:00","breadcrumb":{"@id":"https:\/\/www.oneconcept.ro\/en\/product\/aparat-aer-conditionat-goldsense-aether-pro-18000-btu-h-filtru-carbon-activ-autocuratare-smart-air-flow-i-feel-kit-montaj-inclus-wifi-ready-incalzire-20-grade\/#breadcrumb"},"inLanguage":"en-US","potentialAction":[{"@type":"ReadAction","target":["https:\/\/www.oneconcept.ro\/en\/product\/aparat-aer-conditionat-goldsense-aether-pro-18000-btu-h-filtru-carbon-activ-autocuratare-smart-air-flow-i-feel-kit-montaj-inclus-wifi-ready-incalzire-20-grade\/"]}]},{"@type":"ImageObject","inLanguage":"en-US","@id":"https:\/\/www.oneconcept.ro\/en\/product\/aparat-aer-conditionat-goldsense-aether-pro-18000-btu-h-filtru-carbon-activ-autocuratare-smart-air-flow-i-feel-kit-montaj-inclus-wifi-ready-incalzire-20-grade\/#primaryimage","url":"https:\/\/www.oneconcept.ro\/wp-content\/uploads\/2025\/05\/Design-fara-titlu-4.png","contentUrl":"https:\/\/www.oneconcept.ro\/wp-content\/uploads\/2025\/05\/Design-fara-titlu-4.png","width":1080,"height":1080},{"@type":"BreadcrumbList","@id":"https:\/\/www.oneconcept.ro\/en\/product\/aparat-aer-conditionat-goldsense-aether-pro-18000-btu-h-filtru-carbon-activ-autocuratare-smart-air-flow-i-feel-kit-montaj-inclus-wifi-ready-incalzire-20-grade\/#breadcrumb","itemListElement":[{"@type":"ListItem","position":1,"name":"Prima pagin\u0103","item":"https:\/\/www.oneconcept.ro\/en\/home\/"},{"@type":"ListItem","position":2,"name":"Shop","item":"https:\/\/www.oneconcept.ro\/en\/shop-2\/"},{"@type":"ListItem","position":3,"name":"Aparat aer conditionat Goldsense Aether Pro 18000 BTU\/h, filtru carbon activ, autocuratare, Smart Air Flow, I Feel, kit montaj inclus, WiFi Ready, incalzire -20 grade"}]},{"@type":"WebSite","@id":"https:\/\/www.oneconcept.ro\/en\/#website","url":"https:\/\/www.oneconcept.ro\/en\/","name":"One Concept","description":"","publisher":{"@id":"https:\/\/www.oneconcept.ro\/en\/#organization"},"potentialAction":[{"@type":"SearchAction","target":{"@type":"EntryPoint","urlTemplate":"https:\/\/www.oneconcept.ro\/en\/?s={search_term_string}"},"query-input":{"@type":"PropertyValueSpecification","valueRequired":true,"valueName":"search_term_string"}}],"inLanguage":"en-US"},{"@type":"Organization","@id":"https:\/\/www.oneconcept.ro\/en\/#organization","name":"One Concept","url":"https:\/\/www.oneconcept.ro\/en\/","logo":{"@type":"ImageObject","inLanguage":"en-US","@id":"https:\/\/www.oneconcept.ro\/en\/#\/schema\/logo\/image\/","url":"https:\/\/www.oneconcept.ro\/wp-content\/uploads\/2025\/07\/cropped-v1.png","contentUrl":"https:\/\/www.oneconcept.ro\/wp-content\/uploads\/2025\/07\/cropped-v1.png","width":512,"height":512,"caption":"One Concept"},"image":{"@id":"https:\/\/www.oneconcept.ro\/en\/#\/schema\/logo\/image\/"}}]}},"_links":{"self":[{"href":"https:\/\/www.oneconcept.ro\/en\/wp-json\/wp\/v2\/product\/2643","targetHints":{"allow":["GET"]}}],"collection":[{"href":"https:\/\/www.oneconcept.ro\/en\/wp-json\/wp\/v2\/product"}],"about":[{"href":"https:\/\/www.oneconcept.ro\/en\/wp-json\/wp\/v2\/types\/product"}],"replies":[{"embeddable":true,"href":"https:\/\/www.oneconcept.ro\/en\/wp-json\/wp\/v2\/comments?post=2643"}],"wp:featuredmedia":[{"embeddable":true,"href":"https:\/\/www.oneconcept.ro\/en\/wp-json\/wp\/v2\/media\/514"}],"wp:attachment":[{"href":"https:\/\/www.oneconcept.ro\/en\/wp-json\/wp\/v2\/media?parent=2643"}],"wp:term":[{"taxonomy":"product_brand","embeddable":true,"href":"https:\/\/www.oneconcept.ro\/en\/wp-json\/wp\/v2\/product_brand?post=2643"},{"taxonomy":"product_cat","embeddable":true,"href":"https:\/\/www.oneconcept.ro\/en\/wp-json\/wp\/v2\/product_cat?post=2643"},{"taxonomy":"product_tag","embeddable":true,"href":"https:\/\/www.oneconcept.ro\/en\/wp-json\/wp\/v2\/product_tag?post=2643"}],"curies":[{"name":"wp","href":"https:\/\/api.w.org\/{rel}","templated":true}]}}