{"id":2627,"date":"2025-05-27T07:24:46","date_gmt":"2025-05-27T04:24:46","guid":{"rendered":"https:\/\/staging.oneconcept.ro\/?post_type=product&#038;p=2627"},"modified":"2025-06-25T12:51:02","modified_gmt":"2025-06-25T09:51:02","slug":"pompa-de-caldura-aer-apa-hitachi-yutaki-s-putere-de-24-kw-lichid-r410a-alimentare-trifazata-clasa-a","status":"publish","type":"product","link":"https:\/\/www.oneconcept.ro\/en\/product\/pompa-de-caldura-aer-apa-hitachi-yutaki-s-putere-de-24-kw-lichid-r410a-alimentare-trifazata-clasa-a\/","title":{"rendered":"Pompa de caldura Aer-Apa Hitachi Yutaki S, putere de 24 kW, lichid R410A, alimentare trifazata, clasa A++"},"content":{"rendered":"<p>Pomp\u0103 de c\u0103ldur\u0103 aer-ap\u0103 de tip split cea mai bun\u0103 solu\u021bie pentru inc\u0103lzire, r\u0103cire \u0219i ap\u0103 cald\u0103 menajer\u0103 !\u00a0Descoperi\u021bi noua genera\u021bie de pompe de c\u0103ldur\u0103 Yutaki S. Cu noul lor design, performan\u021be ridicate \u0219i cele mai bune comenzi, este solu\u021bia perfect\u0103 pentru toate proiectele dumneavoastra !<\/p>\n<p><strong>Pompa de c\u0103ldur\u0103 aer-ap\u0103<\/strong><\/p>\n<p>Solu\u021bie de energie regenerabil\u0103.<\/p>\n<p>Folosind energie regenerabil\u0103 precum aerul, pompele de c\u0103ldur\u0103 Hitachi Yutaki aer-ap\u0103 genereaz\u0103 economii mari de energie avand un impact redus asupra mediului inconjur\u0103tor. Produsele noastre reprezint\u0103 cel mai bun sprijin pentru sustenabilitate \u0219i contribuie direct la un viitor durabil, cu emisii reduse de carbon. Fiind unele dintre cele mai bune sisteme de inc\u0103lzire potrivite pentru toate tipurile de case, pompele de c\u0103ldur\u0103 aer-ap\u0103 pot genera o cantitate important\u0103 de energie absorbind o cantitate minim\u0103 de curent electric.<\/p>\n<p><img decoding=\"async\" src=\"https:\/\/marketplace-static.emag.ro\/resources\/000\/029\/603\/006\/29603006.png\" alt=\"\" \/><\/p>\n<p><img decoding=\"async\" src=\"https:\/\/marketplace-static.emag.ro\/resources\/000\/029\/603\/008\/29603008.png\" alt=\"\" \/><\/p>\n<p><img decoding=\"async\" src=\"https:\/\/marketplace-static.emag.ro\/resources\/000\/029\/603\/010\/29603010.png\" alt=\"\" \/><\/p>\n<p><img decoding=\"async\" src=\"https:\/\/marketplace-static.emag.ro\/resources\/000\/029\/603\/012\/29603012.png\" alt=\"\" \/><\/p>\n<p><img decoding=\"async\" src=\"https:\/\/marketplace-static.emag.ro\/resources\/000\/029\/603\/013\/29603013.png\" alt=\"\" \/><\/p>\n<p><img decoding=\"async\" src=\"https:\/\/marketplace-static.emag.ro\/resources\/000\/029\/603\/014\/29603014.png\" alt=\"\" \/><\/p>\n","protected":false},"excerpt":{"rendered":"<p>Pomp\u0103 de c\u0103ldur\u0103 aer-ap\u0103 de tip split cea mai bun\u0103 solu\u021bie pentru inc\u0103lzire, r\u0103cire \u0219i ap\u0103 cald\u0103 menajer\u0103 !\u00a0Descoperi\u021bi noua genera\u021bie de pompe de c\u0103ldur\u0103 Yutaki S.<\/p>\n","protected":false},"featured_media":451,"comment_status":"closed","ping_status":"closed","template":"","meta":{"_acf_changed":false},"product_brand":[514],"product_cat":[482,484],"product_tag":[523,517],"class_list":{"0":"post-2627","1":"product","2":"type-product","3":"status-publish","4":"has-post-thumbnail","6":"product_brand-hitachi","7":"product_cat-pompe-de-caldura-aer-apa","8":"product_cat-pompe-de-caldura-tip-split","9":"product_tag-81900-btu","10":"product_tag-nan","12":"first","13":"instock","14":"taxable","15":"shipping-taxable","16":"purchasable","17":"product-type-simple"},"acf":[],"yoast_head":"<!-- This site is optimized with the Yoast SEO plugin v27.1 - https:\/\/yoast.com\/product\/yoast-seo-wordpress\/ -->\n<title>Pompa de caldura Aer-Apa Hitachi Yutaki S, putere de 24 kW, lichid R410A, alimentare trifazata, clasa A++ - One Concept<\/title>\n<meta name=\"robots\" content=\"index, follow, max-snippet:-1, max-image-preview:large, max-video-preview:-1\" \/>\n<link rel=\"canonical\" href=\"https:\/\/www.oneconcept.ro\/en\/product\/pompa-de-caldura-aer-apa-hitachi-yutaki-s-putere-de-24-kw-lichid-r410a-alimentare-trifazata-clasa-a\/\" \/>\n<meta property=\"og:locale\" content=\"en_US\" \/>\n<meta property=\"og:type\" content=\"article\" \/>\n<meta property=\"og:title\" content=\"Pompa de caldura Aer-Apa Hitachi Yutaki S, putere de 24 kW, lichid R410A, alimentare trifazata, clasa A++ - One Concept\" \/>\n<meta property=\"og:description\" content=\"Pomp\u0103 de c\u0103ldur\u0103 aer-ap\u0103 de tip split cea mai bun\u0103 solu\u021bie pentru inc\u0103lzire, r\u0103cire \u0219i ap\u0103 cald\u0103 menajer\u0103 !\u00a0Descoperi\u021bi noua genera\u021bie de pompe de c\u0103ldur\u0103 Yutaki S.\" \/>\n<meta property=\"og:url\" content=\"https:\/\/www.oneconcept.ro\/en\/product\/pompa-de-caldura-aer-apa-hitachi-yutaki-s-putere-de-24-kw-lichid-r410a-alimentare-trifazata-clasa-a\/\" \/>\n<meta property=\"og:site_name\" content=\"One Concept\" \/>\n<meta property=\"article:modified_time\" content=\"2025-06-25T09:51:02+00:00\" \/>\n<meta property=\"og:image\" content=\"https:\/\/www.oneconcept.ro\/wp-content\/uploads\/2025\/05\/30539875.png\" \/>\n\t<meta property=\"og:image:width\" content=\"1080\" \/>\n\t<meta property=\"og:image:height\" content=\"1080\" \/>\n\t<meta property=\"og:image:type\" content=\"image\/png\" \/>\n<meta name=\"twitter:card\" content=\"summary_large_image\" \/>\n<meta name=\"twitter:label1\" content=\"Est. reading time\" \/>\n\t<meta name=\"twitter:data1\" content=\"1 minute\" \/>\n<script type=\"application\/ld+json\" class=\"yoast-schema-graph\">{\"@context\":\"https:\/\/schema.org\",\"@graph\":[{\"@type\":\"WebPage\",\"@id\":\"https:\/\/www.oneconcept.ro\/en\/product\/pompa-de-caldura-aer-apa-hitachi-yutaki-s-putere-de-24-kw-lichid-r410a-alimentare-trifazata-clasa-a\/\",\"url\":\"https:\/\/www.oneconcept.ro\/en\/product\/pompa-de-caldura-aer-apa-hitachi-yutaki-s-putere-de-24-kw-lichid-r410a-alimentare-trifazata-clasa-a\/\",\"name\":\"Pompa de caldura Aer-Apa Hitachi Yutaki S, putere de 24 kW, lichid R410A, alimentare trifazata, clasa A++ - One Concept\",\"isPartOf\":{\"@id\":\"https:\/\/www.oneconcept.ro\/en\/#website\"},\"primaryImageOfPage\":{\"@id\":\"https:\/\/www.oneconcept.ro\/en\/product\/pompa-de-caldura-aer-apa-hitachi-yutaki-s-putere-de-24-kw-lichid-r410a-alimentare-trifazata-clasa-a\/#primaryimage\"},\"image\":{\"@id\":\"https:\/\/www.oneconcept.ro\/en\/product\/pompa-de-caldura-aer-apa-hitachi-yutaki-s-putere-de-24-kw-lichid-r410a-alimentare-trifazata-clasa-a\/#primaryimage\"},\"thumbnailUrl\":\"https:\/\/www.oneconcept.ro\/wp-content\/uploads\/2025\/05\/30539875.png\",\"datePublished\":\"2025-05-27T04:24:46+00:00\",\"dateModified\":\"2025-06-25T09:51:02+00:00\",\"breadcrumb\":{\"@id\":\"https:\/\/www.oneconcept.ro\/en\/product\/pompa-de-caldura-aer-apa-hitachi-yutaki-s-putere-de-24-kw-lichid-r410a-alimentare-trifazata-clasa-a\/#breadcrumb\"},\"inLanguage\":\"en-US\",\"potentialAction\":[{\"@type\":\"ReadAction\",\"target\":[\"https:\/\/www.oneconcept.ro\/en\/product\/pompa-de-caldura-aer-apa-hitachi-yutaki-s-putere-de-24-kw-lichid-r410a-alimentare-trifazata-clasa-a\/\"]}]},{\"@type\":\"ImageObject\",\"inLanguage\":\"en-US\",\"@id\":\"https:\/\/www.oneconcept.ro\/en\/product\/pompa-de-caldura-aer-apa-hitachi-yutaki-s-putere-de-24-kw-lichid-r410a-alimentare-trifazata-clasa-a\/#primaryimage\",\"url\":\"https:\/\/www.oneconcept.ro\/wp-content\/uploads\/2025\/05\/30539875.png\",\"contentUrl\":\"https:\/\/www.oneconcept.ro\/wp-content\/uploads\/2025\/05\/30539875.png\",\"width\":1080,\"height\":1080},{\"@type\":\"BreadcrumbList\",\"@id\":\"https:\/\/www.oneconcept.ro\/en\/product\/pompa-de-caldura-aer-apa-hitachi-yutaki-s-putere-de-24-kw-lichid-r410a-alimentare-trifazata-clasa-a\/#breadcrumb\",\"itemListElement\":[{\"@type\":\"ListItem\",\"position\":1,\"name\":\"Prima pagin\u0103\",\"item\":\"https:\/\/www.oneconcept.ro\/en\/home\/\"},{\"@type\":\"ListItem\",\"position\":2,\"name\":\"Shop\",\"item\":\"https:\/\/www.oneconcept.ro\/en\/shop-2\/\"},{\"@type\":\"ListItem\",\"position\":3,\"name\":\"Pompa de caldura Aer-Apa Hitachi Yutaki S, putere de 24 kW, lichid R410A, alimentare trifazata, clasa A++\"}]},{\"@type\":\"WebSite\",\"@id\":\"https:\/\/www.oneconcept.ro\/en\/#website\",\"url\":\"https:\/\/www.oneconcept.ro\/en\/\",\"name\":\"One Concept\",\"description\":\"\",\"publisher\":{\"@id\":\"https:\/\/www.oneconcept.ro\/en\/#organization\"},\"potentialAction\":[{\"@type\":\"SearchAction\",\"target\":{\"@type\":\"EntryPoint\",\"urlTemplate\":\"https:\/\/www.oneconcept.ro\/en\/?s={search_term_string}\"},\"query-input\":{\"@type\":\"PropertyValueSpecification\",\"valueRequired\":true,\"valueName\":\"search_term_string\"}}],\"inLanguage\":\"en-US\"},{\"@type\":\"Organization\",\"@id\":\"https:\/\/www.oneconcept.ro\/en\/#organization\",\"name\":\"One Concept\",\"url\":\"https:\/\/www.oneconcept.ro\/en\/\",\"logo\":{\"@type\":\"ImageObject\",\"inLanguage\":\"en-US\",\"@id\":\"https:\/\/www.oneconcept.ro\/en\/#\/schema\/logo\/image\/\",\"url\":\"https:\/\/www.oneconcept.ro\/wp-content\/uploads\/2025\/07\/cropped-v1.png\",\"contentUrl\":\"https:\/\/www.oneconcept.ro\/wp-content\/uploads\/2025\/07\/cropped-v1.png\",\"width\":512,\"height\":512,\"caption\":\"One Concept\"},\"image\":{\"@id\":\"https:\/\/www.oneconcept.ro\/en\/#\/schema\/logo\/image\/\"}}]}<\/script>\n<!-- \/ Yoast SEO plugin. -->","yoast_head_json":{"title":"Pompa de caldura Aer-Apa Hitachi Yutaki S, putere de 24 kW, lichid R410A, alimentare trifazata, clasa A++ - One Concept","robots":{"index":"index","follow":"follow","max-snippet":"max-snippet:-1","max-image-preview":"max-image-preview:large","max-video-preview":"max-video-preview:-1"},"canonical":"https:\/\/www.oneconcept.ro\/en\/product\/pompa-de-caldura-aer-apa-hitachi-yutaki-s-putere-de-24-kw-lichid-r410a-alimentare-trifazata-clasa-a\/","og_locale":"en_US","og_type":"article","og_title":"Pompa de caldura Aer-Apa Hitachi Yutaki S, putere de 24 kW, lichid R410A, alimentare trifazata, clasa A++ - One Concept","og_description":"Pomp\u0103 de c\u0103ldur\u0103 aer-ap\u0103 de tip split cea mai bun\u0103 solu\u021bie pentru inc\u0103lzire, r\u0103cire \u0219i ap\u0103 cald\u0103 menajer\u0103 !\u00a0Descoperi\u021bi noua genera\u021bie de pompe de c\u0103ldur\u0103 Yutaki S.","og_url":"https:\/\/www.oneconcept.ro\/en\/product\/pompa-de-caldura-aer-apa-hitachi-yutaki-s-putere-de-24-kw-lichid-r410a-alimentare-trifazata-clasa-a\/","og_site_name":"One Concept","article_modified_time":"2025-06-25T09:51:02+00:00","og_image":[{"width":1080,"height":1080,"url":"https:\/\/www.oneconcept.ro\/wp-content\/uploads\/2025\/05\/30539875.png","type":"image\/png"}],"twitter_card":"summary_large_image","twitter_misc":{"Est. reading time":"1 minute"},"schema":{"@context":"https:\/\/schema.org","@graph":[{"@type":"WebPage","@id":"https:\/\/www.oneconcept.ro\/en\/product\/pompa-de-caldura-aer-apa-hitachi-yutaki-s-putere-de-24-kw-lichid-r410a-alimentare-trifazata-clasa-a\/","url":"https:\/\/www.oneconcept.ro\/en\/product\/pompa-de-caldura-aer-apa-hitachi-yutaki-s-putere-de-24-kw-lichid-r410a-alimentare-trifazata-clasa-a\/","name":"Pompa de caldura Aer-Apa Hitachi Yutaki S, putere de 24 kW, lichid R410A, alimentare trifazata, clasa A++ - One Concept","isPartOf":{"@id":"https:\/\/www.oneconcept.ro\/en\/#website"},"primaryImageOfPage":{"@id":"https:\/\/www.oneconcept.ro\/en\/product\/pompa-de-caldura-aer-apa-hitachi-yutaki-s-putere-de-24-kw-lichid-r410a-alimentare-trifazata-clasa-a\/#primaryimage"},"image":{"@id":"https:\/\/www.oneconcept.ro\/en\/product\/pompa-de-caldura-aer-apa-hitachi-yutaki-s-putere-de-24-kw-lichid-r410a-alimentare-trifazata-clasa-a\/#primaryimage"},"thumbnailUrl":"https:\/\/www.oneconcept.ro\/wp-content\/uploads\/2025\/05\/30539875.png","datePublished":"2025-05-27T04:24:46+00:00","dateModified":"2025-06-25T09:51:02+00:00","breadcrumb":{"@id":"https:\/\/www.oneconcept.ro\/en\/product\/pompa-de-caldura-aer-apa-hitachi-yutaki-s-putere-de-24-kw-lichid-r410a-alimentare-trifazata-clasa-a\/#breadcrumb"},"inLanguage":"en-US","potentialAction":[{"@type":"ReadAction","target":["https:\/\/www.oneconcept.ro\/en\/product\/pompa-de-caldura-aer-apa-hitachi-yutaki-s-putere-de-24-kw-lichid-r410a-alimentare-trifazata-clasa-a\/"]}]},{"@type":"ImageObject","inLanguage":"en-US","@id":"https:\/\/www.oneconcept.ro\/en\/product\/pompa-de-caldura-aer-apa-hitachi-yutaki-s-putere-de-24-kw-lichid-r410a-alimentare-trifazata-clasa-a\/#primaryimage","url":"https:\/\/www.oneconcept.ro\/wp-content\/uploads\/2025\/05\/30539875.png","contentUrl":"https:\/\/www.oneconcept.ro\/wp-content\/uploads\/2025\/05\/30539875.png","width":1080,"height":1080},{"@type":"BreadcrumbList","@id":"https:\/\/www.oneconcept.ro\/en\/product\/pompa-de-caldura-aer-apa-hitachi-yutaki-s-putere-de-24-kw-lichid-r410a-alimentare-trifazata-clasa-a\/#breadcrumb","itemListElement":[{"@type":"ListItem","position":1,"name":"Prima pagin\u0103","item":"https:\/\/www.oneconcept.ro\/en\/home\/"},{"@type":"ListItem","position":2,"name":"Shop","item":"https:\/\/www.oneconcept.ro\/en\/shop-2\/"},{"@type":"ListItem","position":3,"name":"Pompa de caldura Aer-Apa Hitachi Yutaki S, putere de 24 kW, lichid R410A, alimentare trifazata, clasa A++"}]},{"@type":"WebSite","@id":"https:\/\/www.oneconcept.ro\/en\/#website","url":"https:\/\/www.oneconcept.ro\/en\/","name":"One Concept","description":"","publisher":{"@id":"https:\/\/www.oneconcept.ro\/en\/#organization"},"potentialAction":[{"@type":"SearchAction","target":{"@type":"EntryPoint","urlTemplate":"https:\/\/www.oneconcept.ro\/en\/?s={search_term_string}"},"query-input":{"@type":"PropertyValueSpecification","valueRequired":true,"valueName":"search_term_string"}}],"inLanguage":"en-US"},{"@type":"Organization","@id":"https:\/\/www.oneconcept.ro\/en\/#organization","name":"One Concept","url":"https:\/\/www.oneconcept.ro\/en\/","logo":{"@type":"ImageObject","inLanguage":"en-US","@id":"https:\/\/www.oneconcept.ro\/en\/#\/schema\/logo\/image\/","url":"https:\/\/www.oneconcept.ro\/wp-content\/uploads\/2025\/07\/cropped-v1.png","contentUrl":"https:\/\/www.oneconcept.ro\/wp-content\/uploads\/2025\/07\/cropped-v1.png","width":512,"height":512,"caption":"One Concept"},"image":{"@id":"https:\/\/www.oneconcept.ro\/en\/#\/schema\/logo\/image\/"}}]}},"_links":{"self":[{"href":"https:\/\/www.oneconcept.ro\/en\/wp-json\/wp\/v2\/product\/2627","targetHints":{"allow":["GET"]}}],"collection":[{"href":"https:\/\/www.oneconcept.ro\/en\/wp-json\/wp\/v2\/product"}],"about":[{"href":"https:\/\/www.oneconcept.ro\/en\/wp-json\/wp\/v2\/types\/product"}],"replies":[{"embeddable":true,"href":"https:\/\/www.oneconcept.ro\/en\/wp-json\/wp\/v2\/comments?post=2627"}],"wp:featuredmedia":[{"embeddable":true,"href":"https:\/\/www.oneconcept.ro\/en\/wp-json\/wp\/v2\/media\/451"}],"wp:attachment":[{"href":"https:\/\/www.oneconcept.ro\/en\/wp-json\/wp\/v2\/media?parent=2627"}],"wp:term":[{"taxonomy":"product_brand","embeddable":true,"href":"https:\/\/www.oneconcept.ro\/en\/wp-json\/wp\/v2\/product_brand?post=2627"},{"taxonomy":"product_cat","embeddable":true,"href":"https:\/\/www.oneconcept.ro\/en\/wp-json\/wp\/v2\/product_cat?post=2627"},{"taxonomy":"product_tag","embeddable":true,"href":"https:\/\/www.oneconcept.ro\/en\/wp-json\/wp\/v2\/product_tag?post=2627"}],"curies":[{"name":"wp","href":"https:\/\/api.w.org\/{rel}","templated":true}]}}